{"id":69265,"date":"2026-03-16T11:20:54","date_gmt":"2026-03-16T10:20:54","guid":{"rendered":"https:\/\/reformasbarcelona.info\/?page_id=69265"},"modified":"2026-03-26T18:10:54","modified_gmt":"2026-03-26T17:10:54","slug":"como-elegir-una-empresa-de-reformas-en-barcelona-guia-practica-y-fiable","status":"publish","type":"page","link":"https:\/\/reformasbarcelona.info\/en\/how-to-choose-a-renovation-company-in-barcelona-a-practical-and-reliable-guide\/","title":{"rendered":"How to choose a renovation company in Barcelona. A practical and reliable guide"},"content":{"rendered":"<p>Many online listings promise &#8220;best companies&#8221; based solely on reviews or what appears on the company&#8217;s own website. This can be misleading. Here we explain how to distinguish real reputation from marketing hype and what to ask for to hire with confidence.<\/p>\r\n<p><strong>Looking for a renovation company in Barcelona with real guarantees?<\/strong><\/p>\r\n<p>At <a href=\"https:\/\/reformasbarcelona.info\/en\"><span style=\"color: #0000ff;\">A. Barcelona Reform<\/span>as<\/a>, we prioritize transparency: our tax identification number (CIF), company registration certificate, liability insurance policy, in-house staff, and references are always available to the client. Don&#8217;t rely solely on reviews or photos: request documentation and verify the company&#8217;s years in business, number of employees, and insurance coverage. If you wish, we can send you all the documentation before the visit.<\/p>\r\n<p><strong>Red Flags<\/strong><\/p>\r\n<ul>\r\n<li>The company is not registered with the Companies Registry or its incorporation year is very recent, yet its website claims 20, 25, or 30 years of experience.<\/li>\r\n<li>They refuse or delay sending the company registration certificate or liability insurance policy.<\/li>\r\n<li>Demands high upfront payments without a contract (over 30% for small projects, more debatable for larger ones).<\/li>\r\n<li>Doesn&#8217;t have a physical address (only a mobile phone or &#8220;virtual office&#8221;).<\/li>\r\n<li>Vague budget or &#8220;fixed price&#8221; without itemized breakdowns.<\/li>\r\n<li>Offers too many reviews without verifiable information (no names, no photos of the work).<\/li>\r\n<li>Proposes cash payments or payments outside of the invoice.<\/li>\r\n<li>Insists on subcontracting without identifying who will actually do the work.<\/li>\r\n<\/ul>\r\n<p><strong>What guarantees to demand in renovation contracts (minimum requirements):<\/strong><\/p>\r\n<ul>\r\n<li>Completion timeline with milestones (clear dates).<\/li>\r\n<li>Reasonable and proportionate penalties for delays.<\/li>\r\n<li>Valid public liability insurance (amount specified).<\/li>\r\n<li>Warranty on the work (6 months\u20132 years for finishes; 10 years for structural damage if applicable).<\/li>\r\n<li>Delivery certificate with client approval and photos of the final work.\r\n<ul class=\"wp-block-list\"><!-- \/wp:list-item --><\/ul>\r\n<!-- \/wp:list -->\r\n\r\n<!-- wp:imagely\/nextgen-gallery -->\r\nngg_shortcode_2_placeholder\r\n<!-- \/wp:imagely\/nextgen-gallery -->\r\n\r\n<!-- wp:shortcode -->\r\n\n<div class=\"wpcf7 no-js\" id=\"wpcf7-f673-o3\" lang=\"en-US\" dir=\"ltr\" data-wpcf7-id=\"673\">\n<div class=\"screen-reader-response\"><p role=\"status\" aria-live=\"polite\" aria-atomic=\"true\"><\/p> <ul><\/ul><\/div>\n<form action=\"\/en\/wp-json\/wp\/v2\/pages\/69265#wpcf7-f673-o3\" method=\"post\" class=\"wpcf7-form init\" aria-label=\"Contact form\" novalidate=\"novalidate\" data-status=\"init\">\n<fieldset class=\"hidden-fields-container\"><input type=\"hidden\" name=\"_wpcf7\" value=\"673\" \/><input type=\"hidden\" name=\"_wpcf7_version\" value=\"6.1.5\" \/><input type=\"hidden\" name=\"_wpcf7_locale\" value=\"en_US\" \/><input type=\"hidden\" name=\"_wpcf7_unit_tag\" value=\"wpcf7-f673-o3\" \/><input type=\"hidden\" name=\"_wpcf7_container_post\" value=\"0\" \/><input type=\"hidden\" name=\"_wpcf7_posted_data_hash\" value=\"\" \/>\n<\/fieldset>\n<p>Nombre (requerido)\n<\/p>\n<p><span class=\"wpcf7-form-control-wrap\" data-name=\"your-name\"><input size=\"40\" maxlength=\"400\" class=\"wpcf7-form-control wpcf7-text wpcf7-validates-as-required\" aria-required=\"true\" aria-invalid=\"false\" value=\"\" type=\"text\" name=\"your-name\" \/><\/span>\n<\/p>\n<p>Correo Electr\u00f3nico (requerido)\n<\/p>\n<p><span class=\"wpcf7-form-control-wrap\" data-name=\"your-email\"><input size=\"40\" maxlength=\"400\" class=\"wpcf7-form-control wpcf7-email wpcf7-validates-as-required wpcf7-text wpcf7-validates-as-email\" aria-required=\"true\" aria-invalid=\"false\" value=\"\" type=\"email\" name=\"your-email\" \/><\/span>\n<\/p>\n<p>Tel\u00e9fono (requerido)\n<\/p>\n<p><span class=\"wpcf7-form-control-wrap\" data-name=\"your-phone\"><input size=\"40\" maxlength=\"400\" class=\"wpcf7-form-control wpcf7-text wpcf7-validates-as-required\" aria-required=\"true\" aria-invalid=\"false\" value=\"\" type=\"text\" name=\"your-phone\" \/><\/span>\n<\/p>\n<p>Asunto\n<\/p>\n<p><span class=\"wpcf7-form-control-wrap\" data-name=\"your-subject\"><input size=\"40\" maxlength=\"400\" class=\"wpcf7-form-control wpcf7-text\" aria-invalid=\"false\" value=\"\" type=\"text\" name=\"your-subject\" \/><\/span>\n<\/p>\n<p>Mensaje (requerido)\n<\/p>\n<p><span class=\"wpcf7-form-control-wrap\" data-name=\"your-message\"><textarea cols=\"40\" rows=\"10\" maxlength=\"2000\" class=\"wpcf7-form-control wpcf7-textarea wpcf7-validates-as-required\" aria-required=\"true\" aria-invalid=\"false\" name=\"your-message\"><\/textarea><\/span>\n<\/p>\n<p><span class=\"wpcf7-form-control-wrap\" data-name=\"acceptance-460\"><span class=\"wpcf7-form-control wpcf7-acceptance\"><span class=\"wpcf7-list-item\"><label><input type=\"checkbox\" name=\"acceptance-460\" value=\"1\" aria-invalid=\"false\" \/><span class=\"wpcf7-list-item-label\">Acepto la <a target=\"_blank\" rel=\"nofollow\" href=\"https:\/\/reformasbarcelona.info\/ca\/politica-de-privacitat\/\">pol\u00edtica de privacidad<\/a> (requerido)<\/span><\/label><\/span><\/span><\/span>\n<\/p>\n<p><input class=\"wpcf7-form-control wpcf7-submit has-spinner\" type=\"submit\" value=\"Enviar\" \/>\n<\/p>\n<tt>De acuerdo con el Reglamento General de Protecci\u00f3n de Datos (RGPD)y la LOPDGDD, informamos sobre el tratamiento de sus datos:\nResponsable: A. Barcelona Reformas s.l..\nFinalidad: Gestionar las solicitudes de presupuesto, consultas y servicios de reforma solicitados a trav\u00e9s de nuestros formularios.\nLegitimaci\u00f3n: El consentimiento expreso del usuario al marcar la casilla de aceptaci\u00f3n.\nConservaci\u00f3n: Los datos se conservar\u00e1n mientras dure la relaci\u00f3n comercial o durante los a\u00f1os necesarios para cumplir con las obligaciones legales.\nDestinatarios: No se ceder\u00e1n datos a terceros salvo obligaci\u00f3n legal o necesidad t\u00e9cnica para la ejecuci\u00f3n de la obra.\nDerechos: Puede ejercer sus derechos de acceso, rectificaci\u00f3n, supresi\u00f3n y portabilidad enviando un correo a barcelonareformas@yahoo.es.\nSi considera que sus datos no son tratados correctamente, puede dirigir sus reclamaciones a la Agencia Espa\u00f1ola de Protecci\u00f3n de Datos (AEPD).\n<\/tt><p style=\"display: none !important;\" class=\"akismet-fields-container\" data-prefix=\"_wpcf7_ak_\"><label>&#916;<textarea name=\"_wpcf7_ak_hp_textarea\" cols=\"45\" rows=\"8\" maxlength=\"100\"><\/textarea><\/label><input type=\"hidden\" id=\"ak_js_3\" name=\"_wpcf7_ak_js\" value=\"41\"\/><script>document.getElementById( \"ak_js_3\" ).setAttribute( \"value\", ( new Date() ).getTime() );<\/script><\/p><div class=\"wpcf7-response-output\" aria-hidden=\"true\"><\/div>\n<\/form>\n<\/div>\n\r\n<\/li>\r\n<\/ul>","protected":false},"excerpt":{"rendered":"<p>Many online listings promise &#8220;best companies&#8221; based solely on reviews or what appears on the <\/p>\n","protected":false},"author":2,"featured_media":13449,"parent":0,"menu_order":0,"comment_status":"closed","ping_status":"closed","template":"","meta":{"_seopress_robots_primary_cat":"","_seopress_titles_title":"How to Choose a Renovation Company in Barcelona | Guide and Tips","_seopress_titles_desc":"Avoid scams and delays. Learn how to choose the best renovation company in Barcelona with our practical guide. What to ask, how to compare quotes and guarantees","_seopress_robots_index":"","ngg_post_thumbnail":0,"_ayudawp_aiss_exclude":false,"footnotes":""},"class_list":["post-69265","page","type-page","status-publish","has-post-thumbnail"],"_links":{"self":[{"href":"https:\/\/reformasbarcelona.info\/en\/wp-json\/wp\/v2\/pages\/69265","targetHints":{"allow":["GET"]}}],"collection":[{"href":"https:\/\/reformasbarcelona.info\/en\/wp-json\/wp\/v2\/pages"}],"about":[{"href":"https:\/\/reformasbarcelona.info\/en\/wp-json\/wp\/v2\/types\/page"}],"author":[{"embeddable":true,"href":"https:\/\/reformasbarcelona.info\/en\/wp-json\/wp\/v2\/users\/2"}],"replies":[{"embeddable":true,"href":"https:\/\/reformasbarcelona.info\/en\/wp-json\/wp\/v2\/comments?post=69265"}],"version-history":[{"count":1,"href":"https:\/\/reformasbarcelona.info\/en\/wp-json\/wp\/v2\/pages\/69265\/revisions"}],"predecessor-version":[{"id":78285,"href":"https:\/\/reformasbarcelona.info\/en\/wp-json\/wp\/v2\/pages\/69265\/revisions\/78285"}],"wp:featuredmedia":[{"embeddable":true,"href":"https:\/\/reformasbarcelona.info\/en\/wp-json\/wp\/v2\/media\/13449"}],"wp:attachment":[{"href":"https:\/\/reformasbarcelona.info\/en\/wp-json\/wp\/v2\/media?parent=69265"}],"curies":[{"name":"wp","href":"https:\/\/api.w.org\/{rel}","templated":true}]}}