{"id":39647,"date":"2026-03-05T10:20:30","date_gmt":"2026-03-05T09:20:30","guid":{"rendered":"https:\/\/reformasbarcelona.info\/?page_id=39647"},"modified":"2026-03-17T18:18:13","modified_gmt":"2026-03-17T17:18:13","slug":"arquitectos-barcelona","status":"publish","type":"page","link":"https:\/\/reformasbarcelona.info\/en\/architects-barcelona\/","title":{"rendered":"Architects Barcelona"},"content":{"rendered":"<p>&nbsp;<\/p>\r\n<figure class=\"wp-block-image size-full\"><a href=\"https:\/\/reformasbarcelona.info\/wp-content\/uploads\/2022\/04\/fNUEVE-studio.jpg\"><img decoding=\"async\" width=\"400\" height=\"154\" src=\"https:\/\/reformasbarcelona.info\/wp-content\/uploads\/2022\/04\/fNUEVE-studio.jpg\" alt=\"\" class=\"wp-image-39715\" srcset=\"https:\/\/reformasbarcelona.info\/wp-content\/uploads\/2022\/04\/fNUEVE-studio.jpg 400w, https:\/\/reformasbarcelona.info\/wp-content\/uploads\/2022\/04\/fNUEVE-studio-300x116.jpg 300w\" sizes=\"(max-width: 400px) 100vw, 400px\" \/><\/a><\/figure>\r\n\r\n\r\n\r\n<p><\/p>\r\n\r\n\r\n\r\n<p> In A. Barcelona Reformas s.l. we work with the best. For this reason, we collaborate with Fnueve Studio, a group of highly talented architects from Barcelona, \u200b\u200bwith whom we have collaborated on many projects.<\/p>\r\n\r\n\r\n\r\n<p id=\"tw-target-text\"><a href=\"https:\/\/fnueve.com\/\">Fnueve Studio<\/a> Arquitectos is an architecture office located C\/ Doctor Gregorio Mara\u00f1\u00f3n 20, Second Floor 08904 L&#8217;Hospitalet de Llobregat, founded by Judith Crespo and Manuel de la Pe\u00f1a.<\/p>\r\n\r\n\r\n\r\n<p id=\"tw-target-text\">The office offers services such a architecture projects, interior design, engineering and much more. <\/p>\r\n\r\n\r\n\r\n<p id=\"tw-target-text\">Thanks to their experience and professionalism, you will be able to enjoy the best renovations and the best finishes for your apartment or home.<\/p>\r\n\r\n\r\n\r\nngg_shortcode_2_placeholder\r\n\r\n\r\n\r\nngg_shortcode_3_placeholder\r\n<!-- \/wp:paragraph --><!-- wp:post-content --><!-- wp:image {\"id\":39715,\"sizeSlug\":\"full\",\"linkDestination\":\"media\"} -->\r\n<figure class=\"wp-block-image size-full\"><a href=\"https:\/\/reformasbarcelona.info\/wp-content\/uploads\/2022\/04\/fNUEVE-studio.jpg\"><img decoding=\"async\" width=\"400\" height=\"154\" src=\"https:\/\/reformasbarcelona.info\/wp-content\/uploads\/2022\/04\/fNUEVE-studio.jpg\" alt=\"\" class=\"wp-image-39715\" srcset=\"https:\/\/reformasbarcelona.info\/wp-content\/uploads\/2022\/04\/fNUEVE-studio.jpg 400w, https:\/\/reformasbarcelona.info\/wp-content\/uploads\/2022\/04\/fNUEVE-studio-300x116.jpg 300w\" sizes=\"(max-width: 400px) 100vw, 400px\" \/><\/a><\/figure>\r\n<!-- \/wp:image -->\r\n\r\n<!-- wp:paragraph -->\r\n<p><\/p>\r\n<!-- \/wp:paragraph -->\r\n\r\n<!-- wp:paragraph -->\r\n<p> In A. Barcelona Reformas s.l. we work with the best. For this reason, we collaborate with Fnueve Studio, a group of highly talented architects from Barcelona, \u200b\u200bwith whom we have collaborated on many projects.<\/p>\r\n<!-- \/wp:paragraph -->\r\n\r\n<!-- wp:paragraph -->\r\n<p id=\"tw-target-text\"><a href=\"https:\/\/fnueve.com\/\">Fnueve Studio<\/a> Arquitectos is an architecture office located C\/ Doctor Gregorio Mara\u00f1\u00f3n 20, Second Floor 08904 L&#8217;Hospitalet de Llobregat, founded by Judith Crespo and Manuel de la Pe\u00f1a.<\/p>\r\n<!-- \/wp:paragraph -->\r\n\r\n<!-- wp:paragraph -->\r\n<p id=\"tw-target-text\">The office offers services such a architecture projects, interior design, engineering and much more. <\/p>\r\n<!-- \/wp:paragraph -->\r\n\r\n<!-- wp:paragraph -->\r\n<p id=\"tw-target-text\">Thanks to their experience and professionalism, you will be able to enjoy the best renovations and the best finishes for your apartment or home.<\/p>\r\n<!-- \/wp:paragraph -->\r\n\r\n<!-- wp:imagely\/nextgen-gallery -->\r\nngg_shortcode_8_placeholder\r\n<!-- \/wp:imagely\/nextgen-gallery -->\r\n\r\n<!-- wp:imagely\/nextgen-gallery -->\r\nngg_shortcode_9_placeholder\r\n<!-- \/wp:imagely\/nextgen-gallery --><!-- \/wp:post-content -->","protected":false},"excerpt":{"rendered":"<p>Sorry, this entry is only available in Espa\u00f1ol.<\/p>\n","protected":false},"author":2,"featured_media":0,"parent":0,"menu_order":0,"comment_status":"closed","ping_status":"closed","template":"","meta":{"_seopress_robots_primary_cat":"","_seopress_titles_title":"Architects in Barcelona | Renovation Projects and Permits","_seopress_titles_desc":"Looking for an architect in Barcelona? We create comprehensive renovation projects, occupancy permits, and building licenses. Functional design with expert technical management. Contact us about your project!","_seopress_robots_index":"","ngg_post_thumbnail":0,"_ayudawp_aiss_exclude":false,"footnotes":""},"class_list":["post-39647","page","type-page","status-publish"],"_links":{"self":[{"href":"https:\/\/reformasbarcelona.info\/en\/wp-json\/wp\/v2\/pages\/39647","targetHints":{"allow":["GET"]}}],"collection":[{"href":"https:\/\/reformasbarcelona.info\/en\/wp-json\/wp\/v2\/pages"}],"about":[{"href":"https:\/\/reformasbarcelona.info\/en\/wp-json\/wp\/v2\/types\/page"}],"author":[{"embeddable":true,"href":"https:\/\/reformasbarcelona.info\/en\/wp-json\/wp\/v2\/users\/2"}],"replies":[{"embeddable":true,"href":"https:\/\/reformasbarcelona.info\/en\/wp-json\/wp\/v2\/comments?post=39647"}],"version-history":[{"count":4,"href":"https:\/\/reformasbarcelona.info\/en\/wp-json\/wp\/v2\/pages\/39647\/revisions"}],"predecessor-version":[{"id":78134,"href":"https:\/\/reformasbarcelona.info\/en\/wp-json\/wp\/v2\/pages\/39647\/revisions\/78134"}],"wp:attachment":[{"href":"https:\/\/reformasbarcelona.info\/en\/wp-json\/wp\/v2\/media?parent=39647"}],"curies":[{"name":"wp","href":"https:\/\/api.w.org\/{rel}","templated":true}]}}