{"id":33,"date":"2009-09-18T18:17:10","date_gmt":"2009-09-18T16:17:10","guid":{"rendered":"http:\/\/localhost\/reformasbarcelona\/web\/?page_id=33"},"modified":"2026-03-19T11:20:58","modified_gmt":"2026-03-19T10:20:58","slug":"videos","status":"publish","type":"page","link":"https:\/\/reformasbarcelona.info\/en\/barcelona-remodelations-video-gallery\/","title":{"rendered":"Barcelona remodelations Video Gallery"},"content":{"rendered":"<p><\/p>\n<h3>Some of our videos<\/h3>\n<h3>Complete refurbishment&nbsp;<span style=\"font-size: 16px;\">62m2 Apartment<\/span> Carrer Constituci\u00f3 Barcelona<\/h3>\n<p><iframe src=\"https:\/\/www.youtube.com\/embed\/eN9GkvnBrLQ\" width=\"400\" height=\"200\" frameborder=\"0\" allowfullscreen=\"allowfullscreen\" data-mce-fragment=\"1\"><\/iframe><\/p>\n<h3>Complete refurbishment&nbsp;<span style=\"font-size: 16px;\">Apartment 92 m2 Barcelona Carrer Sant Eusebi. The work lasted 8 weeks<\/span><\/h3>\n<p><iframe src=\"https:\/\/www.youtube.com\/embed\/G8KLkgbcN_A\" width=\"400\" height=\"300\" frameborder=\"0\" allowfullscreen=\"allowfullscreen\" data-mce-fragment=\"1\"><\/iframe><\/p>\n<h3>Complete refurbishment&nbsp;<span style=\"font-size: 16px;\">Apartment&nbsp;<\/span><span style=\"font-size: 16px;\">55 m2 Carrer Riera de Tena Barcelona.<\/span><\/h3>\n<p><iframe src=\"https:\/\/www.youtube.com\/embed\/MQxLX4jCT94\" width=\"400\" height=\"300\" frameborder=\"0\" allowfullscreen=\"allowfullscreen\" data-mce-fragment=\"1\"><\/iframe><\/p>\n<h3>Complete refurbishment&nbsp;<span style=\"font-size: 16px;\">145 m2&nbsp;<\/span><span style=\"font-size: 16px;\">Apartment&nbsp;<\/span><span style=\"font-size: 16px;\">Monterols Carrer Tur\u00f3 of Barcelona.The work lasted 13 weeks<\/span><\/h3>\n<p><iframe src=\"https:\/\/www.youtube.com\/embed\/dC5ZLXviz9E\" width=\"400\" height=\"300\" frameborder=\"0\" allowfullscreen=\"allowfullscreen\" data-mce-fragment=\"1\"><\/iframe><br \/>\n<iframe src=\"https:\/\/www.youtube.com\/embed\/AqujsHN57gs\" width=\"400\" height=\"300\" frameborder=\"0\" allowfullscreen=\"allowfullscreen\" data-mce-fragment=\"1\"><span data-mce-type=\"bookmark\" style=\"display: inline-block; width: 0px; overflow: hidden; line-height: 0;\" class=\"mce_SELRES_start\">\ufeff<\/span><\/iframe><\/p>\n<h2><iframe src=\"https:\/\/www.youtube.com\/embed\/1ToXRoyhoKM\" width=\"400\" height=\"300\" frameborder=\"0\" allowfullscreen=\"allowfullscreen\" data-mce-fragment=\"1\"><\/iframe>&nbsp;<\/h2>\n<h3>Complete refurbishment&nbsp;Caballers&nbsp;<span style=\"font-size: 16px;\">Apartment&nbsp;<\/span><span style=\"font-size: 16px;\">88 m2 Barcelona Carrer. The work lasted 9 weeks<\/span><\/h3>\n<p><iframe src=\"https:\/\/www.youtube.com\/embed\/zgkiBcTGhWU\" width=\"400\" height=\"300\" frameborder=\"0\" allowfullscreen=\"allowfullscreen\" data-mce-fragment=\"1\"><span data-mce-type=\"bookmark\" style=\"display: inline-block; width: 0px; overflow: hidden; line-height: 0;\" class=\"mce_SELRES_start\">\ufeff<\/span><\/iframe><\/p>\n<p>If you are interested in having a totally closed apartment renovation budget, no surprises,&nbsp; no commitment &amp; free, please complete the following fields:<\/p>\n<p>\n<div class=\"wpcf7 no-js\" id=\"wpcf7-f852-o3\" lang=\"en-US\" dir=\"ltr\" data-wpcf7-id=\"852\">\n<div class=\"screen-reader-response\"><p role=\"status\" aria-live=\"polite\" aria-atomic=\"true\"><\/p> <ul><\/ul><\/div>\n<form action=\"\/en\/wp-json\/wp\/v2\/pages\/33#wpcf7-f852-o3\" method=\"post\" class=\"wpcf7-form init\" aria-label=\"Contact form\" novalidate=\"novalidate\" data-status=\"init\">\n<fieldset class=\"hidden-fields-container\"><input type=\"hidden\" name=\"_wpcf7\" value=\"852\" \/><input type=\"hidden\" name=\"_wpcf7_version\" value=\"6.1.5\" \/><input type=\"hidden\" name=\"_wpcf7_locale\" value=\"en_US\" \/><input type=\"hidden\" name=\"_wpcf7_unit_tag\" value=\"wpcf7-f852-o3\" \/><input type=\"hidden\" name=\"_wpcf7_container_post\" value=\"0\" \/><input type=\"hidden\" name=\"_wpcf7_posted_data_hash\" value=\"\" \/>\n<\/fieldset>\n<p>Tu nombre (requerido)\n<\/p>\n<p><span class=\"wpcf7-form-control-wrap\" data-name=\"your-name\"><input size=\"40\" maxlength=\"400\" class=\"wpcf7-form-control wpcf7-text wpcf7-validates-as-required\" aria-required=\"true\" aria-invalid=\"false\" value=\"\" type=\"text\" name=\"your-name\" \/><\/span>\n<\/p>\n<p>Tu Email (requerido)\n<\/p>\n<p><span class=\"wpcf7-form-control-wrap\" data-name=\"your-email\"><input size=\"40\" maxlength=\"400\" class=\"wpcf7-form-control wpcf7-email wpcf7-validates-as-required wpcf7-text wpcf7-validates-as-email\" aria-required=\"true\" aria-invalid=\"false\" value=\"\" type=\"email\" name=\"your-email\" \/><\/span>\n<\/p>\n<p>Tu Tel\u00e9fono (Requerido: Te llamaremos para darte el presupuesto)\n<\/p>\n<p><span class=\"wpcf7-form-control-wrap\" data-name=\"telefono\"><input size=\"40\" maxlength=\"400\" class=\"wpcf7-form-control wpcf7-text wpcf7-validates-as-required\" aria-required=\"true\" aria-invalid=\"false\" value=\"\" type=\"text\" name=\"telefono\" \/><\/span>\n<\/p>\n<p>Direcci\u00f3n (Requerido, para saber d\u00f3nde nos tenemos que trasladar)\n<\/p>\n<p><span class=\"wpcf7-form-control-wrap\" data-name=\"your-subject\"><input size=\"40\" maxlength=\"400\" class=\"wpcf7-form-control wpcf7-text wpcf7-validates-as-required\" aria-required=\"true\" aria-invalid=\"false\" value=\"\" type=\"text\" name=\"your-subject\" \/><\/span>\n<\/p>\n<p>Descripci\u00f3n de la obra (requerido)\n<\/p>\n<p><span class=\"wpcf7-form-control-wrap\" data-name=\"description\"><textarea cols=\"40\" rows=\"10\" maxlength=\"2000\" class=\"wpcf7-form-control wpcf7-textarea wpcf7-validates-as-required\" aria-required=\"true\" aria-invalid=\"false\" name=\"description\"><\/textarea><\/span>\n<\/p>\n<p>Metros cuadrados de la obra\n<\/p>\n<p><span class=\"wpcf7-form-control-wrap\" data-name=\"metros\"><input size=\"40\" maxlength=\"400\" class=\"wpcf7-form-control wpcf7-text\" aria-invalid=\"false\" value=\"\" type=\"text\" name=\"metros\" \/><\/span>\n<\/p>\n<p>Partes a reformar (Requerido: Selecciona una al menos)\n<\/p>\n<p><span class=\"wpcf7-form-control-wrap\" data-name=\"reformar\"><span class=\"wpcf7-form-control wpcf7-checkbox wpcf7-validates-as-required\"><span class=\"wpcf7-list-item first\"><input type=\"checkbox\" name=\"reformar[]\" value=\"Cocina\" \/><span class=\"wpcf7-list-item-label\">Cocina<\/span><\/span><span class=\"wpcf7-list-item\"><input type=\"checkbox\" name=\"reformar[]\" value=\"Ba\u00f1o\" \/><span class=\"wpcf7-list-item-label\">Ba\u00f1o<\/span><\/span><span class=\"wpcf7-list-item\"><input type=\"checkbox\" name=\"reformar[]\" value=\"Sal\u00f3n\" \/><span class=\"wpcf7-list-item-label\">Sal\u00f3n<\/span><\/span><span class=\"wpcf7-list-item\"><input type=\"checkbox\" name=\"reformar[]\" value=\"Comedor\" \/><span class=\"wpcf7-list-item-label\">Comedor<\/span><\/span><span class=\"wpcf7-list-item\"><input type=\"checkbox\" name=\"reformar[]\" value=\"Habitaci\u00f3n\" \/><span class=\"wpcf7-list-item-label\">Habitaci\u00f3n<\/span><\/span><span class=\"wpcf7-list-item\"><input type=\"checkbox\" name=\"reformar[]\" value=\"Local\" \/><span class=\"wpcf7-list-item-label\">Local<\/span><\/span><span class=\"wpcf7-list-item\"><input type=\"checkbox\" name=\"reformar[]\" value=\"Oficina\" \/><span class=\"wpcf7-list-item-label\">Oficina<\/span><\/span><span class=\"wpcf7-list-item last\"><input type=\"checkbox\" name=\"reformar[]\" value=\"Nave\" \/><span class=\"wpcf7-list-item-label\">Nave<\/span><\/span><\/span><\/span>\n<\/p>\n<p>Tipo de reforma (Requerido: Selecciona uno al menos)\n<\/p>\n<p><span class=\"wpcf7-form-control-wrap\" data-name=\"tipo\"><span class=\"wpcf7-form-control wpcf7-checkbox wpcf7-validates-as-required\"><span class=\"wpcf7-list-item first\"><label><input type=\"checkbox\" name=\"tipo[]\" value=\"Reforma Integral\" \/><span class=\"wpcf7-list-item-label\">Reforma Integral<\/span><\/label><\/span><span class=\"wpcf7-list-item\"><label><input type=\"checkbox\" name=\"tipo[]\" value=\"Electricidad\" \/><span class=\"wpcf7-list-item-label\">Electricidad<\/span><\/label><\/span><span class=\"wpcf7-list-item\"><label><input type=\"checkbox\" name=\"tipo[]\" value=\"Calefacci\u00f3n\" \/><span class=\"wpcf7-list-item-label\">Calefacci\u00f3n<\/span><\/label><\/span><span class=\"wpcf7-list-item\"><label><input type=\"checkbox\" name=\"tipo[]\" value=\"Aire Acondicionado\" \/><span class=\"wpcf7-list-item-label\">Aire Acondicionado<\/span><\/label><\/span><span class=\"wpcf7-list-item\"><label><input type=\"checkbox\" name=\"tipo[]\" value=\"Fontaner\u00eda\" \/><span class=\"wpcf7-list-item-label\">Fontaner\u00eda<\/span><\/label><\/span><span class=\"wpcf7-list-item\"><label><input type=\"checkbox\" name=\"tipo[]\" value=\"Carpinter\u00eda aluminio\" \/><span class=\"wpcf7-list-item-label\">Carpinter\u00eda aluminio<\/span><\/label><\/span><span class=\"wpcf7-list-item\"><label><input type=\"checkbox\" name=\"tipo[]\" value=\"Pintura\" \/><span class=\"wpcf7-list-item-label\">Pintura<\/span><\/label><\/span><span class=\"wpcf7-list-item\"><label><input type=\"checkbox\" name=\"tipo[]\" value=\"Suelos (parket)\" \/><span class=\"wpcf7-list-item-label\">Suelos (parket)<\/span><\/label><\/span><span class=\"wpcf7-list-item\"><label><input type=\"checkbox\" name=\"tipo[]\" value=\"demoliciones\" \/><span class=\"wpcf7-list-item-label\">demoliciones<\/span><\/label><\/span><span class=\"wpcf7-list-item\"><label><input type=\"checkbox\" name=\"tipo[]\" value=\"paredes\" \/><span class=\"wpcf7-list-item-label\">paredes<\/span><\/label><\/span><span class=\"wpcf7-list-item\"><label><input type=\"checkbox\" name=\"tipo[]\" value=\"Carpinter\u00eda de madera\" \/><span class=\"wpcf7-list-item-label\">Carpinter\u00eda de madera<\/span><\/label><\/span><span class=\"wpcf7-list-item last\"><label><input type=\"checkbox\" name=\"tipo[]\" value=\"Otros\" \/><span class=\"wpcf7-list-item-label\">Otros<\/span><\/label><\/span><\/span><\/span>\n<\/p>\n<p>Tu presupuesto aproximado (Requerido: Dinos cu\u00e1nto te puedes gastar para que podamos asesorarte mejor)\n<\/p>\n<p><span class=\"wpcf7-form-control-wrap\" data-name=\"presupuesto\"><input size=\"40\" maxlength=\"400\" class=\"wpcf7-form-control wpcf7-text wpcf7-validates-as-required\" aria-required=\"true\" aria-invalid=\"false\" value=\"\" type=\"text\" name=\"presupuesto\" \/><\/span>\n<\/p>\n<p>Fechas para la reforma: Cu\u00e1ndo te gustar\u00eda que empez\u00e1semos a reformar.\n<\/p>\n<p><span class=\"wpcf7-form-control-wrap\" data-name=\"fechas\"><input size=\"40\" maxlength=\"400\" class=\"wpcf7-form-control wpcf7-text\" aria-invalid=\"false\" value=\"\" type=\"text\" name=\"fechas\" \/><\/span>\n<\/p>\n<p><span class=\"wpcf7-form-control-wrap\" data-name=\"acceptance-208\"><span class=\"wpcf7-form-control wpcf7-acceptance\"><span class=\"wpcf7-list-item\"><label><input type=\"checkbox\" name=\"acceptance-208\" value=\"1\" aria-invalid=\"false\" \/><span class=\"wpcf7-list-item-label\">Acepto la <a target=\"_blank\" rel=\"nofollow\" href=\"https:\/\/reformasbarcelona.info\/ca\/politica-de-privacitat\/\">pol\u00edtica de privacidad<\/a> (requerido)<\/span><\/label><\/span><\/span><\/span>\n<\/p>\n<p><input class=\"wpcf7-form-control wpcf7-submit has-spinner\" type=\"submit\" value=\"Enviar\" \/>\n<\/p>\n<tt>De acuerdo con el Reglamento General de Protecci\u00f3n de Datos (RGPD)y la LOPDGDD, informamos sobre el tratamiento de sus datos:\nResponsable: A. Barcelona Reformas s.l..\nFinalidad: Gestionar las solicitudes de presupuesto, consultas y servicios de reforma solicitados a trav\u00e9s de nuestros formularios.\nLegitimaci\u00f3n: El consentimiento expreso del usuario al marcar la casilla de aceptaci\u00f3n.\nConservaci\u00f3n: Los datos se conservar\u00e1n mientras dure la relaci\u00f3n comercial o durante los a\u00f1os necesarios para cumplir con las obligaciones legales.\nDestinatarios: No se ceder\u00e1n datos a terceros salvo obligaci\u00f3n legal o necesidad t\u00e9cnica para la ejecuci\u00f3n de la obra.\nDerechos: Puede ejercer sus derechos de acceso, rectificaci\u00f3n, supresi\u00f3n y portabilidad enviando un correo a barcelonareformas@yahoo.es.\nSi considera que sus datos no son tratados correctamente, puede dirigir sus reclamaciones a la Agencia Espa\u00f1ola de Protecci\u00f3n de Datos (AEPD).\n<\/tt><p style=\"display: none !important;\" class=\"akismet-fields-container\" data-prefix=\"_wpcf7_ak_\"><label>&#916;<textarea name=\"_wpcf7_ak_hp_textarea\" cols=\"45\" rows=\"8\" maxlength=\"100\"><\/textarea><\/label><input type=\"hidden\" id=\"ak_js_3\" name=\"_wpcf7_ak_js\" value=\"165\"\/><script>document.getElementById( \"ak_js_3\" ).setAttribute( \"value\", ( new Date() ).getTime() );<\/script><\/p><div class=\"wpcf7-response-output\" aria-hidden=\"true\"><\/div>\n<\/form>\n<\/div>\n<\/p>","protected":false},"excerpt":{"rendered":"<p>Some of our videos Complete refurbishment&nbsp;62m2 Apartment Carrer Constituci\u00f3 Barcelona Complete refurbishment&nbsp;Apartment 92 m2 Barcelona <\/p>\n","protected":false},"author":2,"featured_media":13446,"parent":0,"menu_order":0,"comment_status":"closed","ping_status":"open","template":"","meta":{"_seopress_robots_primary_cat":"","_seopress_titles_title":"","_seopress_titles_desc":"","_seopress_robots_index":"","ngg_post_thumbnail":0,"_ayudawp_aiss_exclude":false,"footnotes":""},"class_list":["post-33","page","type-page","status-publish","has-post-thumbnail"],"_links":{"self":[{"href":"https:\/\/reformasbarcelona.info\/en\/wp-json\/wp\/v2\/pages\/33","targetHints":{"allow":["GET"]}}],"collection":[{"href":"https:\/\/reformasbarcelona.info\/en\/wp-json\/wp\/v2\/pages"}],"about":[{"href":"https:\/\/reformasbarcelona.info\/en\/wp-json\/wp\/v2\/types\/page"}],"author":[{"embeddable":true,"href":"https:\/\/reformasbarcelona.info\/en\/wp-json\/wp\/v2\/users\/2"}],"replies":[{"embeddable":true,"href":"https:\/\/reformasbarcelona.info\/en\/wp-json\/wp\/v2\/comments?post=33"}],"version-history":[{"count":1,"href":"https:\/\/reformasbarcelona.info\/en\/wp-json\/wp\/v2\/pages\/33\/revisions"}],"predecessor-version":[{"id":78296,"href":"https:\/\/reformasbarcelona.info\/en\/wp-json\/wp\/v2\/pages\/33\/revisions\/78296"}],"wp:featuredmedia":[{"embeddable":true,"href":"https:\/\/reformasbarcelona.info\/en\/wp-json\/wp\/v2\/media\/13446"}],"wp:attachment":[{"href":"https:\/\/reformasbarcelona.info\/en\/wp-json\/wp\/v2\/media?parent=33"}],"curies":[{"name":"wp","href":"https:\/\/api.w.org\/{rel}","templated":true}]}}