{"id":2028,"date":"2026-03-02T07:50:21","date_gmt":"2026-03-02T06:50:21","guid":{"rendered":"http:\/\/reformasbarcelona.info\/?page_id=2028"},"modified":"2026-03-19T11:19:31","modified_gmt":"2026-03-19T10:19:31","slug":"reformas-oficinas-barcelona","status":"publish","type":"page","link":"https:\/\/reformasbarcelona.info\/en\/moving-and-office-remodelations\/","title":{"rendered":"Moving and Office remodelations"},"content":{"rendered":"<p><\/p>\n<p style=\"text-align: justify;\">Barcelona Reformas is&nbsp;specialized in providing comprehensive services for offices. We guide and advise the company on the whole process, from the selection of the office, moving, checking facilities and equipment, wiring, plumbing, installation, networking and security. Accompanied the company since the time of taking the decision to seek a new office until the last employee is working satisfactorily. Our support consists of different phases: Advice on finding:<\/p>\n<p style=\"text-align: justify;\">&nbsp; &nbsp; &nbsp; &nbsp; &nbsp; &nbsp; &nbsp; &nbsp; &nbsp; &nbsp; &nbsp; &nbsp; &nbsp; &nbsp; &nbsp; &nbsp; &nbsp; &nbsp; &nbsp; &nbsp; &nbsp; &nbsp; &nbsp; &nbsp; &nbsp; &nbsp; &nbsp; &nbsp; &nbsp; &nbsp; &nbsp; &nbsp; &nbsp; &nbsp; &nbsp; &nbsp; &nbsp; &nbsp;<a href=\"https:\/\/reformasbarcelona.info\/wp-content\/uploads\/2014\/07\/Reformas-de-oficinas.jpeg\"><img decoding=\"async\" class=\"alignnone wp-image-6897 size-full\" src=\"https:\/\/reformasbarcelona.info\/wp-content\/uploads\/2014\/07\/Reformas-de-oficinas.jpeg\" alt=\"Reformas de oficinas\" width=\"275\" height=\"183\"><\/a>&nbsp; &nbsp; &nbsp; &nbsp; &nbsp; &nbsp; &nbsp; &nbsp; &nbsp; &nbsp; &nbsp; &nbsp; &nbsp; &nbsp; &nbsp;<a href=\"https:\/\/reformasbarcelona.info\/reformas-de-oficinas-en-barcelona\/new-design-call-center-cubicles\/\" rel=\"attachment wp-att-13348\"><img decoding=\"async\" class=\"alignnone wp-image-13348\" src=\"https:\/\/reformasbarcelona.info\/wp-content\/uploads\/2014\/07\/New-Design-Call-Center-Cubicles-300x200.jpg\" alt=\"new-design-call-center-cubicles\" width=\"275\" height=\"183\" srcset=\"https:\/\/reformasbarcelona.info\/wp-content\/uploads\/2014\/07\/New-Design-Call-Center-Cubicles-300x200.jpg 300w, https:\/\/reformasbarcelona.info\/wp-content\/uploads\/2014\/07\/New-Design-Call-Center-Cubicles.jpg 640w\" sizes=\"(max-width: 275px) 100vw, 275px\" \/><\/a><\/p>\n<h3 id=\"tw-target-text\" class=\"tw-data-text tw-ta tw-text-medium\" dir=\"ltr\" data-placeholder=\"Traducci\u00f3n\"><span lang=\"en\">Advice in the search of <\/span>Office<\/h3>\n<p style=\"text-align: justify;\">We have worked with dozens of companies with between 10 and 200 employees, and put this knowledge at your disposal when it comes to choosing the right office, both advisory price, contract terms, distribution and potential works. An office may seem perfect at first but in the long term problems arise or otherwise, may be more profitable office a cheaper price and invest in reform style to condition our company<\/p>\n<h3 style=\"text-align: justify;\">Building<\/h3>\n<p style=\"text-align: justify;\">We will condition as office spaces and facilities to meet the requirements your business needs. We handle the management with the community, building permits and services, either water, electricity, gas and telephone connections and internet large open spaces, offices, bricklaying, partitions, aluminum, conference presentations, meetings or resting areas such as kitchens and cafeterias longer needed. We ensure the quality of materials, both existing and previously installed. Both masonry, carpentry or lampister\u00eda<\/p>\n<h3 style=\"text-align: justify;\">Installing Network and Communications<\/h3>\n<p style=\"text-align: justify;\">Like any office,<span lang=\"en\">it will be necessary to have telephone and internet connectivity to all its workers<\/span>.&nbsp;<span lang=\"en\">Our network installation operators will be able to certify the current installation if it exists, adapt it or create it again<\/span>.&nbsp;<span lang=\"en\">We install the wiring according to your budget and needs and we will help you choose the provider that best suits your needs We will install a rack of communications (Rack) and we will perform all the patching<\/span>. Whether you do not have computer as if he needs advice or support, we can help you acquire or configure all network equipment. Installation of routers, switches, private networks, etc..<\/p>\n<h3 style=\"text-align: justify;\">Safety Advisory and management<\/h3>\n<p id=\"tw-target-text\" class=\"tw-data-text tw-ta tw-text-small\" dir=\"ltr\" data-placeholder=\"Traducci\u00f3n\"><span lang=\"en\">Advice and management of&nbsp;<\/span>installation of safety equipment. Control panels, panel codes, input and output cards, video surveillance systems, etc.. We installed the system according to your needs and give you training so you can make your own simple maintenance team.<\/p>\n<h3 style=\"text-align: justify;\">Furniture and Decoration<\/h3>\n<p style=\"text-align: justify;\">We will advise you to choose and buy the right furniture for your needs. Workstation furniture, tables and meeting rooms, common areas, restrooms, kitchen, meeting rooms and projection, etc.. All depending on your budget, the type of office, the number of employees needed and the possibilities and office layout. Our decorators will also advise on the final touch of the office and all areas to make it a more attractive and efficient work space. Both in terms of furniture and accessories and decor as well as the final details to make a perfect office Moving<\/p>\n<h3 style=\"text-align: justify;\">Moving<\/h3>\n<p id=\"tw-target-text\" class=\"tw-data-text tw-ta tw-text-medium\" dir=\"ltr\" data-placeholder=\"Traducci\u00f3n\"><span lang=\"en\">Once the whole office is ready<\/span>, we&#8217;ll make a move as simple as possible for employees. Easy as leave all personal items in a box on a Friday after work, and on Monday go to the new location and found everything exactly the same manage the movement of all the old furniture, equipment and accessories and leave everything ready so that there is no interruption in work<\/p>\n<h3 style=\"text-align: justify;\">Warranty<\/h3>\n<p id=\"tw-target-text\" class=\"tw-data-text tw-ta tw-text-small\" dir=\"ltr\" data-placeholder=\"Traducci\u00f3n\">Like all our works and projects, we offer an unparalleled 2 year warranty for any problems that may arise. In addition, we provide an additional service for extras that may arise once the biggest move. Adding jobs, replacement of items of furniture or changing rooms, for example. We become your trusted company for any needs in their offices and offices. Our value<\/p>\n<h3 id=\"tw-target-text\" class=\"tw-data-text tw-ta tw-text-small\" dir=\"ltr\" data-placeholder=\"Traducci\u00f3n\"><span lang=\"en\">Our value is an integrated service for companies, where we take care of everything<\/span><\/h3>\n<h3 style=\"text-align: justify;\"><em> Our Commitment:<\/em><\/h3>\n<h3 style=\"text-align: justify;\">Experience<\/h3>\n<p style=\"text-align: justify;\">reforms in Barcelona Company with extensive experience in the sector. Our team is composed of professionals and qualified with over 10 years experience installers, obtaining the highest quality.<\/p>\n<h3 style=\"text-align: justify;\">Full Service<\/h3>\n<p style=\"text-align: justify;\">We take care of all the work of reform, from design, site survey and licensing, <a href=\"https:\/\/reformasbarcelona.info\/como-conseguir-permisos-de-obras\/\">como-conseguir-permisos-de-obras<\/a>, to implementation and control of the work.<\/p>\n<h3 style=\"text-align: justify;\">Budget<\/h3>\n<p style=\"text-align: justify;\">free and without commitment. Ask us for a <a href=\"https:\/\/reformasbarcelona.info\/contacto\/\">free budget<\/a> without obligation.&nbsp;Compare offers and decide. It&#8217;s that simple. It will not cost anything, it&#8217;s free!.<\/p>\n<h3 style=\"text-align: justify;\">Transparency<\/h3>\n<p style=\"text-align: justify;\">The budgets are broken down by item, so you will at all times clear economic cost of different actions to perform. See Sample Budget: <a href=\"https:\/\/reformasbarcelona.info\/informacion\/contrato-tipo-reformas-barcelona\/\" rel=\"attachment wp-att-426\">-contract-type reforms-barcelona<\/a><\/p>\n<h3 style=\"text-align: justify;\">Contract<\/h3>\n<p style=\"text-align: justify;\">Start and End of Work Otherwise would be compensated per day of delay.<\/p>\n<h3 style=\"text-align: justify;\">Customer references and works<\/h3>\n<p style=\"text-align: justify;\">We show the completed and ongoing works we are doing at the time.&nbsp;We have made the rehabilitation of offices:<\/p>\n<p>-RAKUTEN ESPA\u00d1A<\/p>\n<p>-BUFET ESPONA BRU Y GUIU I ADVOCATS<\/p>\n<p>-SITEL IBERICA TELESERVICES S.A.<\/p>\n<p>-DAS ASISTENCIA INTERNACIONAL<\/p>\n<p>-UNIVERSITAT POLIT\u00c8CNICA DE CATALUNYA<\/p>\n<p>-FUNDACION ACCION CONTRA EL HAMBRE<\/p>\n<p>-CERVELL\u00d3, GIL-VERNE, MART\u00cd, ORPINPELL, SOL\u00c9, ADVOCATS ASSOCIATS<\/p>\n<p>-APPCO DIRECT ESPA\u00d1A S.L.<\/p>\n<p>-PHARMACONSULT SERVICES S.A.<\/p>\n<p>-COMERCIAL INVERSORA TARRAGALERY<\/p>\n<p>-OUTDOORMEDIA<\/p>\n<p>-CONSTRUCCIONES ASTUSA<\/p>\n<p>-CREACION MULTIMEDIA WORK CENTER SGD<\/p>\n<p>-PARC VALLES INVERSIONES INMOBILIARIAS<\/p>\n<p>-JETMAR CONSULT<\/p>\n<p>-GESTI\u00d3N EMPRESARIAL<\/p>\n<p>-CARUDA S.L.<\/p>\n<p>-DEINFO SERVICIOS INFORMATICOS S.L<\/p>\n<p>-BARCELONA LODGING MANAGEMENT, S.L.<\/p>\n<p>-KILUNO S.L.<\/p>\n<p>-COMERCIAL INVERSORA SIERRA CORDOBA PROACTIV, S.L.<\/p>\n<p>-CARUDA S.L.<\/p>\n<p id=\"tw-target-text\" class=\"tw-data-text vk_txt tw-ta tw-text-medium\" dir=\"ltr\" data-placeholder=\"Translation\"><span lang=\"en\">among others<\/span><\/p>\n<h3 style=\"text-align: justify;\">Price<\/h3>\n<p style=\"text-align: justify;\">When comparing budgets may realize that we have the most reasonable prices in the market. See: <a href=\"https:\/\/reformasbarcelona.info\/precios\/\"> real reforms Prices<\/a><\/p>\n<h3 style=\"text-align: justify;\">Personalized service<\/h3>\n<p style=\"text-align: justify;\">Relax, the reforms of his house, dwelling or premises are in good hands. Weekly site visits will be conducted to monitor the work performed.<\/p>\n<h3 style=\"text-align: justify;\">Warranty<\/h3>\n<p style=\"text-align: justify;\">2 years written warranty.&nbsp;We guarantee 100% works, structures or reforms that we develop for you. For us it is essential to customer satisfaction.<\/p>\n<h3 style=\"text-align: justify;\">References<\/h3>\n<p style=\"text-align: justify;\">For us it is essential to customer satisfaction.&nbsp;Otherwise you do&nbsp;not give references to other customers<\/p>\n<p>&nbsp;<\/p>\n<p style=\"text-align: justify;\">If you are interested in having a totally closed office renovation budget, no surprises,&nbsp; no commitment &amp; free, please ask for more&nbsp;information without obligation<\/p>\n<p>&nbsp;<\/p>\n<p>&nbsp;<\/p>\n<div style=\"margin: -60px 10px 10px; text-align: justify;\">\n<p style=\"text-align: center;\">\n<div class=\"wpcf7 no-js\" id=\"wpcf7-f852-o3\" lang=\"en-US\" dir=\"ltr\" data-wpcf7-id=\"852\">\n<div class=\"screen-reader-response\"><p role=\"status\" aria-live=\"polite\" aria-atomic=\"true\"><\/p> <ul><\/ul><\/div>\n<form action=\"\/en\/wp-json\/wp\/v2\/pages\/2028#wpcf7-f852-o3\" method=\"post\" class=\"wpcf7-form init\" aria-label=\"Contact form\" novalidate=\"novalidate\" data-status=\"init\">\n<fieldset class=\"hidden-fields-container\"><input type=\"hidden\" name=\"_wpcf7\" value=\"852\" \/><input type=\"hidden\" name=\"_wpcf7_version\" value=\"6.1.5\" \/><input type=\"hidden\" name=\"_wpcf7_locale\" value=\"en_US\" \/><input type=\"hidden\" name=\"_wpcf7_unit_tag\" value=\"wpcf7-f852-o3\" \/><input type=\"hidden\" name=\"_wpcf7_container_post\" value=\"0\" \/><input type=\"hidden\" name=\"_wpcf7_posted_data_hash\" value=\"\" \/>\n<\/fieldset>\n<p>Tu nombre (requerido)\n<\/p>\n<p><span class=\"wpcf7-form-control-wrap\" data-name=\"your-name\"><input size=\"40\" maxlength=\"400\" class=\"wpcf7-form-control wpcf7-text wpcf7-validates-as-required\" aria-required=\"true\" aria-invalid=\"false\" value=\"\" type=\"text\" name=\"your-name\" \/><\/span>\n<\/p>\n<p>Tu Email (requerido)\n<\/p>\n<p><span class=\"wpcf7-form-control-wrap\" data-name=\"your-email\"><input size=\"40\" maxlength=\"400\" class=\"wpcf7-form-control wpcf7-email wpcf7-validates-as-required wpcf7-text wpcf7-validates-as-email\" aria-required=\"true\" aria-invalid=\"false\" value=\"\" type=\"email\" name=\"your-email\" \/><\/span>\n<\/p>\n<p>Tu Tel\u00e9fono (Requerido: Te llamaremos para darte el presupuesto)\n<\/p>\n<p><span class=\"wpcf7-form-control-wrap\" data-name=\"telefono\"><input size=\"40\" maxlength=\"400\" class=\"wpcf7-form-control wpcf7-text wpcf7-validates-as-required\" aria-required=\"true\" aria-invalid=\"false\" value=\"\" type=\"text\" name=\"telefono\" \/><\/span>\n<\/p>\n<p>Direcci\u00f3n (Requerido, para saber d\u00f3nde nos tenemos que trasladar)\n<\/p>\n<p><span class=\"wpcf7-form-control-wrap\" data-name=\"your-subject\"><input size=\"40\" maxlength=\"400\" class=\"wpcf7-form-control wpcf7-text wpcf7-validates-as-required\" aria-required=\"true\" aria-invalid=\"false\" value=\"\" type=\"text\" name=\"your-subject\" \/><\/span>\n<\/p>\n<p>Descripci\u00f3n de la obra (requerido)\n<\/p>\n<p><span class=\"wpcf7-form-control-wrap\" data-name=\"description\"><textarea cols=\"40\" rows=\"10\" maxlength=\"2000\" class=\"wpcf7-form-control wpcf7-textarea wpcf7-validates-as-required\" aria-required=\"true\" aria-invalid=\"false\" name=\"description\"><\/textarea><\/span>\n<\/p>\n<p>Metros cuadrados de la obra\n<\/p>\n<p><span class=\"wpcf7-form-control-wrap\" data-name=\"metros\"><input size=\"40\" maxlength=\"400\" class=\"wpcf7-form-control wpcf7-text\" aria-invalid=\"false\" value=\"\" type=\"text\" name=\"metros\" \/><\/span>\n<\/p>\n<p>Partes a reformar (Requerido: Selecciona una al menos)\n<\/p>\n<p><span class=\"wpcf7-form-control-wrap\" data-name=\"reformar\"><span class=\"wpcf7-form-control wpcf7-checkbox wpcf7-validates-as-required\"><span class=\"wpcf7-list-item first\"><input type=\"checkbox\" name=\"reformar[]\" value=\"Cocina\" \/><span class=\"wpcf7-list-item-label\">Cocina<\/span><\/span><span class=\"wpcf7-list-item\"><input type=\"checkbox\" name=\"reformar[]\" value=\"Ba\u00f1o\" \/><span class=\"wpcf7-list-item-label\">Ba\u00f1o<\/span><\/span><span class=\"wpcf7-list-item\"><input type=\"checkbox\" name=\"reformar[]\" value=\"Sal\u00f3n\" \/><span class=\"wpcf7-list-item-label\">Sal\u00f3n<\/span><\/span><span class=\"wpcf7-list-item\"><input type=\"checkbox\" name=\"reformar[]\" value=\"Comedor\" \/><span class=\"wpcf7-list-item-label\">Comedor<\/span><\/span><span class=\"wpcf7-list-item\"><input type=\"checkbox\" name=\"reformar[]\" value=\"Habitaci\u00f3n\" \/><span class=\"wpcf7-list-item-label\">Habitaci\u00f3n<\/span><\/span><span class=\"wpcf7-list-item\"><input type=\"checkbox\" name=\"reformar[]\" value=\"Local\" \/><span class=\"wpcf7-list-item-label\">Local<\/span><\/span><span class=\"wpcf7-list-item\"><input type=\"checkbox\" name=\"reformar[]\" value=\"Oficina\" \/><span class=\"wpcf7-list-item-label\">Oficina<\/span><\/span><span class=\"wpcf7-list-item last\"><input type=\"checkbox\" name=\"reformar[]\" value=\"Nave\" \/><span class=\"wpcf7-list-item-label\">Nave<\/span><\/span><\/span><\/span>\n<\/p>\n<p>Tipo de reforma (Requerido: Selecciona uno al menos)\n<\/p>\n<p><span class=\"wpcf7-form-control-wrap\" data-name=\"tipo\"><span class=\"wpcf7-form-control wpcf7-checkbox wpcf7-validates-as-required\"><span class=\"wpcf7-list-item first\"><label><input type=\"checkbox\" name=\"tipo[]\" value=\"Reforma Integral\" \/><span class=\"wpcf7-list-item-label\">Reforma Integral<\/span><\/label><\/span><span class=\"wpcf7-list-item\"><label><input type=\"checkbox\" name=\"tipo[]\" value=\"Electricidad\" \/><span class=\"wpcf7-list-item-label\">Electricidad<\/span><\/label><\/span><span class=\"wpcf7-list-item\"><label><input type=\"checkbox\" name=\"tipo[]\" value=\"Calefacci\u00f3n\" \/><span class=\"wpcf7-list-item-label\">Calefacci\u00f3n<\/span><\/label><\/span><span class=\"wpcf7-list-item\"><label><input type=\"checkbox\" name=\"tipo[]\" value=\"Aire Acondicionado\" \/><span class=\"wpcf7-list-item-label\">Aire Acondicionado<\/span><\/label><\/span><span class=\"wpcf7-list-item\"><label><input type=\"checkbox\" name=\"tipo[]\" value=\"Fontaner\u00eda\" \/><span class=\"wpcf7-list-item-label\">Fontaner\u00eda<\/span><\/label><\/span><span class=\"wpcf7-list-item\"><label><input type=\"checkbox\" name=\"tipo[]\" value=\"Carpinter\u00eda aluminio\" \/><span class=\"wpcf7-list-item-label\">Carpinter\u00eda aluminio<\/span><\/label><\/span><span class=\"wpcf7-list-item\"><label><input type=\"checkbox\" name=\"tipo[]\" value=\"Pintura\" \/><span class=\"wpcf7-list-item-label\">Pintura<\/span><\/label><\/span><span class=\"wpcf7-list-item\"><label><input type=\"checkbox\" name=\"tipo[]\" value=\"Suelos (parket)\" \/><span class=\"wpcf7-list-item-label\">Suelos (parket)<\/span><\/label><\/span><span class=\"wpcf7-list-item\"><label><input type=\"checkbox\" name=\"tipo[]\" value=\"demoliciones\" \/><span class=\"wpcf7-list-item-label\">demoliciones<\/span><\/label><\/span><span class=\"wpcf7-list-item\"><label><input type=\"checkbox\" name=\"tipo[]\" value=\"paredes\" \/><span class=\"wpcf7-list-item-label\">paredes<\/span><\/label><\/span><span class=\"wpcf7-list-item\"><label><input type=\"checkbox\" name=\"tipo[]\" value=\"Carpinter\u00eda de madera\" \/><span class=\"wpcf7-list-item-label\">Carpinter\u00eda de madera<\/span><\/label><\/span><span class=\"wpcf7-list-item last\"><label><input type=\"checkbox\" name=\"tipo[]\" value=\"Otros\" \/><span class=\"wpcf7-list-item-label\">Otros<\/span><\/label><\/span><\/span><\/span>\n<\/p>\n<p>Tu presupuesto aproximado (Requerido: Dinos cu\u00e1nto te puedes gastar para que podamos asesorarte mejor)\n<\/p>\n<p><span class=\"wpcf7-form-control-wrap\" data-name=\"presupuesto\"><input size=\"40\" maxlength=\"400\" class=\"wpcf7-form-control wpcf7-text wpcf7-validates-as-required\" aria-required=\"true\" aria-invalid=\"false\" value=\"\" type=\"text\" name=\"presupuesto\" \/><\/span>\n<\/p>\n<p>Fechas para la reforma: Cu\u00e1ndo te gustar\u00eda que empez\u00e1semos a reformar.\n<\/p>\n<p><span class=\"wpcf7-form-control-wrap\" data-name=\"fechas\"><input size=\"40\" maxlength=\"400\" class=\"wpcf7-form-control wpcf7-text\" aria-invalid=\"false\" value=\"\" type=\"text\" name=\"fechas\" \/><\/span>\n<\/p>\n<p><span class=\"wpcf7-form-control-wrap\" data-name=\"acceptance-208\"><span class=\"wpcf7-form-control wpcf7-acceptance\"><span class=\"wpcf7-list-item\"><label><input type=\"checkbox\" name=\"acceptance-208\" value=\"1\" aria-invalid=\"false\" \/><span class=\"wpcf7-list-item-label\">Acepto la <a target=\"_blank\" rel=\"nofollow\" href=\"https:\/\/reformasbarcelona.info\/ca\/politica-de-privacitat\/\">pol\u00edtica de privacidad<\/a> (requerido)<\/span><\/label><\/span><\/span><\/span>\n<\/p>\n<p><input class=\"wpcf7-form-control wpcf7-submit has-spinner\" type=\"submit\" value=\"Enviar\" \/>\n<\/p>\n<tt>De acuerdo con el Reglamento General de Protecci\u00f3n de Datos (RGPD)y la LOPDGDD, informamos sobre el tratamiento de sus datos:\nResponsable: A. Barcelona Reformas s.l..\nFinalidad: Gestionar las solicitudes de presupuesto, consultas y servicios de reforma solicitados a trav\u00e9s de nuestros formularios.\nLegitimaci\u00f3n: El consentimiento expreso del usuario al marcar la casilla de aceptaci\u00f3n.\nConservaci\u00f3n: Los datos se conservar\u00e1n mientras dure la relaci\u00f3n comercial o durante los a\u00f1os necesarios para cumplir con las obligaciones legales.\nDestinatarios: No se ceder\u00e1n datos a terceros salvo obligaci\u00f3n legal o necesidad t\u00e9cnica para la ejecuci\u00f3n de la obra.\nDerechos: Puede ejercer sus derechos de acceso, rectificaci\u00f3n, supresi\u00f3n y portabilidad enviando un correo a barcelonareformas@yahoo.es.\nSi considera que sus datos no son tratados correctamente, puede dirigir sus reclamaciones a la Agencia Espa\u00f1ola de Protecci\u00f3n de Datos (AEPD).\n<\/tt><p style=\"display: none !important;\" class=\"akismet-fields-container\" data-prefix=\"_wpcf7_ak_\"><label>&#916;<textarea name=\"_wpcf7_ak_hp_textarea\" cols=\"45\" rows=\"8\" maxlength=\"100\"><\/textarea><\/label><input type=\"hidden\" id=\"ak_js_3\" name=\"_wpcf7_ak_js\" value=\"44\"\/><script>document.getElementById( \"ak_js_3\" ).setAttribute( \"value\", ( new Date() ).getTime() );<\/script><\/p><div class=\"wpcf7-response-output\" aria-hidden=\"true\"><\/div>\n<\/form>\n<\/div>\n<\/p>\n<\/div>\n<p>&nbsp;<\/p>\n<p>&nbsp;<\/p>\n<p>&nbsp;<\/p>","protected":false},"excerpt":{"rendered":"<p>Barcelona Reformas is&nbsp;specialized in providing comprehensive services for offices. We guide and advise the company <\/p>\n","protected":false},"author":2,"featured_media":0,"parent":0,"menu_order":0,"comment_status":"closed","ping_status":"open","template":"","meta":{"_seopress_robots_primary_cat":"","_seopress_titles_title":"","_seopress_titles_desc":"","_seopress_robots_index":"","ngg_post_thumbnail":0,"_ayudawp_aiss_exclude":false,"footnotes":""},"class_list":["post-2028","page","type-page","status-publish"],"_links":{"self":[{"href":"https:\/\/reformasbarcelona.info\/en\/wp-json\/wp\/v2\/pages\/2028","targetHints":{"allow":["GET"]}}],"collection":[{"href":"https:\/\/reformasbarcelona.info\/en\/wp-json\/wp\/v2\/pages"}],"about":[{"href":"https:\/\/reformasbarcelona.info\/en\/wp-json\/wp\/v2\/types\/page"}],"author":[{"embeddable":true,"href":"https:\/\/reformasbarcelona.info\/en\/wp-json\/wp\/v2\/users\/2"}],"replies":[{"embeddable":true,"href":"https:\/\/reformasbarcelona.info\/en\/wp-json\/wp\/v2\/comments?post=2028"}],"version-history":[{"count":1,"href":"https:\/\/reformasbarcelona.info\/en\/wp-json\/wp\/v2\/pages\/2028\/revisions"}],"predecessor-version":[{"id":78294,"href":"https:\/\/reformasbarcelona.info\/en\/wp-json\/wp\/v2\/pages\/2028\/revisions\/78294"}],"wp:attachment":[{"href":"https:\/\/reformasbarcelona.info\/en\/wp-json\/wp\/v2\/media?parent=2028"}],"curies":[{"name":"wp","href":"https:\/\/api.w.org\/{rel}","templated":true}]}}