{"id":14458,"date":"2026-02-26T11:51:30","date_gmt":"2026-02-26T10:51:30","guid":{"rendered":"http:\/\/reformasbarcelona.info\/?page_id=14458"},"modified":"2026-03-14T11:33:17","modified_gmt":"2026-03-14T10:33:17","slug":"precio-certificado-energetico-barcelona","status":"publish","type":"page","link":"https:\/\/reformasbarcelona.info\/en\/energy-performance-certificate-epc-in-barcelona\/","title":{"rendered":"Energy Performance Certificate (EPC) in Barcelona"},"content":{"rendered":"<p><\/p>\n<p class=\"tw-data-text tw-ta tw-text-small\" dir=\"ltr\" data-placeholder=\"Traducci\u00f3n\"><span lang=\"en\"><a href=\"http:\/\/reformasbarcelona.info\/wp-content\/uploads\/2017\/11\/Certificado-energe\u0301tico-Barcelona.png\"><img decoding=\"async\" class=\"aligncenter wp-image-14477 size-medium\" src=\"http:\/\/reformasbarcelona.info\/wp-content\/uploads\/2017\/11\/Certificado-energe\u0301tico-Barcelona-300x195.png\" alt=\"\" width=\"300\" height=\"195\" srcset=\"https:\/\/reformasbarcelona.info\/wp-content\/uploads\/2017\/11\/Certificado-energe\u0301tico-Barcelona-300x195.png 300w, https:\/\/reformasbarcelona.info\/wp-content\/uploads\/2017\/11\/Certificado-energe\u0301tico-Barcelona.png 393w\" sizes=\"(max-width: 300px) 100vw, 300px\" \/><\/a>The <\/span>Energy Performance Certificate (EPC) in Barcelona <span lang=\"en\">is mandatory to rent or sell your home. <\/span><\/p>\n<p class=\"tw-data-text tw-ta tw-text-small\" dir=\"ltr\" data-placeholder=\"Traducci\u00f3n\"><span lang=\"en\">Now, Barcelona Reformas offers you the possibility of getting your energy certificate in Barcelona, \u200b\u200bfast and at a reasonable price<\/span><\/p>\n<h2 id=\"tw-target-text\" class=\"tw-data-text tw-ta tw-text-small\" dir=\"ltr\" data-placeholder=\"Traducci\u00f3n\"><span lang=\"en\">HOW TO OBTAIN THE ENERGY EFFICIENCY CERTIFICATE? <\/span><\/h2>\n<h3 class=\"tw-data-text tw-ta tw-text-small\" dir=\"ltr\" data-placeholder=\"Traducci\u00f3n\"><span lang=\"en\">Visit of the certification technician to the housing <\/span><\/h3>\n<p class=\"tw-data-text tw-ta tw-text-small\" dir=\"ltr\" data-placeholder=\"Traducci\u00f3n\"><span lang=\"en\">Contact Barcelona Reformas S.L. and make an appointment to visit your home. In this visit to the property, our certifying technician will take the necessary measures, will review the materials of the fa\u00e7ade, the exterior carpentry and will inspect the heating and air conditioning installations.<\/span><\/p>\n<h3 id=\"tw-target-text\" class=\"tw-data-text tw-ta tw-text-small\" dir=\"ltr\" data-placeholder=\"Traducci\u00f3n\"><span lang=\"en\">Calculation of energy certification <\/span><\/h3>\n<p class=\"tw-data-text tw-ta tw-text-small\" dir=\"ltr\" data-placeholder=\"Traducci\u00f3n\"><span lang=\"en\">Then, our certifying technician will make a plan of the property and enter in the computer program, the data of the house to obtain the energy rating.<\/span><\/p>\n<h3 id=\"tw-target-text\" class=\"tw-data-text tw-ta tw-text-small\" dir=\"ltr\" data-placeholder=\"Traducci\u00f3n\"><span lang=\"en\">Obtaining the energetic certificate <\/span><\/h3>\n<p class=\"tw-data-text tw-ta tw-text-small\" dir=\"ltr\" data-placeholder=\"Traducci\u00f3n\"><span lang=\"en\">After the results obtained, the energy certificate that indicates the degree of energy efficiency of your home will be generated. This graduation goes from the letter &#8220;A&#8221; to the letter &#8220;G&#8221;. In addition, the owner will receive a dossier with suggestions for improvement to rehabilitate the property and get a better rating.<\/span><\/p>\n<h3 id=\"tw-target-text\" class=\"tw-data-text tw-ta tw-text-small\" dir=\"ltr\" data-placeholder=\"Traducci\u00f3n\"><span lang=\"en\">Energy certificate registration <\/span><\/h3>\n<p class=\"tw-data-text tw-ta tw-text-small\" dir=\"ltr\" data-placeholder=\"Traducci\u00f3n\"><span lang=\"en\">Finally the certificate must be registered in the competent body, which will verify that everything is correct. The Scale of classification of the properties based on the energy rating index expressed in kilograms of carbon dioxide per square meter emitted (kg CO2 \/ m2), obtained by applying the appropriate qualification procedures. <\/span><\/p>\n<p class=\"tw-data-text tw-ta tw-text-small\" dir=\"ltr\" data-placeholder=\"Traducci\u00f3n\"><span lang=\"en\">The possible values \u200b\u200bthat the mentioned energy rating index can adopt are divided into intervals designated by letters, ranging from the letter G (less efficient buildings with higher emissions) and up to the letter A (more efficient properties with lower emissions).<\/span><\/p>\n<h3 id=\"tw-target-text\" class=\"tw-data-text tw-ta tw-text-medium\" dir=\"ltr\" data-placeholder=\"Traducci\u00f3n\"><span lang=\"en\">How much does an energy certificate cost?<\/span><\/h3>\n<div id=\"rpt_pricr\" class=\"rpt_plans rpt_3_plans rpt_style_basic\"><div class=\"\"><div class=\"rpt_plan  rpt_plugin_f rpt_plan_0  \"><div style=\"text-align:left;\" class=\"rpt_title rpt_title_0\">Up to 50m2<\/div><div class=\"rpt_head rpt_head_0\"><div class=\"rpt_price rpt_price_0\">70\u20ac<\/div><div class=\"rpt_description rpt_description_0\">*VAT not included<\/div><\/div><a target=\"_self\" href=\"http:\/\/reformasbarcelona.info\/contacto\/\" style=\"background:#9fdb80\" class=\"rpt_foot rpt_foot_0\">Ask for your Energy Certificate<\/a><\/div><div class=\"rpt_plan  rpt_plugin_f rpt_plan_1  \"><div style=\"text-align:left;\" class=\"rpt_title rpt_title_1\">Between 50 and 100m2<\/div><div class=\"rpt_head rpt_head_1\"><div class=\"rpt_price rpt_price_1\">90\u20ac<\/div><div class=\"rpt_description rpt_description_1\">*VAT not included<\/div><\/div><a target=\"_self\" href=\"http:\/\/reformasbarcelona.info\/contacto\/\" style=\"background:#9fdb80\" class=\"rpt_foot rpt_foot_1\">Ask for your Energy Certificate<\/a><\/div><div class=\"rpt_plan  rpt_plugin_f rpt_plan_2  \"><div style=\"text-align:left;\" class=\"rpt_title rpt_title_2\">From 100m2<\/div><div class=\"rpt_head rpt_head_2\"><div class=\"rpt_price rpt_price_2\">130\u20ac<\/div><div class=\"rpt_description rpt_description_2\">*VAT not included<\/div><\/div><a target=\"_self\" href=\"http:\/\/reformasbarcelona.info\/contacto\/\" style=\"background:#9fdb80\" class=\"rpt_foot rpt_foot_2\">Ask for your Energy Certificate<\/a><\/div><\/div><\/div><div style=\"clear:both;\"><\/div>\n<div id=\"rpt_pricr\" class=\"rpt_plans rpt_3_plans rpt_style_basic\"><div class=\"\"><div class=\"rpt_plan  rpt_plugin_f rpt_plan_0  \"><div style=\"text-align:left;\" class=\"rpt_title rpt_title_0\">Up to 50m2<\/div><div class=\"rpt_head rpt_head_0\"><div class=\"rpt_price rpt_price_0\">90\u20ac<\/div><div style=\"color:#9fdb80;\" class=\"rpt_subtitle rpt_subtitle_0\">Energy Certificate price in the rest of the province of Barcelona<\/div><div class=\"rpt_description rpt_description_0\">*VAT not included<\/div><\/div><a target=\"_self\" href=\"http:\/\/reformasbarcelona.info\/contacto\/\" style=\"background:#9fdb80\" class=\"rpt_foot rpt_foot_0\">Ask for your Energy Certificate<\/a><\/div><div class=\"rpt_plan  rpt_plugin_f rpt_plan_1  \"><div style=\"text-align:left;\" class=\"rpt_title rpt_title_1\">Between 50 and 100m2<\/div><div class=\"rpt_head rpt_head_1\"><div class=\"rpt_price rpt_price_1\">110\u20ac<\/div><div style=\"color:#9fdb80;\" class=\"rpt_subtitle rpt_subtitle_1\">Energy Certificate price in the rest of the province of Barcelona<\/div><div class=\"rpt_description rpt_description_1\">*VAT not included<\/div><\/div><a target=\"_self\" href=\"http:\/\/reformasbarcelona.info\/contacto\/\" style=\"background:#9fdb80\" class=\"rpt_foot rpt_foot_1\">Ask for your Energy Certificate<\/a><\/div><div class=\"rpt_plan  rpt_plugin_f rpt_plan_2  \"><div style=\"text-align:left;\" class=\"rpt_title rpt_title_2\">From 100m2<\/div><div class=\"rpt_head rpt_head_2\"><div class=\"rpt_price rpt_price_2\">150\u20ac<\/div><div style=\"color:#9fdb80;\" class=\"rpt_subtitle rpt_subtitle_2\">Energy Certificate price in the rest of the province of Barcelona<\/div><div class=\"rpt_description rpt_description_2\">*VAT not included<\/div><\/div><a target=\"_self\" href=\"http:\/\/reformasbarcelona.info\/contacto\/\" style=\"background:#9fdb80\" class=\"rpt_foot rpt_foot_2\">Ask for your Energy Certificate<\/a><\/div><\/div><\/div><div style=\"clear:both;\"><\/div>\n<p>&nbsp;<\/p>\n<p id=\"tw-target-text\" class=\"tw-data-text tw-ta tw-text-small\" dir=\"ltr\" data-placeholder=\"Traducci\u00f3n\"><span lang=\"en\"><strong>We process everything for you<\/strong>. Your Energy Certificate in Barcelona, \u200b\u200bget it now<\/span><\/p>\n<p>\n<div class=\"wpcf7 no-js\" id=\"wpcf7-f1949-o3\" lang=\"es-ES\" dir=\"ltr\" data-wpcf7-id=\"1949\">\n<div class=\"screen-reader-response\"><p role=\"status\" aria-live=\"polite\" aria-atomic=\"true\"><\/p> <ul><\/ul><\/div>\n<form action=\"\/en\/wp-json\/wp\/v2\/pages\/14458#wpcf7-f1949-o3\" method=\"post\" class=\"wpcf7-form init\" aria-label=\"Formulario de contacto\" novalidate=\"novalidate\" data-status=\"init\">\n<fieldset class=\"hidden-fields-container\"><input type=\"hidden\" name=\"_wpcf7\" value=\"1949\" \/><input type=\"hidden\" name=\"_wpcf7_version\" value=\"6.1.5\" \/><input type=\"hidden\" name=\"_wpcf7_locale\" value=\"es_ES\" \/><input type=\"hidden\" name=\"_wpcf7_unit_tag\" value=\"wpcf7-f1949-o3\" \/><input type=\"hidden\" name=\"_wpcf7_container_post\" value=\"0\" \/><input type=\"hidden\" name=\"_wpcf7_posted_data_hash\" value=\"\" \/>\n<\/fieldset>\n<p>Nombre (requerido)\n<\/p>\n<p><span class=\"wpcf7-form-control-wrap\" data-name=\"your-name\"><input size=\"40\" maxlength=\"400\" class=\"wpcf7-form-control wpcf7-text wpcf7-validates-as-required\" aria-required=\"true\" aria-invalid=\"false\" value=\"\" type=\"text\" name=\"your-name\" \/><\/span>\n<\/p>\n<p>Correo Electr\u00f3nico (requerido)\n<\/p>\n<p><span class=\"wpcf7-form-control-wrap\" data-name=\"your-email\"><input size=\"40\" maxlength=\"400\" class=\"wpcf7-form-control wpcf7-email wpcf7-validates-as-required wpcf7-text wpcf7-validates-as-email\" aria-required=\"true\" aria-invalid=\"false\" value=\"\" type=\"email\" name=\"your-email\" \/><\/span>\n<\/p>\n<p>Tel\u00e9fono de contacto (requerido)\n<\/p>\n<p><span class=\"wpcf7-form-control-wrap\" data-name=\"your-phone\"><input size=\"40\" maxlength=\"400\" class=\"wpcf7-form-control wpcf7-text wpcf7-validates-as-required\" aria-required=\"true\" aria-invalid=\"false\" value=\"\" type=\"text\" name=\"your-phone\" \/><\/span>\n<\/p>\n<p>Asunto\n<\/p>\n<p><span class=\"wpcf7-form-control-wrap\" data-name=\"your-subject\"><input size=\"40\" maxlength=\"400\" class=\"wpcf7-form-control wpcf7-text\" aria-invalid=\"false\" value=\"\" type=\"text\" name=\"your-subject\" \/><\/span>\n<\/p>\n<p>Su mensaje (requerido)\n<\/p>\n<p><span class=\"wpcf7-form-control-wrap\" data-name=\"your-message\"><textarea cols=\"40\" rows=\"10\" maxlength=\"2000\" class=\"wpcf7-form-control wpcf7-textarea wpcf7-validates-as-required\" aria-required=\"true\" aria-invalid=\"false\" name=\"your-message\"><\/textarea><\/span>\n<\/p>\n<p><span class=\"wpcf7-form-control-wrap\" data-name=\"acceptance-208\"><span class=\"wpcf7-form-control wpcf7-acceptance\"><span class=\"wpcf7-list-item\"><label><input type=\"checkbox\" name=\"acceptance-208\" value=\"1\" aria-invalid=\"false\" \/><span class=\"wpcf7-list-item-label\">Acepto la <a target=\"_blank\" rel=\"nofollow\" href=\"https:\/\/reformasbarcelona.info\/ca\/politica-de-privacitat\/\">pol\u00edtica de privacidad<\/a> (requerido)<\/span><\/label><\/span><\/span><\/span>\n<\/p>\n<p><input class=\"wpcf7-form-control wpcf7-submit has-spinner\" type=\"submit\" value=\"Enviar\" \/>\n<\/p>\n<tt>De acuerdo con el Reglamento General de Protecci\u00f3n de Datos (RGPD)y la LOPDGDD, informamos sobre el tratamiento de sus datos:\nResponsable: A. Barcelona Reformas s.l..\nFinalidad: Gestionar las solicitudes de presupuesto, consultas y servicios de reforma solicitados a trav\u00e9s de nuestros formularios.\nLegitimaci\u00f3n: El consentimiento expreso del usuario al marcar la casilla de aceptaci\u00f3n.\nConservaci\u00f3n: Los datos se conservar\u00e1n mientras dure la relaci\u00f3n comercial o durante los a\u00f1os necesarios para cumplir con las obligaciones legales.\nDestinatarios: No se ceder\u00e1n datos a terceros salvo obligaci\u00f3n legal o necesidad t\u00e9cnica para la ejecuci\u00f3n de la obra.\nDerechos: Puede ejercer sus derechos de acceso, rectificaci\u00f3n, supresi\u00f3n y portabilidad enviando un correo a barcelonareformas@yahoo.es.\nSi considera que sus datos no son tratados correctamente, puede dirigir sus reclamaciones a la Agencia Espa\u00f1ola de Protecci\u00f3n de Datos (AEPD).\n<\/tt><p style=\"display: none !important;\" class=\"akismet-fields-container\" data-prefix=\"_wpcf7_ak_\"><label>&#916;<textarea name=\"_wpcf7_ak_hp_textarea\" cols=\"45\" rows=\"8\" maxlength=\"100\"><\/textarea><\/label><input type=\"hidden\" id=\"ak_js_3\" name=\"_wpcf7_ak_js\" value=\"221\"\/><script>document.getElementById( \"ak_js_3\" ).setAttribute( \"value\", ( new Date() ).getTime() );<\/script><\/p><div class=\"wpcf7-response-output\" aria-hidden=\"true\"><\/div>\n<\/form>\n<\/div>\n<\/p>","protected":false},"excerpt":{"rendered":"<p>The Energy Performance Certificate (EPC) in Barcelona is mandatory to rent or sell your home. <\/p>\n","protected":false},"author":2,"featured_media":14477,"parent":0,"menu_order":0,"comment_status":"closed","ping_status":"closed","template":"","meta":{"_seopress_robots_primary_cat":"","_seopress_titles_title":"Energy Performance Certificate Barcelona | EPC Price!","_seopress_titles_desc":"Need an Energy Performance Certificate (EPC) in Barcelona? Get your certificate fast with our expert architects. Competitive prices. Request yours today!","_seopress_robots_index":"","ngg_post_thumbnail":0,"_ayudawp_aiss_exclude":false,"footnotes":""},"class_list":["post-14458","page","type-page","status-publish","has-post-thumbnail"],"_links":{"self":[{"href":"https:\/\/reformasbarcelona.info\/en\/wp-json\/wp\/v2\/pages\/14458","targetHints":{"allow":["GET"]}}],"collection":[{"href":"https:\/\/reformasbarcelona.info\/en\/wp-json\/wp\/v2\/pages"}],"about":[{"href":"https:\/\/reformasbarcelona.info\/en\/wp-json\/wp\/v2\/types\/page"}],"author":[{"embeddable":true,"href":"https:\/\/reformasbarcelona.info\/en\/wp-json\/wp\/v2\/users\/2"}],"replies":[{"embeddable":true,"href":"https:\/\/reformasbarcelona.info\/en\/wp-json\/wp\/v2\/comments?post=14458"}],"version-history":[{"count":0,"href":"https:\/\/reformasbarcelona.info\/en\/wp-json\/wp\/v2\/pages\/14458\/revisions"}],"wp:featuredmedia":[{"embeddable":true,"href":"https:\/\/reformasbarcelona.info\/en\/wp-json\/wp\/v2\/media\/14477"}],"wp:attachment":[{"href":"https:\/\/reformasbarcelona.info\/en\/wp-json\/wp\/v2\/media?parent=14458"}],"curies":[{"name":"wp","href":"https:\/\/api.w.org\/{rel}","templated":true}]}}