{"id":12708,"date":"2026-03-06T13:40:56","date_gmt":"2026-03-06T12:40:56","guid":{"rendered":"http:\/\/reformasbarcelona.info\/?page_id=12708"},"modified":"2026-03-26T17:53:53","modified_gmt":"2026-03-26T16:53:53","slug":"cambiar-banera-por-plato-de-ducha","status":"publish","type":"page","link":"https:\/\/reformasbarcelona.info\/en\/tub-to-shower-conversion\/","title":{"rendered":"Tub to shower conversion"},"content":{"rendered":"<p><!-- OPTIMIZED H1 TITLE --><\/p>\n<h1 style=\"text-align: center;\">Bathtub to Shower Conversion in Barcelona: 2026 Guide<\/h1>\n<p>Are you thinking about <strong>replacing your old bathtub with a shower tray<\/strong>? At <a href=\"https:\/\/reformasbarcelona.info\/en\"><strong>A.<\/strong> <strong>Barcelona Reformas<\/strong><\/a> we are specialists in this transformation, offering fast, safe, and aesthetic solutions that improve your bathroom&#8217;s accessibility in record time. We have our <strong>own staff<\/strong>. We guarantee to replace your bathtub with a shower tray within <strong>48 hours<\/strong>.<\/p>\n<p><!-- AI ADDED VALUE SECTION --><\/p>\n<section id=\"beneficios-cambio-ducha\" style=\"background-color: #f9f9f9; padding: 20px; border-radius: 8px; margin: 20px 0;\">\n<h2>Why Switch from Tub to Shower: Safety and Efficiency<\/h2>\n<ul>\n<li><strong>Full Accessibility:<\/strong> We eliminate architectural barriers, ideal for the elderly or those with reduced mobility.<\/li>\n<li><strong>Water Savings:<\/strong> A shower uses up to 70% less water than a full bath, reducing your utility bills.<\/li>\n<li><strong>Space Gain:<\/strong> The bathroom will feel more spacious and open, improving the aesthetics of your Barcelona home.<\/li>\n<li><strong>Hygiene and Cleaning:<\/strong> Modern materials are antibacterial and much easier to maintain than old porcelain bathtubs.<\/li>\n<\/ul>\n<\/section>\n<p><!-- PRICE TABLE (MAINTAINED AS REQUESTED) --><\/p>\n<h2 style=\"text-align: center;\">Bathtub to Shower Conversion Prices in Barcelona<\/h2>\n<p style=\"text-align: center;\">Check our updated 2026 rates based on the type of finish you need:<\/p>\n<p>&nbsp;<\/p>\n<div>\n<div id=\"rpt_pricr\" class=\"rpt_plans rpt_3_plans rpt_style_basic\"><div class=\" rpt_sm_description rpt_xxsm_price rpt_sm_features\"><div class=\"rpt_plan  rpt_plugin_f rpt_plan_0 rpt_recommended_plan \"><div style=\"text-align:center;\" class=\"rpt_title rpt_title_0\">Basic<img decoding=\"async\" style=\"height:30px !important; width:30px !important;\" class=\"rpt_recommended\" src=\"https:\/\/reformasbarcelona.info\/wp-content\/plugins\/dk-pricr-responsive-pricing-table\/inc\/img\/rpt_recommended.png\"\/><\/div><div class=\"rpt_head rpt_head_0\"><div class=\"rpt_price rpt_price_0\">1299\u20ac+IVA<\/div><div style=\"color:#1e73be;\" class=\"rpt_subtitle rpt_subtitle_0\">Tub to shower conversion. Acrylic plate<\/div><div class=\"rpt_description rpt_description_0\">For spaces up to 160 * 70cm<\/div><\/div><div class=\"rpt_features rpt_features_0\"><div style=\"color:black;\" class=\"rpt_feature rpt_feature_0-0\"><strong>Esta oferta incluye:<\/strong>\r<\/div><div style=\"color:black;\" class=\"rpt_feature rpt_feature_0-1\">Toma de medidas\r<\/div><div style=\"color:black;\" class=\"rpt_feature rpt_feature_0-2\">Protecci\u00f3n de pavimento y enseres con pl\u00e1sticos y\/o papel\r<\/div><div style=\"color:black;\" class=\"rpt_feature rpt_feature_0-3\">Desmontaje y retirada de la antigua ba\u00f1era y desescombro.\r<\/div><div style=\"color:black;\" class=\"rpt_feature rpt_feature_0-4\">Nivelar, enfoscar, macizar y arreglar los tramos de paredes que han quedado libres\r<\/div><div style=\"color:black;\" class=\"rpt_feature rpt_feature_0-5\">Suministro e instalaci\u00f3n plato de ducha acr\u00edlico antideslizante color blanco hasta  160*70cm. \r<\/div><div style=\"color:black;\" class=\"rpt_feature rpt_feature_0-6\"><a href=\"http:\/\/reformasbarcelona.info\/wp-content\/uploads\/2016\/10\/plato-de-ducha-acri%CC%81lico.jpg\">VER PLATO<\/a>\r<\/div><div style=\"color:black;\" class=\"rpt_feature rpt_feature_0-7\">Suministro e instalaci\u00f3n de azulejo en paredes (azulejado a elegir hasta 15\u20ac\/m2), hasta la altura de la ba\u00f1era, incluyendo la fijaci\u00f3n, agarre, rejuntado, sellado y acabado (hasta 3m2)\r<\/div><div style=\"color:black;\" class=\"rpt_feature rpt_feature_0-8\">Adaptaci\u00f3n del el sistema de entrada de agua actual a la nueva instalaci\u00f3n\r<\/div><div style=\"color:black;\" class=\"rpt_feature rpt_feature_0-9\">Adaptaci\u00f3n del el sistema de evacuaci\u00f3n de agua actual a la nueva instalaci\u00f3n\r<\/div><div style=\"color:black;\" class=\"rpt_feature rpt_feature_0-10\">Suministro e instalaci\u00f3n de v\u00e1lvula de desag\u00fce sanitaria y conexi\u00f3n a bote sif\u00f3nico con tubo flexible de PVC\r<\/div><div style=\"color:black;\" class=\"rpt_feature rpt_feature_0-11\">Suministro e instalaci\u00f3n monomando de ducha Grohe Eurosmart sin modificar la altura de las tomas de agua\r<\/div><div style=\"color:black;\" class=\"rpt_feature rpt_feature_0-12\"><a href=\"http:\/\/reformasbarcelona.info\/wp-content\/uploads\/2016\/10\/Monomando-de-ducha-Grohe-Eurosmart.jpg\">VER GRIFO<\/a>\r<\/div><div style=\"color:black;\" class=\"rpt_feature rpt_feature_0-13\">Suministro e instalaci\u00f3n barra de ducha Grohe Tempesta\r<\/div><div style=\"color:black;\" class=\"rpt_feature rpt_feature_0-14\"><a href=\"http:\/\/reformasbarcelona.info\/wp-content\/uploads\/2015\/02\/barra-ducha-grohe-tempesta.jpg\">VER BARRA<\/a>\r<\/div><div style=\"color:black;\" class=\"rpt_feature rpt_feature_0-15\">Suministro e instalaci\u00f3n mampara fija de vidrio securizado transparente hasta 100*195 cm \r<\/div><div style=\"color:black;\" class=\"rpt_feature rpt_feature_0-16\"><a href=\"http:\/\/reformasbarcelona.info\/wp-content\/uploads\/2016\/10\/Plato-de-ducha-por-ban%CC%83era.jpeg\">VER MAMPARA<\/a><\/div><\/div><a target=\"_self\" href=\"http:\/\/reformasbarcelona.info\/contacto\/\" style=\"background:#1e73be\" class=\"rpt_foot rpt_foot_0\">Ask for for a free in home consultation<\/a><\/div><div class=\"rpt_plan  rpt_plugin_f rpt_plan_1 rpt_recommended_plan \"><div style=\"text-align:center;\" class=\"rpt_title rpt_title_1\">Higher<img decoding=\"async\" style=\"height:30px !important; width:30px !important;\" class=\"rpt_recommended\" src=\"https:\/\/reformasbarcelona.info\/wp-content\/plugins\/dk-pricr-responsive-pricing-table\/inc\/img\/rpt_recommended.png\"\/><\/div><div class=\"rpt_head rpt_head_1\"><div class=\"rpt_price rpt_price_1\">1599\u20ac+IVA<\/div><div style=\"color:#1e73be;\" class=\"rpt_subtitle rpt_subtitle_1\">Tub to shower conversion. Mineral plate<\/div><div class=\"rpt_description rpt_description_1\">For spaces up to 160 * 70cm<\/div><\/div><div class=\"rpt_features rpt_features_1\"><div style=\"color:black;\" class=\"rpt_feature rpt_feature_1-0\"><strong>Esta oferta incluye:<\/strong>\r<\/div><div style=\"color:black;\" class=\"rpt_feature rpt_feature_1-1\">Toma de medidas\r<\/div><div style=\"color:black;\" class=\"rpt_feature rpt_feature_1-2\">Protecci\u00f3n de pavimento y enseres con pl\u00e1sticos y\/o papel\r<\/div><div style=\"color:black;\" class=\"rpt_feature rpt_feature_1-3\">Desmontaje y retirada de la antigua ba\u00f1era y desescombro.\r<\/div><div style=\"color:black;\" class=\"rpt_feature rpt_feature_1-4\">Nivelar, enfoscar, macizar y arreglar los tramos de paredes que han quedado libres\r<\/div><div style=\"color:black;\" class=\"rpt_feature rpt_feature_1-5\">Suministro e instalaci\u00f3n plato de ducha de resina con carga mineral hasta 160*70cm. Color a elegir entre blanco o antracita \r<\/div><div style=\"color:black;\" class=\"rpt_feature rpt_feature_1-6\"><a href=\"http:\/\/reformasbarcelona.info\/wp-content\/uploads\/2016\/10\/Captura-de-pantalla-2016-10-19-a-las-15.56.38.png\">VER PLATO<\/a>\r<\/div><div style=\"color:black;\" class=\"rpt_feature rpt_feature_1-7\">Suministro e instalaci\u00f3n de azulejo en paredes (azulejado a elegir hasta 22\u20ac\/m2), hasta la altura de la ba\u00f1era, incluyendo la fijaci\u00f3n, agarre, rejuntado, sellado y acabado (hasta 3m2)\r<\/div><div style=\"color:black;\" class=\"rpt_feature rpt_feature_1-8\">Adaptaci\u00f3n del el sistema de entrada de agua actual a la nueva instalaci\u00f3n\r<\/div><div style=\"color:black;\" class=\"rpt_feature rpt_feature_1-9\">Adaptaci\u00f3n del el sistema de evacuaci\u00f3n de agua actual a la nueva instalaci\u00f3n\r<\/div><div style=\"color:black;\" class=\"rpt_feature rpt_feature_1-10\">Suministro e instalaci\u00f3n de v\u00e1lvula de desag\u00fce sanitaria y conexi\u00f3n a bote sif\u00f3nico con tubo flexible de PVC\r<\/div><div style=\"color:black;\" class=\"rpt_feature rpt_feature_1-11\">Suministro e instalaci\u00f3n monomando de Ducha Grohe Grohtherm 800 adaptando las tuber\u00edas a la ducha\r<\/div><div style=\"color:black;\" class=\"rpt_feature rpt_feature_1-12\"><a href=\"http:\/\/reformasbarcelona.info\/wp-content\/uploads\/2016\/10\/Grohe-termosta\u0301tico-800-ducha-2.jpg\">VER GRIFO<\/a>\r<\/div><div style=\"color:black;\" class=\"rpt_feature rpt_feature_1-13\">Suministro e instalaci\u00f3n barra de ducha Grohe Tempesta\r<\/div><div style=\"color:black;\" class=\"rpt_feature rpt_feature_1-14\"><a href=\"http:\/\/reformasbarcelona.info\/wp-content\/uploads\/2015\/02\/barra-ducha-grohe-tempesta.jpg\">VER BARRA<\/a>\r<\/div><div style=\"color:black;\" class=\"rpt_feature rpt_feature_1-15\">Suministro e instalaci\u00f3n mampara fija de vidrio securizado transparente hasta 100*195 cm  \r<\/div><div style=\"color:black;\" class=\"rpt_feature rpt_feature_1-16\"><a href=\"http:\/\/reformasbarcelona.info\/wp-content\/uploads\/2016\/10\/Plato-de-ducha-por-ban%CC%83era.jpeg\">VER MAMPARA<\/a><\/div><\/div><a target=\"_self\" href=\"http:\/\/reformasbarcelona.info\/contacto\/\" style=\"background:#1e73be\" class=\"rpt_foot rpt_foot_1\">Ask for for a free in home consultation<\/a><\/div><div class=\"rpt_plan  rpt_plugin_f rpt_plan_2 rpt_recommended_plan \"><div style=\"text-align:center;\" class=\"rpt_title rpt_title_2\">Luxery<img decoding=\"async\" style=\"height:30px !important; width:30px !important;\" class=\"rpt_recommended\" src=\"https:\/\/reformasbarcelona.info\/wp-content\/plugins\/dk-pricr-responsive-pricing-table\/inc\/img\/rpt_recommended.png\"\/><\/div><div class=\"rpt_head rpt_head_2\"><div class=\"rpt_price rpt_price_2\">1799\u20ac+IVA<\/div><div style=\"color:#1e73be;\" class=\"rpt_subtitle rpt_subtitle_2\">Tub to shower conversion. tiled shower base<\/div><div class=\"rpt_description rpt_description_2\">For spaces up to 160 * 70cm<\/div><\/div><div class=\"rpt_features rpt_features_2\"><div style=\"color:black;\" class=\"rpt_feature rpt_feature_2-0\"><strong>Esta oferta incluye:<\/strong>\r<\/div><div style=\"color:black;\" class=\"rpt_feature rpt_feature_2-1\">Toma de medidas\r<\/div><div style=\"color:black;\" class=\"rpt_feature rpt_feature_2-2\">Protecci\u00f3n de pavimento y enseres con pl\u00e1sticos y\/o papel\r<\/div><div style=\"color:black;\" class=\"rpt_feature rpt_feature_2-3\">Desmontaje y retirada de la antigua ba\u00f1era y desescombro.\r<\/div><div style=\"color:black;\" class=\"rpt_feature rpt_feature_2-4\">Nivelar, enfoscar, macizar y arreglar los tramos de paredes que han quedado libres\r<\/div><div style=\"color:black;\" class=\"rpt_feature rpt_feature_2-5\">Suministro e instalaci\u00f3n plato de ducha de obra hasta 160*70cm previa impermeabilizaci\u00f3n del soporte.\r<\/div><div style=\"color:black;\" class=\"rpt_feature rpt_feature_2-6\"><a href=\"http:\/\/reformasbarcelona.info\/wp-content\/uploads\/2013\/06\/Bergara-2.jpg\">VER PLATO<\/a>\r<\/div><div style=\"color:black;\" class=\"rpt_feature rpt_feature_2-7\">Suministro e instalaci\u00f3n de azulejo en paredes (azulejado a elegir hasta 28\u20ac\/m2), hasta la altura de la ba\u00f1era, incluyendo la fijaci\u00f3n, agarre, rejuntado, sellado y acabado (hasta 3m2)\r<\/div><div style=\"color:black;\" class=\"rpt_feature rpt_feature_2-8\">Adaptaci\u00f3n del el sistema de entrada de agua actual a la nueva instalaci\u00f3n\r<\/div><div style=\"color:black;\" class=\"rpt_feature rpt_feature_2-9\">Adaptaci\u00f3n del el sistema de evacuaci\u00f3n de agua actual a la nueva instalaci\u00f3n\r<\/div><div style=\"color:black;\" class=\"rpt_feature rpt_feature_2-10\">Suministro e instalaci\u00f3n de v\u00e1lvula de desag\u00fce sanitaria y conexi\u00f3n a bote sif\u00f3nico con tubo flexible de PVC\r<\/div><div style=\"color:black;\" class=\"rpt_feature rpt_feature_2-11\">Suministro e instalaci\u00f3n monomando de Ducha Grohe Grohtherm 800 adaptando las tuber\u00edas a la ducha\r<\/div><div style=\"color:black;\" class=\"rpt_feature rpt_feature_2-12\"><a href=\"http:\/\/reformasbarcelona.info\/wp-content\/uploads\/2016\/10\/Grohe-termosta\u0301tico-800-ducha-2.jpg\">VER GRIFO<\/a>\r<\/div><div style=\"color:black;\" class=\"rpt_feature rpt_feature_2-13\">Suministro e instalaci\u00f3n barra de ducha Grohe Tempesta\r<\/div><div style=\"color:black;\" class=\"rpt_feature rpt_feature_2-14\"><a href=\"http:\/\/reformasbarcelona.info\/wp-content\/uploads\/2015\/02\/barra-ducha-grohe-tempesta.jpg\">VER BARRA<\/a>\r<\/div><div style=\"color:black;\" class=\"rpt_feature rpt_feature_2-15\">Suministro e instalaci\u00f3n mampara fija de vidrio securizado transparente hasta 100*195 cm \r<\/div><div style=\"color:black;\" class=\"rpt_feature rpt_feature_2-16\"><a href=\"http:\/\/reformasbarcelona.info\/wp-content\/uploads\/2016\/10\/Plato-de-ducha-por-ban%CC%83era.jpeg\">VER MAMPARA<\/a><\/div><\/div><a target=\"_self\" href=\"http:\/\/reformasbarcelona.info\/contacto\/\" style=\"background:#1e73be\" class=\"rpt_foot rpt_foot_2\">Ask for for a free in home consultation<\/a><\/div><\/div><\/div><div style=\"clear:both;\"><\/div>\n<div>\n<div>\n<section id=\"proceso-reforma\">\n<h2>&nbsp;<\/h2>\n<h2>Our Installation Process in 48-72 Hours<\/h2>\n<p>We know the bathroom is a critical room. That&#8217;s why our in-house team of workers coordinates every step to minimize inconvenience:<\/p>\n<div style=\"display: grid; grid-template-columns: 1fr 1fr; gap: 20px; margin-top: 20px;\">\n<div>\n<h3>1. Removal and Debris Management<\/h3>\n<p>We remove the old bathtub and manage the debris ecologically following Barcelona&#8217;s municipal regulations.<\/p>\n<\/div>\n<div>\n<h3>2. Plumbing Adjustment<\/h3>\n<p>We adapt the water inlets and the drain to guarantee perfect evacuation and prevent future leaks.<\/p>\n<\/div>\n<div>\n<h3>3. Tray and Wall Covering Installation<\/h3>\n<p>We install non-slip shower trays (Mineral load or Resin) and cover the walls with matching tiles or decorative panels.<\/p>\n<\/div>\n<div>\n<h3>4. Screen and Tap Assembly<\/h3>\n<p>We finish with the installation of tempered glass screens and thermostatic shower systems for maximum comfort.<\/p>\n<\/div>\n<\/div>\n<\/section>\n<p><!-- TRUST SECTION \/ AI E-E-A-T --><\/p>\n<section id=\"especialistas-barcelona\" style=\"margin-top: 40px; border-top: 1px solid #eee; padding-top: 20px;\">ngg_shortcode_2_placeholder<\/p>\n<h2>Bathroom Renovation Experts by Districts<\/h2>\n<p>We do not subcontract. We have <strong>qualified in-house staff<\/strong> who perfectly understand the peculiarities of buildings in Barcelona, from Eixample to Sarri\u00e0. This allows us to offer a <strong>written guarantee<\/strong> on all our bathtub conversion works.<\/p>\n<div style=\"background: #2a8ed1; color: white; padding: 25px; text-align: center; border-radius: 10px;\">\n<p style=\"font-size: 1.2em; margin-bottom: 15px;\"><span style=\"color: #000000;\">Do you want a fixed quote for your new shower?<\/span><\/p>\n<p><a style=\"background-color: #ff9800; color: white; padding: 15px 30px; text-decoration: none; font-weight: bold; border-radius: 5px; display: inline-block;\" href=\"https:\/\/reformasbarcelona.info\/en\/for-a-free-quote\/\">REQUEST FREE QUOTE<\/a><\/p>\n<\/div>\n<\/section>\n<p><!-- FAQ FOR GOOGLE SNIPPETS --><\/p>\n<section class=\"faq\" style=\"margin-top: 40px;\">\n<h2>Frequently Asked Questions about Bathtub Conversion<\/h2>\n<div style=\"margin-bottom: 15px;\">\n<p><span style=\"color: #000000;\"><strong>How long does it take to change a bathtub for a shower tray?<\/strong><\/span><\/p>\n<p><span style=\"color: #000000;\">Normally we carry out the work within 24 to 48 business hours, leaving the bathroom functional as soon as possible.<\/span><\/p>\n<\/div>\n<div style=\"margin-bottom: 15px;\">\n<p><span style=\"color: #000000;\"><strong>Is it necessary to request a building permit in Barcelona for this?<\/strong><\/span><\/p>\n<p><span style=\"color: #000000;\">Yes, it usually requires an &#8220;<a href=\"https:\/\/reformasbarcelona.info\/en\/how-to-get-building-permits-in-barcelona-2026-guide\/\"><span style=\"color: #0000ff;\">Assabentat<\/span><\/a>&#8221; for minor works, which we can help you process.<\/span><\/p>\n<\/div>\n<div style=\"margin-bottom: 15px;\">\n<p><span style=\"color: #000000;\"><strong>Which shower tray material is the best?<\/strong><\/span><\/p>\n<p><span style=\"color: #000000;\">We recommend resin trays with mineral load for their high resistance, non-slip properties (Class 3), and extra-flat design.<\/span><\/p>\n<\/div>\n<\/section>\n<\/div>\n<\/div>\n<\/div>\n<p><\/p>","protected":false},"excerpt":{"rendered":"<p>Bathtub to Shower Conversion in Barcelona: 2026 Guide Are you thinking about replacing your old <\/p>\n","protected":false},"author":2,"featured_media":1895,"parent":0,"menu_order":0,"comment_status":"closed","ping_status":"closed","template":"","meta":{"_seopress_robots_primary_cat":"","_seopress_titles_title":"Replace bathtub with shower tray in Barcelona | In 48h","_seopress_titles_desc":"Want to replace your bathtub with a non-slip shower tray? Specialists in Barcelona offer fast, hassle-free installation. Request your fixed-price quote today!","_seopress_robots_index":"","ngg_post_thumbnail":0,"_ayudawp_aiss_exclude":false,"footnotes":""},"class_list":["post-12708","page","type-page","status-publish","has-post-thumbnail"],"_links":{"self":[{"href":"https:\/\/reformasbarcelona.info\/en\/wp-json\/wp\/v2\/pages\/12708","targetHints":{"allow":["GET"]}}],"collection":[{"href":"https:\/\/reformasbarcelona.info\/en\/wp-json\/wp\/v2\/pages"}],"about":[{"href":"https:\/\/reformasbarcelona.info\/en\/wp-json\/wp\/v2\/types\/page"}],"author":[{"embeddable":true,"href":"https:\/\/reformasbarcelona.info\/en\/wp-json\/wp\/v2\/users\/2"}],"replies":[{"embeddable":true,"href":"https:\/\/reformasbarcelona.info\/en\/wp-json\/wp\/v2\/comments?post=12708"}],"version-history":[{"count":1,"href":"https:\/\/reformasbarcelona.info\/en\/wp-json\/wp\/v2\/pages\/12708\/revisions"}],"predecessor-version":[{"id":78814,"href":"https:\/\/reformasbarcelona.info\/en\/wp-json\/wp\/v2\/pages\/12708\/revisions\/78814"}],"wp:featuredmedia":[{"embeddable":true,"href":"https:\/\/reformasbarcelona.info\/en\/wp-json\/wp\/v2\/media\/1895"}],"wp:attachment":[{"href":"https:\/\/reformasbarcelona.info\/en\/wp-json\/wp\/v2\/media?parent=12708"}],"curies":[{"name":"wp","href":"https:\/\/api.w.org\/{rel}","templated":true}]}}