{"id":82197,"date":"2026-04-11T12:19:16","date_gmt":"2026-04-11T10:19:16","guid":{"rendered":"https:\/\/reformasbarcelona.info\/?page_id=82197"},"modified":"2026-04-11T12:37:12","modified_gmt":"2026-04-11T10:37:12","slug":"reformas-sarria-sant-gervasi","status":"publish","type":"page","link":"https:\/\/reformasbarcelona.info\/ca\/reformes-sarria-sant-gervasi\/","title":{"rendered":"Reformes Sarria-Sant Gervasi"},"content":{"rendered":"<p><\/p>\n<h1>Reformes d&#8217;alta gamma a Sarri\u00e0-Sant Gervasi<\/h1>\n<div style=\"font-family: 'Google Sans', Arial, sans-serif; font-size: 16px; line-height: 1.6; color: #333; margin-bottom: 20px;\">Sarri\u00e0 \u00e9s sin\u00f2nim de distinci\u00f3 i eleg\u00e0ncia a Barcelona. A <strong>A. Barcelona Reformas<\/strong>, som experts en reformes integrals d&#8217;alt nivell, adaptant cada projecte a les exig\u00e8ncies d&#8217;un barri que busca l&#8217;excel\u00b7l\u00e8ncia. En carrers emblem\u00e0tics com Ganduxer o la Via Augusta, transformem habitatges en llars de luxe, combinant materials de primera qualitat amb solucions tecnol\u00f2giques avan\u00e7ades per garantir el m\u00e0xim confort i un disseny impecable.<\/div>\n<div style=\"width: 48%; float: left; margin-right: 4%; border: 1px solid #ddd; border-radius: 8px; background: #fff; box-shadow: 0 2px 5px rgba(0,0,0,0.1);\">\n<p><img decoding=\"async\" style=\"width: 100%; height: auto; border-bottom: 1px solid #ddd; border-radius: 8px 8px 0 0;\" src=\"https:\/\/reformasbarcelona.info\/wp-content\/uploads\/2026\/02\/reforma-integral-cocina-final-carrer-ganduxer-1.jpg\"><\/p>\n<div style=\"padding: 15px; text-align: center;\">\n<h3 style=\"margin-top: 0; font-size: 18px;\">Carrer Ganduxer<\/h3>\n<p style=\"font-size: 14px; color: #666;\">Acabats pr\u00e8mium i disseny exclusiu<\/p>\n<p><a style=\"display: inline-block; padding: 8px 15px; background-color: #007bff; color: #fff; text-decoration: none; border-radius: 5px; font-weight: bold; font-size: 14px;\" href=\"https:\/\/reformasbarcelona.info\/ca\/reforma-integral-de-pis-en-ganduxer-barcelona\/\">VEURE PROJECTE<\/a><\/p>\n<\/div>\n<\/div>\n<div style=\"clear: both; padding-top: 20px;\">\n<h3>&nbsp;<\/h3>\n<h3>Preguntes Freq\u00fcents (FAQ):<\/h3>\n<p><strong>Treballeu amb materials d&#8217;alta gamma i dom\u00f2tica?<\/strong><\/p>\n<p>S\u00ed, estem acostumats a integrar sistemes de dom\u00f2tica avan\u00e7ada i acabats de luxe. Treballem amb els millors prove\u00efdors per oferir paviments de fusta noble, marbres i cuines de disseny que compleixen els est\u00e0ndards de Sarri\u00e0.<\/p>\n<div class=\"Y3BBE\" data-sfc-cp=\"\" data-sfc-root=\"c\" data-sfc-cb=\"\" data-hveid=\"CAEIBxAA\" data-complete=\"true\" data-processed=\"true\" data-copy-service-computed-style=\"font-family: &quot;Google Sans&quot;, Arial, sans-serif; font-size: 16px; font-weight: 400; margin: 12px 0px 16px; text-decoration: none solid rgb(10, 10, 10); border-bottom: 0px none rgb(10, 10, 10);\"><strong class=\"Yjhzub\" data-sfc-root=\"c\" data-sfc-cb=\"\" data-complete=\"true\" data-processed=\"true\" data-copy-service-computed-style=\"font-family: &quot;Google Sans&quot;, Arial, sans-serif; font-size: 16px; font-weight: 700; margin: 0px; text-decoration: none solid rgb(10, 10, 10); border-bottom: 0px none rgb(10, 10, 10);\">Realitzeu projectes &#8220;claus en m\u00e0&#8221; amb disseny d&#8217;interiors?<\/strong><\/div>\n<div class=\"Y3BBE\" data-sfc-cp=\"\" data-sfc-root=\"c\" data-sfc-cb=\"\" data-hveid=\"CAEIBxAA\" data-complete=\"true\" data-processed=\"true\" data-copy-service-computed-style=\"font-family: &quot;Google Sans&quot;, Arial, sans-serif; font-size: 16px; font-weight: 400; margin: 12px 0px 16px; text-decoration: none solid rgb(10, 10, 10); border-bottom: 0px none rgb(10, 10, 10);\"><strong class=\"Yjhzub\" data-sfc-root=\"c\" data-sfc-cb=\"\" data-complete=\"true\" data-processed=\"true\" data-copy-service-computed-style=\"font-family: &quot;Google Sans&quot;, Arial, sans-serif; font-size: 16px; font-weight: 700; margin: 0px; text-decoration: none solid rgb(10, 10, 10); border-bottom: 0px none rgb(10, 10, 10);\"><!--TgQPHd|[]--><\/strong><br data-sfc-root=\"c\" data-sfc-pl=\"|[]\" data-sfc-cb=\"\" data-complete=\"true\" data-processed=\"true\" data-copy-service-computed-style=\"font-family: &quot;Google Sans&quot;, Arial, sans-serif; font-size: 16px; font-weight: 400; margin: 0px; text-decoration: none solid rgb(10, 10, 10); border-bottom: 0px none rgb(10, 10, 10);\">I tant, oferim un servei integral &#8220;claus en m\u00e0&#8221;. Ens encarreguem des de la primera proposta de disseny i selecci\u00f3 de materials exclusius fins a l&#8217;execuci\u00f3 final de l&#8217;obra, incloent la decoraci\u00f3 si el client ho requereix, perqu\u00e8 no hagis de coordinar diferents prove\u00efdors.<!--TgQPHd|[]--><\/div>\n<div data-sfc-cp=\"\" data-sfc-root=\"c\" data-sfc-cb=\"\" data-hveid=\"CAEIBxAA\" data-complete=\"true\" data-processed=\"true\" data-copy-service-computed-style=\"font-family: &quot;Google Sans&quot;, Arial, sans-serif; font-size: 16px; font-weight: 400; margin: 12px 0px 16px; text-decoration: none solid rgb(10, 10, 10); border-bottom: 0px none rgb(10, 10, 10);\">&nbsp;<\/div>\n<div class=\"Y3BBE\" data-sfc-cp=\"\" data-sfc-root=\"c\" data-sfc-cb=\"\" data-hveid=\"CAEICBAA\" data-complete=\"true\" data-processed=\"true\" aria-owns=\"action-menu-parent-container\" data-copy-service-computed-style=\"font-family: &quot;Google Sans&quot;, Arial, sans-serif; font-size: 16px; font-weight: 400; margin: 12px 0px 16px; text-decoration: none solid rgb(10, 10, 10); border-bottom: 0px none rgb(10, 10, 10);\"><strong class=\"Yjhzub\" data-sfc-root=\"c\" data-sfc-cb=\"\" data-complete=\"true\" data-processed=\"true\" data-copy-service-computed-style=\"font-family: &quot;Google Sans&quot;, Arial, sans-serif; font-size: 16px; font-weight: 700; margin: 0px; text-decoration: none solid rgb(10, 10, 10); border-bottom: 0px none rgb(10, 10, 10);\">Com milloreu l&#8217;efici\u00e8ncia energ\u00e8tica en finques de la zona alta?<\/strong><\/div>\n<div class=\"Y3BBE\" data-sfc-cp=\"\" data-sfc-root=\"c\" data-sfc-cb=\"\" data-hveid=\"CAEICBAA\" data-complete=\"true\" data-processed=\"true\" aria-owns=\"action-menu-parent-container\" data-copy-service-computed-style=\"font-family: &quot;Google Sans&quot;, Arial, sans-serif; font-size: 16px; font-weight: 400; margin: 12px 0px 16px; text-decoration: none solid rgb(10, 10, 10); border-bottom: 0px none rgb(10, 10, 10);\"><strong class=\"Yjhzub\" data-sfc-root=\"c\" data-sfc-cb=\"\" data-complete=\"true\" data-processed=\"true\" data-copy-service-computed-style=\"font-family: &quot;Google Sans&quot;, Arial, sans-serif; font-size: 16px; font-weight: 700; margin: 0px; text-decoration: none solid rgb(10, 10, 10); border-bottom: 0px none rgb(10, 10, 10);\"><!--TgQPHd|[]--><\/strong><br data-sfc-root=\"c\" data-sfc-pl=\"|[]\" data-sfc-cb=\"\" data-complete=\"true\" data-processed=\"true\" data-copy-service-computed-style=\"font-family: &quot;Google Sans&quot;, Arial, sans-serif; font-size: 16px; font-weight: 400; margin: 0px; text-decoration: none solid rgb(10, 10, 10); border-bottom: 0px none rgb(10, 10, 10);\">A Sarri\u00e0 moltes finques requereixen una actualitzaci\u00f3 t\u00e8rmica i ac\u00fastica. Instal\u00b7lem tancaments d&#8217;alta gamma amb trencament de pont t\u00e8rmic i sistemes de climatitzaci\u00f3 invisible (aerot\u00e8rmia o terra radiant), garantint un confort \u00f2ptim i un estalvi energ\u00e8tic considerable.<\/div>\n<p><strong>Com assegureu la neteja i discreci\u00f3 en comunitats exclusives?<\/strong><\/p>\n<p>La discreci\u00f3 \u00e9s clau en les nostres obres a la zona alta. Protegim meticulosament les zones comunes de la finca i mantenim una neteja di\u00e0ria rigorosa per minimitzar qualsevol mol\u00e8stia als ve\u00efns.<\/p>\n<\/div>\n<p><\/p>","protected":false},"excerpt":{"rendered":"<p>Reformes d&#8217;alta gamma a Sarri\u00e0-Sant Gervasi Sarri\u00e0 \u00e9s sin\u00f2nim de distinci\u00f3 i eleg\u00e0ncia a Barcelona. <\/p>\n","protected":false},"author":2,"featured_media":0,"parent":0,"menu_order":0,"comment_status":"closed","ping_status":"closed","template":"","meta":{"_seopress_robots_primary_cat":"","_seopress_titles_title":"Reformes de Luxe a Sarri\u00e0-Sant Gervasi | A. Barcelona Reformas","_seopress_titles_desc":"Especialistes en reformes integrals d'alt nivell a la zona alta de Barcelona. Acabats premium, dom\u00f2tica i disseny exclusiu a Sarri\u00e0 i Sant Gervasi.","_seopress_robots_index":"","ngg_post_thumbnail":0,"_ayudawp_aiss_exclude":false,"footnotes":""},"class_list":["post-82197","page","type-page","status-publish"],"_links":{"self":[{"href":"https:\/\/reformasbarcelona.info\/ca\/wp-json\/wp\/v2\/pages\/82197","targetHints":{"allow":["GET"]}}],"collection":[{"href":"https:\/\/reformasbarcelona.info\/ca\/wp-json\/wp\/v2\/pages"}],"about":[{"href":"https:\/\/reformasbarcelona.info\/ca\/wp-json\/wp\/v2\/types\/page"}],"author":[{"embeddable":true,"href":"https:\/\/reformasbarcelona.info\/ca\/wp-json\/wp\/v2\/users\/2"}],"replies":[{"embeddable":true,"href":"https:\/\/reformasbarcelona.info\/ca\/wp-json\/wp\/v2\/comments?post=82197"}],"version-history":[{"count":5,"href":"https:\/\/reformasbarcelona.info\/ca\/wp-json\/wp\/v2\/pages\/82197\/revisions"}],"predecessor-version":[{"id":82205,"href":"https:\/\/reformasbarcelona.info\/ca\/wp-json\/wp\/v2\/pages\/82197\/revisions\/82205"}],"wp:attachment":[{"href":"https:\/\/reformasbarcelona.info\/ca\/wp-json\/wp\/v2\/media?parent=82197"}],"curies":[{"name":"wp","href":"https:\/\/api.w.org\/{rel}","templated":true}]}}