{"id":74397,"date":"2026-03-02T16:33:31","date_gmt":"2026-03-02T15:33:31","guid":{"rendered":"https:\/\/reformasbarcelona.info\/?page_id=74397"},"modified":"2026-03-19T17:19:37","modified_gmt":"2026-03-19T16:19:37","slug":"presupuestos-reales-barcelona","status":"publish","type":"page","link":"https:\/\/reformasbarcelona.info\/ca\/pressupostos-reals-barcelona\/","title":{"rendered":"Pressupostos Reals Barcelona"},"content":{"rendered":"<p><\/p>\n<div style=\"background: #f4f9ff; padding: 50px 20px; border-radius: 20px; text-align: center; margin-bottom: 40px; border: 1px solid #d1e4f7; font-family: sans-serif;\">\n<h1 style=\"color: #0073aa; font-size: 34px; margin-top: 0;\">Pressupostos Reals de Reformes a Barcelona. Actualitzat a 2026<\/h1>\n<p style=\"font-size: 19px; color: #444; max-width: 800px; margin: 20px auto;\">Accedeix al desglossament detallat d&#8217;<strong>obres reals executades<\/strong>. Compara costos per metres quadrats amb total transpar\u00e8ncia.<\/p>\n<p><a style=\"background: #e63946; color: white !important; padding: 15px 35px; text-decoration: none; border-radius: 50px; font-weight: bold; display: inline-block;\" href=\"https:\/\/reformasbarcelona.info\/ca\/contacto\/\">&#x1f680; SOL\u00b7LICITAR EL MEU PRESSUPOST TANCAT<\/a><\/p>\n<\/div>\n<p><!-- BLOC DE CONFIAN\u00c7A: PRESSUPOST TANCAT --><\/p>\n<div style=\"max-width: 900px; margin: 0 auto 50px auto; background: #fffdf0; border: 2px solid #ffea00; padding: 30px; border-radius: 15px; display: flex; align-items: center; gap: 20px; flex-wrap: wrap; justify-content: center; font-family: sans-serif;\">\n<div style=\"font-size: 40px;\">&#x2705;<\/div>\n<div style=\"flex: 1; min-width: 250px; text-align: left;\">\n<h3 style=\"margin: 0; color: #333; font-size: 20px;\">Comprom\u00eds de Pressupost Tancat<\/h3>\n<p style=\"margin: 5px 0 0 0; color: #666; font-size: 15px; line-height: 1.4;\">A <a href=\"https:\/\/reformasbarcelona.info\/ca\"><strong>Barcelona Reformas<\/strong><\/a>, el preu que signem al contracte \u00e9s el preu final. Sense desviacions, sense costos ocults i amb total transpar\u00e8ncia des del primer dia.<\/p>\n<\/div>\n<\/div>\n<p><!-- QUADR\u00cdCULA DE CASOS REALS --><\/p>\n<div style=\"display: flex; flex-wrap: wrap; gap: 25px; justify-content: center; font-family: sans-serif;\">\n<p><!-- CAIXA 1: PIS 57m2 --><\/p>\n<div style=\"flex: 1; min-width: 300px; max-width: 380px; background: white; border-radius: 15px; overflow: hidden; box-shadow: 0 5px 15px rgba(0,0,0,0.08); border: 1px solid #eee; margin-bottom: 20px;\"><!-- ENLLA\u00c7 A LA FOTO --><br \/>\n<a style=\"display: block; height: 220px; overflow: hidden;\" href=\"https:\/\/reformasbarcelona.info\/presupuesto-precio-reforma-integral-piso-57m2\/\/\"><br \/>\n<img decoding=\"async\" style=\"width: 100%; height: 100%; object-fit: cover;\" src=\"https:\/\/reformasbarcelona.info\/wp-content\/uploads\/2026\/02\/rehabilitacion-integral-castillejos-barcelona.jpeg\" alt=\"Pressupost reforma pis 57m2\"><br \/>\n<\/a><\/p>\n<div style=\"padding: 25px;\">\n<p><span style=\"background: #0073aa; color: white; padding: 4px 10px; border-radius: 4px; font-size: 11px; font-weight: bold; text-transform: uppercase;\">Cas Real 57m\u00b2<\/span><\/p>\n<h3 style=\"color: #0073aa; margin: 15px 0 10px 0; font-size: 20px;\">Pressupost Reforma Pis 57m\u00b2<\/h3>\n<p style=\"font-size: 14px; color: #666; line-height: 1.5; margin-bottom: 20px;\">Preci\u00f3s pis al qual vam proporcionar gran lluminositat amb tonalitats clares.<\/p>\n<p><!-- ENLLA\u00c7 AL BOT\u00d3 --><br \/>\n<a style=\"color: #e63946; font-weight: bold; text-decoration: none; border-top: 1px solid #eee; display: block; padding-top: 15px; font-size: 16px;\" href=\"https:\/\/reformasbarcelona.info\/presupuesto-precio-reforma-integral-piso-57m2\/\/\">Veure pressupost detallat \u2192<\/a><\/p>\n<\/div>\n<\/div>\n<p><!-- CAIXA 2: PIS 78m2 --><\/p>\n<div style=\"flex: 1; min-width: 300px; max-width: 380px; background: white; border-radius: 15px; overflow: hidden; box-shadow: 0 5px 15px rgba(0,0,0,0.08); border: 1px solid #eee; margin-bottom: 20px;\"><!-- ENLLA\u00c7 A LA FOTO --><br \/>\n<a style=\"display: block; height: 220px; overflow: hidden;\" href=\"https:\/\/reformasbarcelona.info\/precio-reforma-integral-piso-78m\/\"><br \/>\n<img decoding=\"async\" style=\"width: 100%; height: 100%; object-fit: cover;\" src=\"https:\/\/reformasbarcelona.info\/wp-content\/uploads\/2026\/02\/reforma-integral-aseo-acacias.jpeg\" alt=\"Pressupost reforma pis 78m2\"><br \/>\n<\/a><\/p>\n<div style=\"padding: 25px;\">\n<p><span style=\"background: #0073aa; color: white; padding: 4px 10px; border-radius: 4px; font-size: 11px; font-weight: bold; text-transform: uppercase;\">Cas Real 78m\u00b2<\/span><\/p>\n<h3 style=\"color: #0073aa; margin: 15px 0 10px 0; font-size: 20px;\">Pressupost Reforma Pis 78m\u00b2<\/h3>\n<p style=\"font-size: 14px; color: #666; line-height: 1.5; margin-bottom: 20px;\">Cost real d&#8217;obra per a un habitatge est\u00e0ndard amb acabats de qualitat mitjana-alta.<\/p>\n<p><!-- ENLLA\u00c7 AL BOT\u00d3 --><br \/>\n<a style=\"color: #e63946; font-weight: bold; text-decoration: none; border-top: 1px solid #eee; display: block; padding-top: 15px; font-size: 16px;\" href=\"https:\/\/reformasbarcelona.info\/precio-reforma-integral-piso-78m\/\">Veure pressupost detallat \u2192<\/a><\/p>\n<\/div>\n<\/div>\n<p><!-- CAIXA 3: PIS 84m2 --><\/p>\n<div style=\"flex: 1; min-width: 300px; max-width: 380px; background: white; border-radius: 15px; overflow: hidden; box-shadow: 0 5px 15px rgba(0,0,0,0.08); border: 1px solid #eee; margin-bottom: 20px;\"><!-- ENLLA\u00c7 A LA FOTO --><br \/>\n<a style=\"display: block; height: 220px; overflow: hidden;\" href=\"https:\/\/reformasbarcelona.info\/presupuesto-precio-reforma-integral-piso-84m2\/\"><br \/>\n<img decoding=\"async\" style=\"width: 100%; height: 100%; object-fit: cover;\" src=\"https:\/\/reformasbarcelona.info\/wp-content\/uploads\/2026\/02\/reforma-integral-piso-aribau-1webp.webp\" alt=\"Pressupost reforma pis 84m2\"><br \/>\n<\/a><\/p>\n<div style=\"padding: 25px;\">\n<p><span style=\"background: #0073aa; color: white; padding: 4px 10px; border-radius: 4px; font-size: 11px; font-weight: bold; text-transform: uppercase;\">Cas Real 84m\u00b2<\/span><\/p>\n<h3 style=\"color: #0073aa; margin: 15px 0 10px 0; font-size: 20px;\">Pressupost Reforma Pis 84m\u00b2<\/h3>\n<p style=\"font-size: 14px; color: #666; line-height: 1.5; margin-bottom: 20px;\">Desglossament \u00edntegre: instal\u00b7lacions, cuina, 2 banys i fusteria a Barcelona.<\/p>\n<p><!-- ENLLA\u00c7 AL BOT\u00d3 --><br \/>\n<a style=\"color: #e63946; font-weight: bold; text-decoration: none; border-top: 1px solid #eee; display: block; padding-top: 15px; font-size: 16px;\" href=\"https:\/\/reformasbarcelona.info\/presupuesto-precio-reforma-integral-piso-84m2\/\">Veure pressupost detallat \u2192<\/a><\/p>\n<\/div>\n<\/div>\n<p><!-- CAIXA: CALCULADORA DESTACADA (BOT\u00d3 TARONJA) --><\/p>\n<div style=\"flex: 1; min-width: 300px; max-width: 380px; background: #333; border-radius: 15px; overflow: hidden; box-shadow: 0 8px 20px rgba(0,0,0,0.15); color: white; margin-bottom: 25px; transition: transform 0.3s ease;\">\n<div style=\"padding: 45px 25px; text-align: center; font-family: sans-serif;\">\n<div style=\"font-size: 55px; margin-bottom: 20px; filter: drop-shadow(0 4px 8px rgba(0,0,0,0.3));\">&#x1f9ee;<\/div>\n<h3 style=\"color: white; margin-top: 0; font-size: 24px; font-weight: bold;\">El teu pis t\u00e9 altres metres?<\/h3>\n<p style=\"font-size: 16px; opacity: 0.9; line-height: 1.6; margin-bottom: 30px;\">Si el teu habitatge \u00e9s diferent, utilitza el nostre simulador gratu\u00eft i sense registres per obtenir una estimaci\u00f3 de pressupost a l&#8217;instant.<\/p>\n<p><!-- BOT\u00d3 TARONJA D'ALT CONTRAST --><br \/>\n<a style=\"background: #ff9800; color: white !important; padding: 15px 30px; text-decoration: none; border-radius: 50px; font-weight: bold; font-size: 18px; display: inline-block; box-shadow: 0 4px 10px rgba(255,152,0,0.4); text-transform: uppercase; letter-spacing: 0.5px;\" href=\"https:\/\/reformasbarcelona.info\/ca\/calculadora-de-reformes-de-pisos-a-barcelona-preu-instantani-sense-registre\/\">Calcular el meu preu ara<br \/>\n<\/a><\/p>\n<p style=\"margin-top: 20px; font-size: 13px; opacity: 0.7;\">&#x26a1; Gratu\u00eft i sense comprom\u00eds<\/p>\n<\/div>\n<\/div>\n<p><!-- BOT\u00d3 DE TANCAMENT SECCI\u00d3 --><\/p>\n<div style=\"text-align: center; margin: 30px 0;\"><a style=\"background: #0073aa; color: white; padding: 15px 35px; text-decoration: none; border-radius: 5px; font-weight: bold; font-size: 1.1em; display: inline-block; box-shadow: 0 4px 6px rgba(0,0,0,0.1);\" href=\"https:\/\/reformasbarcelona.info\/ca\/preus-de-reformes-a-barcelona-pressupost-per-m2\/\">Preus de Reformes a Barcelona 2026 | Pressupost per m2<br \/>\n<\/a><\/div>\n<\/div>\n<p><\/p>","protected":false},"excerpt":{"rendered":"<p>Pressupostos Reals de Reformes a Barcelona. Actualitzat a 2026 Accedeix al desglossament detallat d&#8217;obres reals <\/p>\n","protected":false},"author":2,"featured_media":30186,"parent":0,"menu_order":0,"comment_status":"closed","ping_status":"closed","template":"","meta":{"_seopress_robots_primary_cat":"","_seopress_titles_title":"Pressupostos de Reformes a Barcelona 2026","_seopress_titles_desc":"Guia de preus reals de reformes integrals a Barcelona. Desglossament per m2, materials i pressuposts tancats d'obres executades","_seopress_robots_index":"","ngg_post_thumbnail":0,"_ayudawp_aiss_exclude":false,"footnotes":""},"class_list":["post-74397","page","type-page","status-publish","has-post-thumbnail"],"_links":{"self":[{"href":"https:\/\/reformasbarcelona.info\/ca\/wp-json\/wp\/v2\/pages\/74397","targetHints":{"allow":["GET"]}}],"collection":[{"href":"https:\/\/reformasbarcelona.info\/ca\/wp-json\/wp\/v2\/pages"}],"about":[{"href":"https:\/\/reformasbarcelona.info\/ca\/wp-json\/wp\/v2\/types\/page"}],"author":[{"embeddable":true,"href":"https:\/\/reformasbarcelona.info\/ca\/wp-json\/wp\/v2\/users\/2"}],"replies":[{"embeddable":true,"href":"https:\/\/reformasbarcelona.info\/ca\/wp-json\/wp\/v2\/comments?post=74397"}],"version-history":[{"count":2,"href":"https:\/\/reformasbarcelona.info\/ca\/wp-json\/wp\/v2\/pages\/74397\/revisions"}],"predecessor-version":[{"id":78334,"href":"https:\/\/reformasbarcelona.info\/ca\/wp-json\/wp\/v2\/pages\/74397\/revisions\/78334"}],"wp:featuredmedia":[{"embeddable":true,"href":"https:\/\/reformasbarcelona.info\/ca\/wp-json\/wp\/v2\/media\/30186"}],"wp:attachment":[{"href":"https:\/\/reformasbarcelona.info\/ca\/wp-json\/wp\/v2\/media?parent=74397"}],"curies":[{"name":"wp","href":"https:\/\/api.w.org\/{rel}","templated":true}]}}