{"id":69265,"date":"2026-03-16T11:20:54","date_gmt":"2026-03-16T10:20:54","guid":{"rendered":"https:\/\/reformasbarcelona.info\/?page_id=69265"},"modified":"2026-03-26T18:10:54","modified_gmt":"2026-03-26T17:10:54","slug":"como-elegir-una-empresa-de-reformas-en-barcelona-guia-practica-y-fiable","status":"publish","type":"page","link":"https:\/\/reformasbarcelona.info\/ca\/com-triar-una-empresa-de-reformes-a-barcelona-guia-practica-i-fiable\/","title":{"rendered":"Com triar una empresa de reformes a Barcelona. Guia pr\u00e0ctica i fiable"},"content":{"rendered":"<p>Molts llistats que veus per internet prometen \u201cmillors empreses\u201d basats nom\u00e9s en ressenyes o en all\u00f2 que apareix a la pr\u00f2pia web de l&#8217;empresa. Aix\u00f2 pot enganyar. Aqu\u00ed us expliquem com distingir reputaci\u00f3 real de m\u00e0rqueting i qu\u00e8 demanar per contractar amb seguretat.<\/p>\r\n<p><strong>Cerques una empresa de reformes a Barcelona amb garanties reals?<\/strong><\/p>\r\n<p>A <span style=\"color: #0000ff;\"><a style=\"color: #0000ff;\" href=\"https:\/\/reformasbarcelona.info\/ca\">A. \u200b\u200bBarcelona Reformas<\/a><\/span> prioritzem transpar\u00e8ncia: el nostre CIF, nota simple del Registre Mercantil, p\u00f2lissa de responsabilitat civil, plantilla pr\u00f2pia i refer\u00e8ncies estan sempre disponibles per al client. No et refi\u00efs nom\u00e9s de ressenyes o fotos: demana documentaci\u00f3 i verifica anys d&#8217;alta, nombre de treballadors i assegurances. Si voleu, us enviem tota la documentaci\u00f3 abans de la visita.<\/p>\r\n<p><strong>Senyals d&#8217;alarma (red flags)<\/strong><\/p>\r\n<ul>\r\n<li>No apareix al Registre Mercantil o el seu any de constituci\u00f3 \u00e9s molt recent i al web figura 20, 25 o 30 anys d&#8217;experi\u00e8ncia<\/li>\r\n<li>Es nega o demora en enviar la nota simple o p\u00f2lissa de R.C.<\/li>\r\n<li>Exigeix \u200b\u200bpagaments alts per avan\u00e7at sense contracte (m\u00e9s del 30% en obra petita, m\u00e9s discutible a obra major).<\/li>\r\n<li>No disposa de direcci\u00f3 f\u00edsica (nom\u00e9s m\u00f2bil o \u201coficina virtual\u201d).<\/li>\r\n<li>Pressupost gandul o \u201cpreu tancat\u201d sense detall de partides.<\/li>\r\n<li>Ofereix massa ressenyes sense dades verificables (sense noms, sense fotografies d&#8217;obra).<\/li>\r\n<li>Proposa pagaments \u201cen m\u00e0\u201d o per fora de factura.<\/li>\r\n<li>Insisteix a subcontractar sense identificar qui far\u00e0 realment l?obra.<\/li>\r\n<\/ul>\r\n<p><strong>Quines garanties exigir en contractes de reforma (m\u00ednims)<\/strong><\/p>\r\n<ul>\r\n<li>Termini d&#8217;execuci\u00f3 per fites (dates clares).<\/li>\r\n<li>Penalitzaci\u00f3 per retards raonable i proporcional.<\/li>\r\n<li>Asseguran\u00e7a de responsabilitat civil en vigor (munt indicat).<\/li>\r\n<li>Garantia sobre l&#8217;obra (6 mesos-2 anys per a acabats; 10 anys per a danys estructurals si s&#8217;aplica).<\/li>\r\n<li>Acta de lliurament amb la conformitat del client i les fotos de l&#8217;obra final.\r\n<ul class=\"wp-block-list\"><!-- \/wp:list-item --><\/ul>\r\n<!-- \/wp:list -->\r\n\r\n<!-- wp:imagely\/nextgen-gallery -->\r\nngg_shortcode_1_placeholder\r\n<!-- \/wp:imagely\/nextgen-gallery -->\r\n\r\n<!-- wp:shortcode -->\r\n\n<div class=\"wpcf7 no-js\" id=\"wpcf7-f673-o2\" lang=\"en-US\" dir=\"ltr\" data-wpcf7-id=\"673\">\n<div class=\"screen-reader-response\"><p role=\"status\" aria-live=\"polite\" aria-atomic=\"true\"><\/p> <ul><\/ul><\/div>\n<form action=\"\/ca\/wp-json\/wp\/v2\/pages\/69265#wpcf7-f673-o2\" method=\"post\" class=\"wpcf7-form init\" aria-label=\"Contact form\" novalidate=\"novalidate\" data-status=\"init\">\n<fieldset class=\"hidden-fields-container\"><input type=\"hidden\" name=\"_wpcf7\" value=\"673\" \/><input type=\"hidden\" name=\"_wpcf7_version\" value=\"6.1.5\" \/><input type=\"hidden\" name=\"_wpcf7_locale\" value=\"en_US\" \/><input type=\"hidden\" name=\"_wpcf7_unit_tag\" value=\"wpcf7-f673-o2\" \/><input type=\"hidden\" name=\"_wpcf7_container_post\" value=\"0\" \/><input type=\"hidden\" name=\"_wpcf7_posted_data_hash\" value=\"\" \/>\n<\/fieldset>\n<p>Nombre (requerido)\n<\/p>\n<p><span class=\"wpcf7-form-control-wrap\" data-name=\"your-name\"><input size=\"40\" maxlength=\"400\" class=\"wpcf7-form-control wpcf7-text wpcf7-validates-as-required\" aria-required=\"true\" aria-invalid=\"false\" value=\"\" type=\"text\" name=\"your-name\" \/><\/span>\n<\/p>\n<p>Correo Electr\u00f3nico (requerido)\n<\/p>\n<p><span class=\"wpcf7-form-control-wrap\" data-name=\"your-email\"><input size=\"40\" maxlength=\"400\" class=\"wpcf7-form-control wpcf7-email wpcf7-validates-as-required wpcf7-text wpcf7-validates-as-email\" aria-required=\"true\" aria-invalid=\"false\" value=\"\" type=\"email\" name=\"your-email\" \/><\/span>\n<\/p>\n<p>Tel\u00e9fono (requerido)\n<\/p>\n<p><span class=\"wpcf7-form-control-wrap\" data-name=\"your-phone\"><input size=\"40\" maxlength=\"400\" class=\"wpcf7-form-control wpcf7-text wpcf7-validates-as-required\" aria-required=\"true\" aria-invalid=\"false\" value=\"\" type=\"text\" name=\"your-phone\" \/><\/span>\n<\/p>\n<p>Asunto\n<\/p>\n<p><span class=\"wpcf7-form-control-wrap\" data-name=\"your-subject\"><input size=\"40\" maxlength=\"400\" class=\"wpcf7-form-control wpcf7-text\" aria-invalid=\"false\" value=\"\" type=\"text\" name=\"your-subject\" \/><\/span>\n<\/p>\n<p>Mensaje (requerido)\n<\/p>\n<p><span class=\"wpcf7-form-control-wrap\" data-name=\"your-message\"><textarea cols=\"40\" rows=\"10\" maxlength=\"2000\" class=\"wpcf7-form-control wpcf7-textarea wpcf7-validates-as-required\" aria-required=\"true\" aria-invalid=\"false\" name=\"your-message\"><\/textarea><\/span>\n<\/p>\n<p><span class=\"wpcf7-form-control-wrap\" data-name=\"acceptance-460\"><span class=\"wpcf7-form-control wpcf7-acceptance\"><span class=\"wpcf7-list-item\"><label><input type=\"checkbox\" name=\"acceptance-460\" value=\"1\" aria-invalid=\"false\" \/><span class=\"wpcf7-list-item-label\">Acepto la <a target=\"_blank\" rel=\"nofollow\" href=\"https:\/\/reformasbarcelona.info\/ca\/politica-de-privacitat\/\">pol\u00edtica de privacidad<\/a> (requerido)<\/span><\/label><\/span><\/span><\/span>\n<\/p>\n<p><input class=\"wpcf7-form-control wpcf7-submit has-spinner\" type=\"submit\" value=\"Enviar\" \/>\n<\/p>\n<tt>De acuerdo con el Reglamento General de Protecci\u00f3n de Datos (RGPD)y la LOPDGDD, informamos sobre el tratamiento de sus datos:\nResponsable: A. Barcelona Reformas s.l..\nFinalidad: Gestionar las solicitudes de presupuesto, consultas y servicios de reforma solicitados a trav\u00e9s de nuestros formularios.\nLegitimaci\u00f3n: El consentimiento expreso del usuario al marcar la casilla de aceptaci\u00f3n.\nConservaci\u00f3n: Los datos se conservar\u00e1n mientras dure la relaci\u00f3n comercial o durante los a\u00f1os necesarios para cumplir con las obligaciones legales.\nDestinatarios: No se ceder\u00e1n datos a terceros salvo obligaci\u00f3n legal o necesidad t\u00e9cnica para la ejecuci\u00f3n de la obra.\nDerechos: Puede ejercer sus derechos de acceso, rectificaci\u00f3n, supresi\u00f3n y portabilidad enviando un correo a barcelonareformas@yahoo.es.\nSi considera que sus datos no son tratados correctamente, puede dirigir sus reclamaciones a la Agencia Espa\u00f1ola de Protecci\u00f3n de Datos (AEPD).\n<\/tt><p style=\"display: none !important;\" class=\"akismet-fields-container\" data-prefix=\"_wpcf7_ak_\"><label>&#916;<textarea name=\"_wpcf7_ak_hp_textarea\" cols=\"45\" rows=\"8\" maxlength=\"100\"><\/textarea><\/label><input type=\"hidden\" id=\"ak_js_2\" name=\"_wpcf7_ak_js\" value=\"128\"\/><script>document.getElementById( \"ak_js_2\" ).setAttribute( \"value\", ( new Date() ).getTime() );<\/script><\/p><div class=\"wpcf7-response-output\" aria-hidden=\"true\"><\/div>\n<\/form>\n<\/div>\n\r\n<\/li>\r\n<\/ul>","protected":false},"excerpt":{"rendered":"<p>Molts llistats que veus per internet prometen \u201cmillors empreses\u201d basats nom\u00e9s en ressenyes o en <\/p>\n","protected":false},"author":2,"featured_media":13449,"parent":0,"menu_order":0,"comment_status":"closed","ping_status":"closed","template":"","meta":{"_seopress_robots_primary_cat":"","_seopress_titles_title":"Com Triar Empresa de Reformes a Barcelona | Guia i Consells","_seopress_titles_desc":"Evita estafes i retards. Apr\u00e8n a triar la millor empresa de reformes a Barcelona amb la nostra guia pr\u00e0ctica. Qu\u00e8 preguntar, com comparar pressupostos i garanties","_seopress_robots_index":"","ngg_post_thumbnail":0,"_ayudawp_aiss_exclude":false,"footnotes":""},"class_list":["post-69265","page","type-page","status-publish","has-post-thumbnail"],"_links":{"self":[{"href":"https:\/\/reformasbarcelona.info\/ca\/wp-json\/wp\/v2\/pages\/69265","targetHints":{"allow":["GET"]}}],"collection":[{"href":"https:\/\/reformasbarcelona.info\/ca\/wp-json\/wp\/v2\/pages"}],"about":[{"href":"https:\/\/reformasbarcelona.info\/ca\/wp-json\/wp\/v2\/types\/page"}],"author":[{"embeddable":true,"href":"https:\/\/reformasbarcelona.info\/ca\/wp-json\/wp\/v2\/users\/2"}],"replies":[{"embeddable":true,"href":"https:\/\/reformasbarcelona.info\/ca\/wp-json\/wp\/v2\/comments?post=69265"}],"version-history":[{"count":1,"href":"https:\/\/reformasbarcelona.info\/ca\/wp-json\/wp\/v2\/pages\/69265\/revisions"}],"predecessor-version":[{"id":78285,"href":"https:\/\/reformasbarcelona.info\/ca\/wp-json\/wp\/v2\/pages\/69265\/revisions\/78285"}],"wp:featuredmedia":[{"embeddable":true,"href":"https:\/\/reformasbarcelona.info\/ca\/wp-json\/wp\/v2\/media\/13449"}],"wp:attachment":[{"href":"https:\/\/reformasbarcelona.info\/ca\/wp-json\/wp\/v2\/media?parent=69265"}],"curies":[{"name":"wp","href":"https:\/\/api.w.org\/{rel}","templated":true}]}}