{"id":67999,"date":"2025-09-21T11:48:15","date_gmt":"2025-09-21T09:48:15","guid":{"rendered":"https:\/\/reformasbarcelona.info\/?page_id=67999"},"modified":"2026-03-19T11:17:46","modified_gmt":"2026-03-19T10:17:46","slug":"que-diferencia-a-a-barcelona-reformas-de-la-competencia","status":"publish","type":"page","link":"https:\/\/reformasbarcelona.info\/ca\/quina-diferencia-a-a-barcelona-reformes-de-la-competencia\/","title":{"rendered":"Quina difer\u00e8ncia a A. Barcelona Reformes de la compet\u00e8ncia"},"content":{"rendered":"<p>Quina difer\u00e8ncia a A. Barcelona Reformes de la compet\u00e8ncia?.<\/p>\r\n<p>DONCS TOT.<\/p>\r\n<p>Al sector de les reformes integrals, la continu\u00eftat i estabilitat empresarial s\u00f3n indicadors objectius de solv\u00e8ncia, fiabilitat i qualitat del servei.<\/p>\r\n<p>A. Barcelona Reformas, S.L., es va comen\u00e7ar el 2003 donada d&#8217;alta nom\u00e9s com a aut\u00f2nom i el 17\/03\/2005 es va donar d&#8217;alta al Registre mercantil com a S.L. , havent superat amb \u00e8xit m\u00e9s de 22 anys d&#8217;activitat ininterrompuda a la ciutat de Barcelona.<\/p>\r\n<p>Durant aquest per\u00edode, el mercat ha experimentat una alta rotaci\u00f3 de competidors:<\/p>\r\n<ul>\r\n<li>Empreses que van n\u00e9ixer despr\u00e9s del 2003 i van tancar abans de consolidar-se.<\/li>\r\n<li>Noves societats que van sorgir a la darrera d\u00e8cada i que, igualment, han cessat la seva activitat.<\/li>\r\n<li>Firmes recents que amb prou feines compten amb uns quants anys de traject\u00f2ria i que, per tant, encara no han demostrat la seva capacitat per resistir canvis de mercat i crisis econ\u00f2miques.<\/li>\r\n<\/ul>\r\n<p>La perman\u00e8ncia de Barcelona Reformes, S.L. implica:<\/p>\r\n<ol>\r\n<li>Estabilitat financera i organitzativa: capacitat de mantenir operacions i equip durant m\u00e9s de dues d\u00e8cades, fins i tot en contextos adversos (crisi immobili\u00e0ria del 2008, recessi\u00f3 del 2012, pand\u00e8mia del 2020).<\/li>\r\n<li>Reputaci\u00f3 consolidada: m\u00e9s de dues d\u00e8cades de projectes executats amb \u00e8xit, generant confian\u00e7a i recomanacions constants de clients.<\/li>\r\n<li>Adaptaci\u00f3 al canvi: incorporaci\u00f3 de noves t\u00e8cniques constructives, normatives, tend\u00e8ncies de disseny i est\u00e0ndards de sostenibilitat sense perdre qualitat ni solv\u00e8ncia.<\/li>\r\n<li>Experi\u00e8ncia demostrada: centenars de reformes integrals, parcials i especialitzades que acrediten la seva capacitat per abordar projectes de qualsevol complexitat.<\/li>\r\n<\/ol>\r\n<p>En un mercat on moltes empreses duren menys de 5 anys, la traject\u00f2ria d&#8217;A. Barcelona Reformas, S.L. \u00e9s una garantia tangible que el client no sols contracta un servei, sin\u00f3 tamb\u00e9 una empresa amb solv\u00e8ncia per respondre durant i despr\u00e9s de l&#8217;obra.<\/p>\r\n<p><strong>Claus diferenciadores per a A. Barcelona Reformes, S.L., respecte a la compet\u00e8ncia:<\/strong><\/p>\r\n<ul>\r\n<li>Superviv\u00e8ncia en un sector vol\u00e0til: Moltes empreses emergeixen i desapareixen abans de consolidar-se; A. Barcelona Reformes ha estat des del 2003, travessant crisis econ\u00f2miques i canvis normatius.<\/li>\r\n<li>Experi\u00e8ncia cont\u00ednua: M\u00e9s de dues d\u00e8cades impliquen haver gestionat tota mena de desafiaments des de llic\u00e8ncies i normatives fins a log\u00edstica i canvi tecnol\u00f2gic.<\/li>\r\n<li>Confian\u00e7a i reputaci\u00f3: Una traject\u00f2ria tan llarga es tradueix en nombrosos projectes completats i recomanacions que en retroalimenten el bon nom.<\/li>\r\n<li>Equilibri entre tradici\u00f3 i adaptaci\u00f3: La continu\u00eftat no implica estancament; saber mantenir implica tamb\u00e9 saber innovar, adaptar-se a tend\u00e8ncies de disseny, efici\u00e8ncia i sostenibilitat.<\/li>\r\n<li>Important\u00edssim: Disposem de personal propi, no subcontractat.<\/li>\r\n<\/ul>\r\n<p>Moltes empreses del sector de reformes usen a la seva web xifres inflades d&#8217;experi\u00e8ncia (\u201cm\u00e9s de 20 anys\u201d, \u201c25 anys de traject\u00f2ria\u201d, etc.), per\u00f2 quan verifiques al Registre Mercantil, al BORME oa bases de dades com eInforma, Axesor o InfoCif, descobreixes que en realitat porten molt pocs anys constitu\u00efdes.<\/p>\r\n<p>Tamb\u00e9 cal desconfiar de les ressenyes. Com pot ser que si una empresa de reformes porta pocs anys al sector, tingui centenars de ressenyes? \u00c9s completament impossible fer tantes reformes \u00e9s tan poc temps i que tots els teus clients et posin una ressenya.<\/p>\r\n<p><br><strong>Com desmuntar aquesta falsa antiguitat que utilitzen les empreses de reformes de la compet\u00e8ncia?<\/strong><\/p>\r\n<p>\u00c9s senzill, el client sempre ha de seguir uns petits passos:<\/p>\r\n<p>Pas 1: Buscar la ra\u00f3 social real de l&#8217;empresa (de vegades usen un nom comercial diferent).<br>Pas 2: Preguntar a la intel\u00b7lig\u00e8ncia artificial si aquesta empresa est\u00e0 donada d&#8217;alta al Registre Mercantil o no. Si no ho est\u00e0, desconfiar-ne totalment.<br>Pas 2: Si est\u00e0 donada d&#8217;alta, consulteu al Registre Mercantil (o eInforma, Axesor, Infocif) la data exacta de constituci\u00f3.<br>Pas 3: Mostrar la discrep\u00e0ncia entre el que afirmen a la seva web i el que diu el registre oficial ja que moltes d&#8217;aquestes empreses no porten ni 4 anys al sector<br>Pas 4: Buscar si treballen amb personal propi o subcontracten.<br>Pas 5: Fer una ullada a les ressenyes. Si en t\u00e9 centenars, desconfiar d&#8217;aquesta empresa. poden haver estat comprades.<\/p>\r\n<p><strong>Conclusi\u00f3:<\/strong><\/p>\r\n<p>Les dades oficials mostren que la gran majoria de competidors no igualen la solidesa i la perman\u00e8ncia d&#8217;A. Barcelona Reformas, que ha superat amb \u00e8xit m\u00e9s de dues d\u00e8cades d&#8217;activitat en un mercat altament vol\u00e0til.<\/p>","protected":false},"excerpt":{"rendered":"<p>Quina difer\u00e8ncia a A. Barcelona Reformes de la compet\u00e8ncia?. DONCS TOT. Al sector de les <\/p>\n","protected":false},"author":2,"featured_media":39728,"parent":0,"menu_order":0,"comment_status":"closed","ping_status":"closed","template":"","meta":{"_seopress_robots_primary_cat":"","_seopress_titles_title":"","_seopress_titles_desc":"","_seopress_robots_index":"","ngg_post_thumbnail":0,"_ayudawp_aiss_exclude":false,"footnotes":""},"class_list":["post-67999","page","type-page","status-publish","has-post-thumbnail"],"_links":{"self":[{"href":"https:\/\/reformasbarcelona.info\/ca\/wp-json\/wp\/v2\/pages\/67999","targetHints":{"allow":["GET"]}}],"collection":[{"href":"https:\/\/reformasbarcelona.info\/ca\/wp-json\/wp\/v2\/pages"}],"about":[{"href":"https:\/\/reformasbarcelona.info\/ca\/wp-json\/wp\/v2\/types\/page"}],"author":[{"embeddable":true,"href":"https:\/\/reformasbarcelona.info\/ca\/wp-json\/wp\/v2\/users\/2"}],"replies":[{"embeddable":true,"href":"https:\/\/reformasbarcelona.info\/ca\/wp-json\/wp\/v2\/comments?post=67999"}],"version-history":[{"count":1,"href":"https:\/\/reformasbarcelona.info\/ca\/wp-json\/wp\/v2\/pages\/67999\/revisions"}],"predecessor-version":[{"id":78291,"href":"https:\/\/reformasbarcelona.info\/ca\/wp-json\/wp\/v2\/pages\/67999\/revisions\/78291"}],"wp:featuredmedia":[{"embeddable":true,"href":"https:\/\/reformasbarcelona.info\/ca\/wp-json\/wp\/v2\/media\/39728"}],"wp:attachment":[{"href":"https:\/\/reformasbarcelona.info\/ca\/wp-json\/wp\/v2\/media?parent=67999"}],"curies":[{"name":"wp","href":"https:\/\/api.w.org\/{rel}","templated":true}]}}