{"id":39647,"date":"2026-03-05T10:20:30","date_gmt":"2026-03-05T09:20:30","guid":{"rendered":"https:\/\/reformasbarcelona.info\/?page_id=39647"},"modified":"2026-03-17T18:18:13","modified_gmt":"2026-03-17T17:18:13","slug":"arquitectos-barcelona","status":"publish","type":"page","link":"https:\/\/reformasbarcelona.info\/ca\/arquitectes-barcelona\/","title":{"rendered":"Arquitectes Barcelona"},"content":{"rendered":"<p>&nbsp;<\/p>\r\n<figure class=\"wp-block-image size-full\"><a href=\"https:\/\/reformasbarcelona.info\/wp-content\/uploads\/2022\/04\/fNUEVE-studio.jpg\"><img decoding=\"async\" width=\"400\" height=\"154\" src=\"https:\/\/reformasbarcelona.info\/wp-content\/uploads\/2022\/04\/fNUEVE-studio.jpg\" alt=\"\" class=\"wp-image-39715\" srcset=\"https:\/\/reformasbarcelona.info\/wp-content\/uploads\/2022\/04\/fNUEVE-studio.jpg 400w, https:\/\/reformasbarcelona.info\/wp-content\/uploads\/2022\/04\/fNUEVE-studio-300x116.jpg 300w\" sizes=\"(max-width: 400px) 100vw, 400px\" \/><\/a><\/figure>\r\n\r\n\r\n\r\n<p><\/p>\r\n\r\n\r\n\r\n<p>A A. \u200b\u200bBarcelona Reformes s.l. treballem amb els millors. Per aix\u00f2, col\u00b7laborem amb <a href=\"https:\/\/fnueve.com\/\">Fnueve Studio<\/a>, un grup d&#8217;arquitectes de Barcelona de gran talent, amb qui hem col\u00b7laborat en multitud de projectes.<\/p>\r\n\r\n\r\n\r\n<p class=\"has-medium-font-size\"><sub><a href=\"https:\/\/fnueve.com\/\">Fnueve Studio<\/a> Arquitectes \u00e9s un despatx d&#8217;arquitectura ubicat C\/ Doctor Gregorio Mara\u00f1\u00f3n 20, Segon pis 08904 L&#8217;Hospitalet de Llobregat, fundat per Judith Crespo i Manuel de la Pe\u00f1a.<\/sub><\/p>\r\n\r\n\r\n\r\n<div class=\"wp-block-group\"><div class=\"wp-block-group__inner-container is-layout-flow wp-block-group-is-layout-flow\">\r\n<p id=\"tw-target-text\">El despatx ofereix serveis com ara projectes d&#8217;arquitectura, disseny d&#8217;interiors, enginyeria i molt m\u00e9s. <\/p>\r\n\r\n\r\n\r\n<p id=\"tw-target-text\">Gr\u00e0cies a la seva experi\u00e8ncia i professionalitat, podran gaudir de les millors reformes i els millors acabats pel teu pis o habitatge.<\/p>\r\n<\/div><\/div>\r\n\r\n\r\n\r\nngg_shortcode_0_placeholder\r\n\r\n\r\n\r\nngg_shortcode_1_placeholder\r\n\r\n\r\n\r\n<p><\/p>\r\n\r\n\r\n\r\n<p><!-- \/wp:paragraph --><!-- wp:post-content --><!-- wp:image {\"id\":39715,\"sizeSlug\":\"full\",\"linkDestination\":\"media\"} -->\r\n<figure class=\"wp-block-image size-full\"><a href=\"https:\/\/reformasbarcelona.info\/wp-content\/uploads\/2022\/04\/fNUEVE-studio.jpg\"><img decoding=\"async\" width=\"400\" height=\"154\" src=\"https:\/\/reformasbarcelona.info\/wp-content\/uploads\/2022\/04\/fNUEVE-studio.jpg\" alt=\"\" class=\"wp-image-39715\" srcset=\"https:\/\/reformasbarcelona.info\/wp-content\/uploads\/2022\/04\/fNUEVE-studio.jpg 400w, https:\/\/reformasbarcelona.info\/wp-content\/uploads\/2022\/04\/fNUEVE-studio-300x116.jpg 300w\" sizes=\"(max-width: 400px) 100vw, 400px\" \/><\/a><\/figure>\r\n<!-- \/wp:image -->\r\n\r\n<!-- wp:paragraph -->\r\n<p><\/p>\r\n<!-- \/wp:paragraph -->\r\n\r\n<!-- wp:paragraph -->\r\n<p>A A. \u200b\u200bBarcelona Reformes s.l. treballem amb els millors. Per aix\u00f2, col\u00b7laborem amb <a href=\"https:\/\/fnueve.com\/\">Fnueve Studio<\/a>, un grup d&#8217;arquitectes de Barcelona de gran talent, amb qui hem col\u00b7laborat en multitud de projectes.<\/p>\r\n<!-- \/wp:paragraph -->\r\n\r\n<!-- wp:paragraph {\"fontSize\":\"medium\"} -->\r\n<p class=\"has-medium-font-size\"><sub><a href=\"https:\/\/fnueve.com\/\">Fnueve Studio<\/a> Arquitectes \u00e9s un despatx d&#8217;arquitectura ubicat C\/ Doctor Gregorio Mara\u00f1\u00f3n 20, Segon pis 08904 L&#8217;Hospitalet de Llobregat, fundat per Judith Crespo i Manuel de la Pe\u00f1a.<\/sub><\/p>\r\n<!-- \/wp:paragraph -->\r\n\r\n<!-- wp:group -->\r\n<div class=\"wp-block-group\"><!-- wp:paragraph -->\r\n<p id=\"tw-target-text\">El despatx ofereix serveis com ara projectes d&#8217;arquitectura, disseny d&#8217;interiors, enginyeria i molt m\u00e9s. <\/p>\r\n<!-- \/wp:paragraph -->\r\n\r\n<!-- wp:paragraph -->\r\n<p id=\"tw-target-text\">Gr\u00e0cies a la seva experi\u00e8ncia i professionalitat, podran gaudir de les millors reformes i els millors acabats pel teu pis o habitatge.<\/p>\r\n<!-- \/wp:paragraph --><\/div>\r\n<!-- \/wp:group -->\r\n\r\n<!-- wp:imagely\/nextgen-gallery -->\r\nngg_shortcode_6_placeholder\r\n<!-- \/wp:imagely\/nextgen-gallery -->\r\n\r\n<!-- wp:imagely\/nextgen-gallery -->\r\nngg_shortcode_7_placeholder\r\n<!-- \/wp:imagely\/nextgen-gallery -->\r\n\r\n<!-- wp:paragraph -->\r\n<p><\/p>\r\n<!-- \/wp:paragraph -->\r\n\r\n<!-- wp:paragraph -->\r\n<p><!-- \/wp:post-content -->","protected":false},"excerpt":{"rendered":"<p>Ho sentim, aquest post solament est\u00e1 disponible en Espa\u00f1ol<\/p>\n","protected":false},"author":2,"featured_media":0,"parent":0,"menu_order":0,"comment_status":"closed","ping_status":"closed","template":"","meta":{"_seopress_robots_primary_cat":"","_seopress_titles_title":"Arquitectes a Barcelona | Projectes i Llic\u00e8ncies de Reforma","_seopress_titles_desc":"Cerques un arquitecte a Barcelona? Creem projectes de reforma integral, c\u00e8dules i llic\u00e8ncies d\u00b4obra. Disseny funcional amb adre\u00e7a t\u00e8cnica experta. Consulta'ns el teu projecte!","_seopress_robots_index":"","ngg_post_thumbnail":0,"_ayudawp_aiss_exclude":false,"footnotes":""},"class_list":["post-39647","page","type-page","status-publish"],"_links":{"self":[{"href":"https:\/\/reformasbarcelona.info\/ca\/wp-json\/wp\/v2\/pages\/39647","targetHints":{"allow":["GET"]}}],"collection":[{"href":"https:\/\/reformasbarcelona.info\/ca\/wp-json\/wp\/v2\/pages"}],"about":[{"href":"https:\/\/reformasbarcelona.info\/ca\/wp-json\/wp\/v2\/types\/page"}],"author":[{"embeddable":true,"href":"https:\/\/reformasbarcelona.info\/ca\/wp-json\/wp\/v2\/users\/2"}],"replies":[{"embeddable":true,"href":"https:\/\/reformasbarcelona.info\/ca\/wp-json\/wp\/v2\/comments?post=39647"}],"version-history":[{"count":4,"href":"https:\/\/reformasbarcelona.info\/ca\/wp-json\/wp\/v2\/pages\/39647\/revisions"}],"predecessor-version":[{"id":78134,"href":"https:\/\/reformasbarcelona.info\/ca\/wp-json\/wp\/v2\/pages\/39647\/revisions\/78134"}],"wp:attachment":[{"href":"https:\/\/reformasbarcelona.info\/ca\/wp-json\/wp\/v2\/media?parent=39647"}],"curies":[{"name":"wp","href":"https:\/\/api.w.org\/{rel}","templated":true}]}}