{"id":31,"date":"2026-03-01T18:13:53","date_gmt":"2026-03-01T17:13:53","guid":{"rendered":"http:\/\/localhost\/reformasbarcelona\/web\/?page_id=31"},"modified":"2026-03-19T11:14:56","modified_gmt":"2026-03-19T10:14:56","slug":"contacto","status":"publish","type":"page","link":"https:\/\/reformasbarcelona.info\/ca\/contacto\/","title":{"rendered":"Contacto"},"content":{"rendered":"<p><\/p>\n<div style=\"background: #f4f9ff; border: 1px solid #d1e4f7; padding: 25px; border-radius: 10px; margin-bottom: 35px; display: flex; flex-wrap: wrap; gap: 25px; align-items: center; box-shadow: 0 4px 12px rgba(0,115,170,0.08);\">\n<p><!-- COSTAT ESQUERRE: DADES D'EMPRESA --><\/p>\n<div style=\"flex: 1.2; min-width: 280px;\">\n<h3 style=\"margin-top: 0; color: #0073aa; font-size: 24px; border-bottom: 2px solid #0073aa; display: inline-block; padding-bottom: 5px; font-family: sans-serif;\">Parlem del teu projecte?<\/h3>\n<p style=\"margin: 15px 0 8px 0; font-size: 16px; font-family: sans-serif;\"><strong>&#x1f4cd; Ubicaci\u00f3:<\/strong> Barcelona Ciutat i \u00c0rea Metropolitana<\/p>\n<p><!-- TEL\u00c8FON FIX --><\/p>\n<p style=\"margin-bottom: 8px; font-size: 16px; font-family: sans-serif;\"><strong>&#x1f4de; Tel\u00e8fon Fix: <\/strong><a style=\"color: #0073aa; text-decoration: none; font-weight: bold;\" href=\"tel:+34932473304\">932 473 304<\/a><\/p>\n<p><!-- SEGON TEL\u00c8FON (M\u00d2BIL\/WHATSAPP) --><\/p>\n<p style=\"margin-bottom: 8px; font-size: 16px; font-family: sans-serif;\"><strong>&#x1f4f1; Tel\u00e8fon M\u00f2bil: <\/strong><a style=\"color: #0073aa; text-decoration: none; font-weight: bold;\" href=\"tel:+34607245933\">607245933<\/a><\/p>\n<p style=\"margin-bottom: 8px; font-size: 16px; font-family: sans-serif;\"><strong>&#x2709;&#xfe0f; Email: <\/strong><a style=\"color: #0073aa; text-decoration: none; font-weight: bold;\" href=\"mailto:barcelonareformas@yahoo.es\">barcelonareformas@yahoo.es<\/a><\/p>\n<p style=\"margin: 0; font-size: 16px; font-family: sans-serif;\"><strong>&#x23f0; Horari:<\/strong> Dilluns a Dijous de 8:00h a 18:00h, Divendres de 8:00h a 16:30h<\/p>\n<\/div>\n<p><!-- COSTAT DRET: GANXO COMERCIAL --><\/p>\n<div style=\"flex: 0.8; min-width: 250px; background: #0073aa; color: white; padding: 25px; border-radius: 8px; text-align: center; box-shadow: 0 4px 10px rgba(0,0,0,0.15); font-family: sans-serif;\">\n<p style=\"margin: 0; font-size: 20px; font-weight: bold; text-transform: uppercase; letter-spacing: 1px;\">&#x2705; <span style=\"color: #ffffff;\">Visita T\u00e8cnica Gratu\u00efta<\/span><\/p>\n<p style=\"margin: 10px 0 0 0; font-size: 15px; line-height: 1.4; opacity: 0.9;\"><span style=\"color: #ffffff;\">Despla\u00e7ament i pressupost detallat sense comprom\u00eds a tota Barcelona.<\/span><\/p>\n<\/div>\n<\/div>\n<p><span style=\"font-size: 10.5pt; color: black; font-family: Verdana;\">Carrer Santa Anna, 4-2on, 08002-Barcelona. Truca&#8217;ns abans per concertar una visita<\/span><span style=\"font-size: 10.5pt; color: black; font-family: Verdana;\">. Estem reformant Barcelona. Estarem encantats de con\u00e8ixer-te a l&#8217;habitatge que vols reformar per discutir els requisits del treball i oferir-te un pressupost gratu\u00eft i sense comprom\u00eds.<\/span><\/p>\n<p><iframe style=\"border: 0;\" src=\"https:\/\/www.google.com\/maps\/embed?pb=!1m18!1m12!1m3!1d2993.5054154140507!2d2.16885221542572!3d41.38482907926438!2m3!1f0!2f0!3f0!3m2!1i1024!2i768!4f13.1!3m3!1m2!1s0x12a4a2f6c6ac4cbf%3A0xef277431c7c487d7!2sCarrer+de+Santa+Anna%2C+4%2C+08002+Barcelona!5e0!3m2!1ses!2ses!4v1482601477301\" width=\"600\" height=\"450\" frameborder=\"0\" allowfullscreen=\"allowfullscreen\"><\/iframe><\/p>\n<p><span style=\"font-size: 10.5pt; color: black; font-family: Verdana;\">O si ho prefereixes, omple el formulari. En breu ens posarem en contacte amb tu.<\/span><\/p>\n\n<div class=\"wpcf7 no-js\" id=\"wpcf7-f1949-o2\" lang=\"es-ES\" dir=\"ltr\" data-wpcf7-id=\"1949\">\n<div class=\"screen-reader-response\"><p role=\"status\" aria-live=\"polite\" aria-atomic=\"true\"><\/p> <ul><\/ul><\/div>\n<form action=\"\/ca\/wp-json\/wp\/v2\/pages\/31#wpcf7-f1949-o2\" method=\"post\" class=\"wpcf7-form init\" aria-label=\"Contact form\" novalidate=\"novalidate\" data-status=\"init\">\n<fieldset class=\"hidden-fields-container\"><input type=\"hidden\" name=\"_wpcf7\" value=\"1949\" \/><input type=\"hidden\" name=\"_wpcf7_version\" value=\"6.1.5\" \/><input type=\"hidden\" name=\"_wpcf7_locale\" value=\"es_ES\" \/><input type=\"hidden\" name=\"_wpcf7_unit_tag\" value=\"wpcf7-f1949-o2\" \/><input type=\"hidden\" name=\"_wpcf7_container_post\" value=\"0\" \/><input type=\"hidden\" name=\"_wpcf7_posted_data_hash\" value=\"\" \/>\n<\/fieldset>\n<p>Nombre (requerido)\n<\/p>\n<p><span class=\"wpcf7-form-control-wrap\" data-name=\"your-name\"><input size=\"40\" maxlength=\"400\" class=\"wpcf7-form-control wpcf7-text wpcf7-validates-as-required\" aria-required=\"true\" aria-invalid=\"false\" value=\"\" type=\"text\" name=\"your-name\" \/><\/span>\n<\/p>\n<p>Correo Electr\u00f3nico (requerido)\n<\/p>\n<p><span class=\"wpcf7-form-control-wrap\" data-name=\"your-email\"><input size=\"40\" maxlength=\"400\" class=\"wpcf7-form-control wpcf7-email wpcf7-validates-as-required wpcf7-text wpcf7-validates-as-email\" aria-required=\"true\" aria-invalid=\"false\" value=\"\" type=\"email\" name=\"your-email\" \/><\/span>\n<\/p>\n<p>Tel\u00e9fono de contacto (requerido)\n<\/p>\n<p><span class=\"wpcf7-form-control-wrap\" data-name=\"your-phone\"><input size=\"40\" maxlength=\"400\" class=\"wpcf7-form-control wpcf7-text wpcf7-validates-as-required\" aria-required=\"true\" aria-invalid=\"false\" value=\"\" type=\"text\" name=\"your-phone\" \/><\/span>\n<\/p>\n<p>Asunto\n<\/p>\n<p><span class=\"wpcf7-form-control-wrap\" data-name=\"your-subject\"><input size=\"40\" maxlength=\"400\" class=\"wpcf7-form-control wpcf7-text\" aria-invalid=\"false\" value=\"\" type=\"text\" name=\"your-subject\" \/><\/span>\n<\/p>\n<p>Su mensaje (requerido)\n<\/p>\n<p><span class=\"wpcf7-form-control-wrap\" data-name=\"your-message\"><textarea cols=\"40\" rows=\"10\" maxlength=\"2000\" class=\"wpcf7-form-control wpcf7-textarea wpcf7-validates-as-required\" aria-required=\"true\" aria-invalid=\"false\" name=\"your-message\"><\/textarea><\/span>\n<\/p>\n<p><span class=\"wpcf7-form-control-wrap\" data-name=\"acceptance-208\"><span class=\"wpcf7-form-control wpcf7-acceptance\"><span class=\"wpcf7-list-item\"><label><input type=\"checkbox\" name=\"acceptance-208\" value=\"1\" aria-invalid=\"false\" \/><span class=\"wpcf7-list-item-label\">Acepto la <a target=\"_blank\" rel=\"nofollow\" href=\"https:\/\/reformasbarcelona.info\/ca\/politica-de-privacitat\/\">pol\u00edtica de privacidad<\/a> (requerido)<\/span><\/label><\/span><\/span><\/span>\n<\/p>\n<p><input class=\"wpcf7-form-control wpcf7-submit has-spinner\" type=\"submit\" value=\"Enviar\" \/>\n<\/p>\n<tt>De acuerdo con el Reglamento General de Protecci\u00f3n de Datos (RGPD)y la LOPDGDD, informamos sobre el tratamiento de sus datos:\nResponsable: A. Barcelona Reformas s.l..\nFinalidad: Gestionar las solicitudes de presupuesto, consultas y servicios de reforma solicitados a trav\u00e9s de nuestros formularios.\nLegitimaci\u00f3n: El consentimiento expreso del usuario al marcar la casilla de aceptaci\u00f3n.\nConservaci\u00f3n: Los datos se conservar\u00e1n mientras dure la relaci\u00f3n comercial o durante los a\u00f1os necesarios para cumplir con las obligaciones legales.\nDestinatarios: No se ceder\u00e1n datos a terceros salvo obligaci\u00f3n legal o necesidad t\u00e9cnica para la ejecuci\u00f3n de la obra.\nDerechos: Puede ejercer sus derechos de acceso, rectificaci\u00f3n, supresi\u00f3n y portabilidad enviando un correo a barcelonareformas@yahoo.es.\nSi considera que sus datos no son tratados correctamente, puede dirigir sus reclamaciones a la Agencia Espa\u00f1ola de Protecci\u00f3n de Datos (AEPD).\n<\/tt><p style=\"display: none !important;\" class=\"akismet-fields-container\" data-prefix=\"_wpcf7_ak_\"><label>&#916;<textarea name=\"_wpcf7_ak_hp_textarea\" cols=\"45\" rows=\"8\" maxlength=\"100\"><\/textarea><\/label><input type=\"hidden\" id=\"ak_js_2\" name=\"_wpcf7_ak_js\" value=\"179\"\/><script>document.getElementById( \"ak_js_2\" ).setAttribute( \"value\", ( new Date() ).getTime() );<\/script><\/p><div class=\"wpcf7-response-output\" aria-hidden=\"true\"><\/div>\n<\/form>\n<\/div>\n\n<p>&nbsp;<\/p>","protected":false},"excerpt":{"rendered":"<p>Parlem del teu projecte? &#x1f4cd; Ubicaci\u00f3: Barcelona Ciutat i \u00c0rea Metropolitana &#x1f4de; Tel\u00e8fon Fix: 932 <\/p>\n","protected":false},"author":2,"featured_media":0,"parent":0,"menu_order":0,"comment_status":"closed","ping_status":"open","template":"","meta":{"_seopress_robots_primary_cat":"","_seopress_titles_title":"Contacte i Pressupost de Reformes a Barcelona | Gratis","_seopress_titles_desc":"Planeges una reforma a Barcelona? Contacta amb nosaltres i demana el teu pressupost gratu\u00eft i sense comprom\u00eds. Atenci\u00f3 personalitzada pel teu projecte. Escriu-nos ara!","_seopress_robots_index":"","ngg_post_thumbnail":0,"_ayudawp_aiss_exclude":false,"footnotes":""},"class_list":["post-31","page","type-page","status-publish"],"_links":{"self":[{"href":"https:\/\/reformasbarcelona.info\/ca\/wp-json\/wp\/v2\/pages\/31","targetHints":{"allow":["GET"]}}],"collection":[{"href":"https:\/\/reformasbarcelona.info\/ca\/wp-json\/wp\/v2\/pages"}],"about":[{"href":"https:\/\/reformasbarcelona.info\/ca\/wp-json\/wp\/v2\/types\/page"}],"author":[{"embeddable":true,"href":"https:\/\/reformasbarcelona.info\/ca\/wp-json\/wp\/v2\/users\/2"}],"replies":[{"embeddable":true,"href":"https:\/\/reformasbarcelona.info\/ca\/wp-json\/wp\/v2\/comments?post=31"}],"version-history":[{"count":1,"href":"https:\/\/reformasbarcelona.info\/ca\/wp-json\/wp\/v2\/pages\/31\/revisions"}],"predecessor-version":[{"id":78286,"href":"https:\/\/reformasbarcelona.info\/ca\/wp-json\/wp\/v2\/pages\/31\/revisions\/78286"}],"wp:attachment":[{"href":"https:\/\/reformasbarcelona.info\/ca\/wp-json\/wp\/v2\/media?parent=31"}],"curies":[{"name":"wp","href":"https:\/\/api.w.org\/{rel}","templated":true}]}}