{"id":2028,"date":"2026-03-02T07:50:21","date_gmt":"2026-03-02T06:50:21","guid":{"rendered":"http:\/\/reformasbarcelona.info\/?page_id=2028"},"modified":"2026-03-19T11:19:31","modified_gmt":"2026-03-19T10:19:31","slug":"reformas-oficinas-barcelona","status":"publish","type":"page","link":"https:\/\/reformasbarcelona.info\/ca\/mudanca-i-reformes-doficines-en-barcelona\/","title":{"rendered":"Mudan\u00e7a i Reformes d&#8217;Oficines en Barcelona"},"content":{"rendered":"<p><\/p>\n<p style=\"text-align: justify;\">Reformes Barcelona estem especialitzats en donar serveis integrals per a oficines. Guiem i assessorem a l&#8217;empresa en tot el proc\u00e9s, des de la selecci\u00f3 de l&#8217;oficina, mudan\u00e7a, comprovaci\u00f3 d&#8217;instal \u00b7 lacions i dotacions, instal \u00b7 laci\u00f3 de cablejat, fontaneria, instal \u00b7 laci\u00f3 de xarxes i seguretat. Acompanyem a l&#8217;empresa des del moment de prendre la decisi\u00f3 de buscar una nova oficina, fins que l&#8217;\u00faltim empleat est\u00e0 treballant satisfact\u00f2riament. nostre acompanyament consta de diferents fases:<\/p>\n<p style=\"text-align: justify;\">&nbsp; &nbsp; &nbsp; &nbsp; &nbsp; &nbsp; &nbsp; &nbsp; &nbsp; &nbsp; &nbsp; &nbsp; &nbsp; &nbsp; &nbsp; &nbsp; &nbsp; &nbsp; &nbsp; &nbsp; &nbsp; &nbsp; &nbsp; &nbsp; &nbsp; &nbsp; &nbsp; &nbsp; &nbsp; &nbsp; &nbsp; &nbsp; &nbsp; &nbsp; &nbsp; &nbsp; &nbsp; &nbsp;<a href=\"https:\/\/reformasbarcelona.info\/wp-content\/uploads\/2014\/07\/Reformas-de-oficinas.jpeg\"><img decoding=\"async\" class=\"alignnone wp-image-6897 size-full\" src=\"https:\/\/reformasbarcelona.info\/wp-content\/uploads\/2014\/07\/Reformas-de-oficinas.jpeg\" alt=\"Reformas de oficinas\" width=\"275\" height=\"183\"><\/a>&nbsp; &nbsp; &nbsp; &nbsp; &nbsp; &nbsp; &nbsp; &nbsp; &nbsp; &nbsp; &nbsp; &nbsp; &nbsp; &nbsp; &nbsp;<a href=\"https:\/\/reformasbarcelona.info\/reformas-de-oficinas-en-barcelona\/new-design-call-center-cubicles\/\" rel=\"attachment wp-att-13348\"><img decoding=\"async\" class=\"alignnone wp-image-13348\" src=\"https:\/\/reformasbarcelona.info\/wp-content\/uploads\/2014\/07\/New-Design-Call-Center-Cubicles-300x200.jpg\" alt=\"new-design-call-center-cubicles\" width=\"275\" height=\"183\" srcset=\"https:\/\/reformasbarcelona.info\/wp-content\/uploads\/2014\/07\/New-Design-Call-Center-Cubicles-300x200.jpg 300w, https:\/\/reformasbarcelona.info\/wp-content\/uploads\/2014\/07\/New-Design-Call-Center-Cubicles.jpg 640w\" sizes=\"(max-width: 275px) 100vw, 275px\" \/><\/a><\/p>\n<h3 style=\"text-align: justify;\">Assessorament en la recerca d&#8217;oficina<\/h3>\n<p style=\"text-align: justify;\">Hem treballat amb desenes d&#8217;empreses d&#8217;entre 10 i 200 empleats, i posem aquest coneixement a la seva disposici\u00f3 a l&#8217;hora de triar l&#8217;oficina adequada, tant en assessorament en preu, termes del contracte, distribuci\u00f3 i possibilitat d&#8217;obres. Una oficina pot semblar perfecta al principi per\u00f2 en el llarg termini sorgir problemes, o al contrari, pot resultar m\u00e9s rendible una oficina d&#8217;un preu m\u00e9s barat i invertir en una reforma per condicionar l&#8217;estil de la nostra empresa<\/p>\n<h3 style=\"text-align: justify;\">Construcci\u00f3<\/h3>\n<p style=\"text-align: justify;\">Condicionarem l&#8217;oficina pel que fa a espais i instal \u00b7 lacions perqu\u00e8 compleixi els requisits que la seva empresa necessita. Ens encarreguem de la gesti\u00f3 amb la comunitat, permisos d&#8217;obres i serveis, ja sigui aigua, electricitat, gas i connexions telef\u00f2niques i d&#8217;internet Tant si s\u00f3n necessaris grans espais di\u00e0fans, despatxos, aixecament de murs, separadors, fusteria d&#8217;alumini, sales de presentacions, reunions o zones de descans com cuines i cafeteries. Ens assegurem la qualitat dels materials, tant els existents pr\u00e8viament com els instal \u00b7 lats. Tant en obra, fusteria d&#8217;alumini o lampisteria<\/p>\n<h3 style=\"text-align: justify;\">Instal \u00b7 laci\u00f3 de Xarxa i comunicacions<\/h3>\n<p style=\"text-align: justify;\">Com qualsevol oficina, caldr\u00e0 disposar de connectivitat de tel\u00e8fon i internet a tots els seus treballadors. Els nostres operaris especialitzats en instal \u00b7 laci\u00f3 de xarxes podran certificar la instal \u00b7 laci\u00f3 actual si existeix, adaptar o crear-la de nou. Instal \u00b7 lem el cablejat en funci\u00f3 del seu pressupost i necessitats i l&#8217;ajudarem a escollir el prove\u00efdor que m\u00e9s s&#8217;adeq\u00fci a les seves necessitats Li instal \u00b7 larem un armari de comunicacions (Rack) i realitzarem tot el peda\u00e7. Tant si no disposa d&#8217;equip inform\u00e0tic com si aquest necessita assessorament o suport, podem ajudar a adquirir o configurar tot l&#8217;equipament de xarxa. Instal \u00b7 laci\u00f3 de routers, switches, xarxes privades, etc.<\/p>\n<h3 style=\"text-align: justify;\">Seguretat<\/h3>\n<p style=\"text-align: justify;\">Assessoria i gesti\u00f3 d&#8217;instal \u00b7 laci\u00f3 d&#8217;equips de seguretat. Quadres de control, panells de codis, targetes d&#8217;entrada i sortida, sistemes de v\u00eddeo vigil\u00e0ncia, etc. Instal \u00b7 lem el sistema d&#8217;acord a les seves necessitats i li donem formaci\u00f3 perqu\u00e8 pugui realitzar un manteniment senzill el seu propi equip.<\/p>\n<h3 style=\"text-align: justify;\">Mobiliari i Decoraci\u00f3<\/h3>\n<p style=\"text-align: justify;\">L&#8217;assessorarem a triar i comprar el mobiliari m\u00e9s adequat a les seves necessitats. Estacions de treball amb taules i cadires, taules i sales de reunions, espais comuns, lavabos, cuina, sales de confer\u00e8ncies i projecci\u00f3, etc. Tot en funci\u00f3 del seu pressupost, del tipus d&#8217;oficina, el nombre d&#8217;empleats necessari i les possibilitats i distribuci\u00f3 de l&#8217;oficina. nostres decoradors l&#8217;assessoraran tamb\u00e9 en el toc final de l&#8217;oficina i totes les seves zones perqu\u00e8 sigui un espai m\u00e9s atractiu i eficient per treballar. Tant a nivell de mobiliari com accessoris i decoraci\u00f3, aix\u00ed com els detalls finals per fer una oficina perfecta<\/p>\n<h3 style=\"text-align: justify;\">Mudan\u00e7a<\/h3>\n<p style=\"text-align: justify;\">Un cop tota l&#8217;oficina est\u00e0 a punt, ens encarregarem de fer una mudan\u00e7a el m\u00e9s senzilla possible per als empleats. Tan f\u00e0cil com deixar tots els elements personals en una caixa un divendres al sortir de treballar, i dilluns anar a la nova localitzaci\u00f3 i trobar tot exactament igual Gestionem el moviment de tot el mobiliari antic, els equips i accessoris i deixar-ho tot llest perqu\u00e8 no hi hagi cap interrupci\u00f3 en el treball<\/p>\n<h3 style=\"text-align: justify;\">Garantia<\/h3>\n<p style=\"text-align: justify;\">Com totes les nostres obres i projectes, oferim una garantia inigualable de 2 anys per a qualsevol problema que pugui sorgir. A m\u00e9s, prove\u00efm d&#8217;un servei addicional per extres que puguin sorgir a majors un cop realitzada la mudan\u00e7a. Addici\u00f3 de llocs de treball, reempla\u00e7ament d&#8217;elements del mobiliari o canvi de sales, per exemple. Passem a ser la seva empresa de confian\u00e7a per a qualsevol cosa que necessiti en les seves oficines i despatxos.<\/p>\n<h3 style=\"text-align: justify;\">Nostre valor \u00e9s un servei integrat per a empreses, on ens encarreguem de tot<\/h3>\n<h3 style=\"text-align: justify;\"><em> nostre Comprom\u00eds:<\/em><\/h3>\n<h3 style=\"text-align: justify;\">Experi\u00e8ncia de reformes a Barcelona<\/h3>\n<p style=\"text-align: justify;\">Empresa amb \u00e0mplia experi\u00e8ncia en el sector. El nostre equip est\u00e0 format per professionals i instal \u00b7 ladors qualificats amb m\u00e9s de 10 anys d&#8217;experi\u00e8ncia, obtenint els m\u00e0xims en qualitat.<\/p>\n<h3 style=\"text-align: justify;\">Servei integral<\/h3>\n<p style=\"text-align: justify;\">Ens ocupem de tot el treball de reforma, des del projecte, estudi de les instal \u00b7 lacions i obtenci\u00f3 de llic\u00e8ncies, <a href=\"https:\/\/reformasbarcelona.info\/como-conseguir-permisos-de-obras\/\">como-conseguir-permisos-de-obras<\/a>, fins a l&#8217;execuci\u00f3 i el control de l&#8217;obra.<\/p>\n<h3 style=\"text-align: justify;\">Pressupost gratis i sense comprom\u00eds<\/h3>\n<p style=\"text-align: justify;\">Demani&#8217;ns <a href=\"https:\/\/reformasbarcelona.info\/ca\/contacto\/\">pressupost sense comprom\u00eds<\/a> per les seves obres o reformes a Barcelona, compari ofertes i decideixi. Aix\u00ed de senzill. No li costar\u00e0 res, \u00e9s gratis!.<\/p>\n<h3 style=\"text-align: justify;\">Transpar\u00e8ncia<\/h3>\n<p style=\"text-align: justify;\">Els pressupostos estan desglossats per partides, aix\u00ed vost\u00e8 tindr\u00e0 clar en tot moment el cost econ\u00f2mic de les diferents accions a realitzar. Vegeu Exemple de Pressupost: <a href=\"https:\/\/reformasbarcelona.info\/informacion\/contrato-tipo-reformas-barcelona\/\" rel=\"attachment wp-att-426\"> contracte-tipus-reformes-barcelona<\/a><\/p>\n<h3 style=\"text-align: justify;\">Contracte d&#8217;Inici i finalitzaci\u00f3 d&#8217;Obra<\/h3>\n<p style=\"text-align: justify;\">En cas contrari es indemnitzaria per dia de retard.<\/p>\n<h3 style=\"text-align: justify;\">Refer\u00e8ncies de clients i obres<\/h3>\n<p style=\"text-align: justify;\">Els mostrem les obres finalitzades i en curs que estem realitzant en aquell moment.&nbsp;Hem realitzat la rehabilitaci\u00f3 de les oficines de:<\/p>\n<p>-RAKUTEN ESPA\u00d1A<\/p>\n<p>-BUFET ESPONA BRU Y GUIU I ADVOCATS<\/p>\n<p>-SITEL IBERICA TELESERVICES S.A.<\/p>\n<p>-DAS ASISTENCIA INTERNACIONAL<\/p>\n<p>-UNIVERSITAT POLIT\u00c8CNICA DE CATALUNYA<\/p>\n<p>-FUNDACION ACCION CONTRA EL HAMBRE<\/p>\n<p>-CERVELL\u00d3, GIL-VERNE, MART\u00cd, ORPINPELL, SOL\u00c9, ADVOCATS ASSOCIATS<\/p>\n<p>-APPCO DIRECT ESPA\u00d1A S.L.<\/p>\n<p>-PHARMACONSULT SERVICES S.A.<\/p>\n<p>-COMERCIAL INVERSORA TARRAGALERY<\/p>\n<p>-OUTDOORMEDIA<\/p>\n<p>-CONSTRUCCIONES ASTUSA<\/p>\n<p>-CREACION MULTIMEDIA WORK CENTER SGD<\/p>\n<p>-PARC VALLES INVERSIONES INMOBILIARIAS<\/p>\n<p>-JETMAR CONSULT<\/p>\n<p>-GESTI\u00d3N EMPRESARIAL<\/p>\n<p>-CARUDA S.L.<\/p>\n<p>-DEINFO SERVICIOS INFORMATICOS S.L<\/p>\n<p>-BARCELONA LODGING MANAGEMENT, S.L.<\/p>\n<p>-KILUNO S.L.<\/p>\n<p>-COMERCIAL INVERSORA SIERRA CORDOBA PROACTIV, S.L.<\/p>\n<p>-CARUDA S.L.<\/p>\n<p id=\"tw-target-text\" class=\"tw-data-text vk_txt tw-ta tw-text-medium\" dir=\"ltr\" data-placeholder=\"Translation\"><span lang=\"ca\">entre altres<\/span><\/p>\n<h3 style=\"text-align: justify;\">Preu<\/h3>\n<p style=\"text-align: justify;\">Quan compari pressupostos podr\u00e0 adonar-se que tenim els preus m\u00e9s ajustats del mercat. Veure: <a href=\"https:\/\/reformasbarcelona.info\/precios\/\"> Preus de reformes reals<\/a><\/p>\n<h3 style=\"text-align: justify;\">Tracte personalitzat<\/h3>\n<p style=\"text-align: justify;\">Relaxeu-vos, les reformes de casa, habitatge o local estan en bones mans. Setmanalment es realitzaran visites d&#8217;obra per supervisar les obres realitzades.<\/p>\n<h3 style=\"text-align: justify;\">Garantia 2 anys de garantia per escrit.<\/h3>\n<p style=\"text-align: justify;\">Li garantim al 100% les obres, construccions o reformes que desenvolupem per a vost\u00e8. Per a nosaltres \u00e9s fonamental la satisfacci\u00f3 del client.<\/p>\n<h3 style=\"text-align: justify;\">Referencies<\/h3>\n<p style=\"text-align: justify;\">Per a nosaltres \u00e9s fonamental la satisfacci\u00f3 del client. En cas contrari no ens referenciar\u00edan a altres clients<\/p>\n<p>&nbsp;<\/p>\n<p id=\"tw-target-text\" class=\"tw-data-text tw-ta tw-text-small\" dir=\"ltr\" data-placeholder=\"Traducci\u00f3n\"><span lang=\"ca\" tabindex=\"0\">Si est\u00e0 interessat en que li realitzem un pressupost totalment tancat de les reformes de la seva oficina o despatx, sense sorpreses, gratu\u00eft i sense comprom\u00eds, si us plau, omple els seg\u00fcents camps:<\/span><\/p>\n<p dir=\"ltr\" data-placeholder=\"Traducci\u00f3n\">&nbsp;<\/p>\n<p style=\"text-align: center;\">\n<div class=\"wpcf7 no-js\" id=\"wpcf7-f852-o2\" lang=\"en-US\" dir=\"ltr\" data-wpcf7-id=\"852\">\n<div class=\"screen-reader-response\"><p role=\"status\" aria-live=\"polite\" aria-atomic=\"true\"><\/p> <ul><\/ul><\/div>\n<form action=\"\/ca\/wp-json\/wp\/v2\/pages\/2028#wpcf7-f852-o2\" method=\"post\" class=\"wpcf7-form init\" aria-label=\"Contact form\" novalidate=\"novalidate\" data-status=\"init\">\n<fieldset class=\"hidden-fields-container\"><input type=\"hidden\" name=\"_wpcf7\" value=\"852\" \/><input type=\"hidden\" name=\"_wpcf7_version\" value=\"6.1.5\" \/><input type=\"hidden\" name=\"_wpcf7_locale\" value=\"en_US\" \/><input type=\"hidden\" name=\"_wpcf7_unit_tag\" value=\"wpcf7-f852-o2\" \/><input type=\"hidden\" name=\"_wpcf7_container_post\" value=\"0\" \/><input type=\"hidden\" name=\"_wpcf7_posted_data_hash\" value=\"\" \/>\n<\/fieldset>\n<p>Tu nombre (requerido)\n<\/p>\n<p><span class=\"wpcf7-form-control-wrap\" data-name=\"your-name\"><input size=\"40\" maxlength=\"400\" class=\"wpcf7-form-control wpcf7-text wpcf7-validates-as-required\" aria-required=\"true\" aria-invalid=\"false\" value=\"\" type=\"text\" name=\"your-name\" \/><\/span>\n<\/p>\n<p>Tu Email (requerido)\n<\/p>\n<p><span class=\"wpcf7-form-control-wrap\" data-name=\"your-email\"><input size=\"40\" maxlength=\"400\" class=\"wpcf7-form-control wpcf7-email wpcf7-validates-as-required wpcf7-text wpcf7-validates-as-email\" aria-required=\"true\" aria-invalid=\"false\" value=\"\" type=\"email\" name=\"your-email\" \/><\/span>\n<\/p>\n<p>Tu Tel\u00e9fono (Requerido: Te llamaremos para darte el presupuesto)\n<\/p>\n<p><span class=\"wpcf7-form-control-wrap\" data-name=\"telefono\"><input size=\"40\" maxlength=\"400\" class=\"wpcf7-form-control wpcf7-text wpcf7-validates-as-required\" aria-required=\"true\" aria-invalid=\"false\" value=\"\" type=\"text\" name=\"telefono\" \/><\/span>\n<\/p>\n<p>Direcci\u00f3n (Requerido, para saber d\u00f3nde nos tenemos que trasladar)\n<\/p>\n<p><span class=\"wpcf7-form-control-wrap\" data-name=\"your-subject\"><input size=\"40\" maxlength=\"400\" class=\"wpcf7-form-control wpcf7-text wpcf7-validates-as-required\" aria-required=\"true\" aria-invalid=\"false\" value=\"\" type=\"text\" name=\"your-subject\" \/><\/span>\n<\/p>\n<p>Descripci\u00f3n de la obra (requerido)\n<\/p>\n<p><span class=\"wpcf7-form-control-wrap\" data-name=\"description\"><textarea cols=\"40\" rows=\"10\" maxlength=\"2000\" class=\"wpcf7-form-control wpcf7-textarea wpcf7-validates-as-required\" aria-required=\"true\" aria-invalid=\"false\" name=\"description\"><\/textarea><\/span>\n<\/p>\n<p>Metros cuadrados de la obra\n<\/p>\n<p><span class=\"wpcf7-form-control-wrap\" data-name=\"metros\"><input size=\"40\" maxlength=\"400\" class=\"wpcf7-form-control wpcf7-text\" aria-invalid=\"false\" value=\"\" type=\"text\" name=\"metros\" \/><\/span>\n<\/p>\n<p>Partes a reformar (Requerido: Selecciona una al menos)\n<\/p>\n<p><span class=\"wpcf7-form-control-wrap\" data-name=\"reformar\"><span class=\"wpcf7-form-control wpcf7-checkbox wpcf7-validates-as-required\"><span class=\"wpcf7-list-item first\"><input type=\"checkbox\" name=\"reformar[]\" value=\"Cocina\" \/><span class=\"wpcf7-list-item-label\">Cocina<\/span><\/span><span class=\"wpcf7-list-item\"><input type=\"checkbox\" name=\"reformar[]\" value=\"Ba\u00f1o\" \/><span class=\"wpcf7-list-item-label\">Ba\u00f1o<\/span><\/span><span class=\"wpcf7-list-item\"><input type=\"checkbox\" name=\"reformar[]\" value=\"Sal\u00f3n\" \/><span class=\"wpcf7-list-item-label\">Sal\u00f3n<\/span><\/span><span class=\"wpcf7-list-item\"><input type=\"checkbox\" name=\"reformar[]\" value=\"Comedor\" \/><span class=\"wpcf7-list-item-label\">Comedor<\/span><\/span><span class=\"wpcf7-list-item\"><input type=\"checkbox\" name=\"reformar[]\" value=\"Habitaci\u00f3n\" \/><span class=\"wpcf7-list-item-label\">Habitaci\u00f3n<\/span><\/span><span class=\"wpcf7-list-item\"><input type=\"checkbox\" name=\"reformar[]\" value=\"Local\" \/><span class=\"wpcf7-list-item-label\">Local<\/span><\/span><span class=\"wpcf7-list-item\"><input type=\"checkbox\" name=\"reformar[]\" value=\"Oficina\" \/><span class=\"wpcf7-list-item-label\">Oficina<\/span><\/span><span class=\"wpcf7-list-item last\"><input type=\"checkbox\" name=\"reformar[]\" value=\"Nave\" \/><span class=\"wpcf7-list-item-label\">Nave<\/span><\/span><\/span><\/span>\n<\/p>\n<p>Tipo de reforma (Requerido: Selecciona uno al menos)\n<\/p>\n<p><span class=\"wpcf7-form-control-wrap\" data-name=\"tipo\"><span class=\"wpcf7-form-control wpcf7-checkbox wpcf7-validates-as-required\"><span class=\"wpcf7-list-item first\"><label><input type=\"checkbox\" name=\"tipo[]\" value=\"Reforma Integral\" \/><span class=\"wpcf7-list-item-label\">Reforma Integral<\/span><\/label><\/span><span class=\"wpcf7-list-item\"><label><input type=\"checkbox\" name=\"tipo[]\" value=\"Electricidad\" \/><span class=\"wpcf7-list-item-label\">Electricidad<\/span><\/label><\/span><span class=\"wpcf7-list-item\"><label><input type=\"checkbox\" name=\"tipo[]\" value=\"Calefacci\u00f3n\" \/><span class=\"wpcf7-list-item-label\">Calefacci\u00f3n<\/span><\/label><\/span><span class=\"wpcf7-list-item\"><label><input type=\"checkbox\" name=\"tipo[]\" value=\"Aire Acondicionado\" \/><span class=\"wpcf7-list-item-label\">Aire Acondicionado<\/span><\/label><\/span><span class=\"wpcf7-list-item\"><label><input type=\"checkbox\" name=\"tipo[]\" value=\"Fontaner\u00eda\" \/><span class=\"wpcf7-list-item-label\">Fontaner\u00eda<\/span><\/label><\/span><span class=\"wpcf7-list-item\"><label><input type=\"checkbox\" name=\"tipo[]\" value=\"Carpinter\u00eda aluminio\" \/><span class=\"wpcf7-list-item-label\">Carpinter\u00eda aluminio<\/span><\/label><\/span><span class=\"wpcf7-list-item\"><label><input type=\"checkbox\" name=\"tipo[]\" value=\"Pintura\" \/><span class=\"wpcf7-list-item-label\">Pintura<\/span><\/label><\/span><span class=\"wpcf7-list-item\"><label><input type=\"checkbox\" name=\"tipo[]\" value=\"Suelos (parket)\" \/><span class=\"wpcf7-list-item-label\">Suelos (parket)<\/span><\/label><\/span><span class=\"wpcf7-list-item\"><label><input type=\"checkbox\" name=\"tipo[]\" value=\"demoliciones\" \/><span class=\"wpcf7-list-item-label\">demoliciones<\/span><\/label><\/span><span class=\"wpcf7-list-item\"><label><input type=\"checkbox\" name=\"tipo[]\" value=\"paredes\" \/><span class=\"wpcf7-list-item-label\">paredes<\/span><\/label><\/span><span class=\"wpcf7-list-item\"><label><input type=\"checkbox\" name=\"tipo[]\" value=\"Carpinter\u00eda de madera\" \/><span class=\"wpcf7-list-item-label\">Carpinter\u00eda de madera<\/span><\/label><\/span><span class=\"wpcf7-list-item last\"><label><input type=\"checkbox\" name=\"tipo[]\" value=\"Otros\" \/><span class=\"wpcf7-list-item-label\">Otros<\/span><\/label><\/span><\/span><\/span>\n<\/p>\n<p>Tu presupuesto aproximado (Requerido: Dinos cu\u00e1nto te puedes gastar para que podamos asesorarte mejor)\n<\/p>\n<p><span class=\"wpcf7-form-control-wrap\" data-name=\"presupuesto\"><input size=\"40\" maxlength=\"400\" class=\"wpcf7-form-control wpcf7-text wpcf7-validates-as-required\" aria-required=\"true\" aria-invalid=\"false\" value=\"\" type=\"text\" name=\"presupuesto\" \/><\/span>\n<\/p>\n<p>Fechas para la reforma: Cu\u00e1ndo te gustar\u00eda que empez\u00e1semos a reformar.\n<\/p>\n<p><span class=\"wpcf7-form-control-wrap\" data-name=\"fechas\"><input size=\"40\" maxlength=\"400\" class=\"wpcf7-form-control wpcf7-text\" aria-invalid=\"false\" value=\"\" type=\"text\" name=\"fechas\" \/><\/span>\n<\/p>\n<p><span class=\"wpcf7-form-control-wrap\" data-name=\"acceptance-208\"><span class=\"wpcf7-form-control wpcf7-acceptance\"><span class=\"wpcf7-list-item\"><label><input type=\"checkbox\" name=\"acceptance-208\" value=\"1\" aria-invalid=\"false\" \/><span class=\"wpcf7-list-item-label\">Acepto la <a target=\"_blank\" rel=\"nofollow\" href=\"https:\/\/reformasbarcelona.info\/ca\/politica-de-privacitat\/\">pol\u00edtica de privacidad<\/a> (requerido)<\/span><\/label><\/span><\/span><\/span>\n<\/p>\n<p><input class=\"wpcf7-form-control wpcf7-submit has-spinner\" type=\"submit\" value=\"Enviar\" \/>\n<\/p>\n<tt>De acuerdo con el Reglamento General de Protecci\u00f3n de Datos (RGPD)y la LOPDGDD, informamos sobre el tratamiento de sus datos:\nResponsable: A. Barcelona Reformas s.l..\nFinalidad: Gestionar las solicitudes de presupuesto, consultas y servicios de reforma solicitados a trav\u00e9s de nuestros formularios.\nLegitimaci\u00f3n: El consentimiento expreso del usuario al marcar la casilla de aceptaci\u00f3n.\nConservaci\u00f3n: Los datos se conservar\u00e1n mientras dure la relaci\u00f3n comercial o durante los a\u00f1os necesarios para cumplir con las obligaciones legales.\nDestinatarios: No se ceder\u00e1n datos a terceros salvo obligaci\u00f3n legal o necesidad t\u00e9cnica para la ejecuci\u00f3n de la obra.\nDerechos: Puede ejercer sus derechos de acceso, rectificaci\u00f3n, supresi\u00f3n y portabilidad enviando un correo a barcelonareformas@yahoo.es.\nSi considera que sus datos no son tratados correctamente, puede dirigir sus reclamaciones a la Agencia Espa\u00f1ola de Protecci\u00f3n de Datos (AEPD).\n<\/tt><p style=\"display: none !important;\" class=\"akismet-fields-container\" data-prefix=\"_wpcf7_ak_\"><label>&#916;<textarea name=\"_wpcf7_ak_hp_textarea\" cols=\"45\" rows=\"8\" maxlength=\"100\"><\/textarea><\/label><input type=\"hidden\" id=\"ak_js_2\" name=\"_wpcf7_ak_js\" value=\"198\"\/><script>document.getElementById( \"ak_js_2\" ).setAttribute( \"value\", ( new Date() ).getTime() );<\/script><\/p><div class=\"wpcf7-response-output\" aria-hidden=\"true\"><\/div>\n<\/form>\n<\/div>\n<\/p>\n<h3>&nbsp;<\/h3>\n<p><\/p>","protected":false},"excerpt":{"rendered":"<p>Reformes Barcelona estem especialitzats en donar serveis integrals per a oficines. Guiem i assessorem a <\/p>\n","protected":false},"author":2,"featured_media":0,"parent":0,"menu_order":0,"comment_status":"closed","ping_status":"open","template":"","meta":{"_seopress_robots_primary_cat":"","_seopress_titles_title":"","_seopress_titles_desc":"","_seopress_robots_index":"","ngg_post_thumbnail":0,"_ayudawp_aiss_exclude":false,"footnotes":""},"class_list":["post-2028","page","type-page","status-publish"],"_links":{"self":[{"href":"https:\/\/reformasbarcelona.info\/ca\/wp-json\/wp\/v2\/pages\/2028","targetHints":{"allow":["GET"]}}],"collection":[{"href":"https:\/\/reformasbarcelona.info\/ca\/wp-json\/wp\/v2\/pages"}],"about":[{"href":"https:\/\/reformasbarcelona.info\/ca\/wp-json\/wp\/v2\/types\/page"}],"author":[{"embeddable":true,"href":"https:\/\/reformasbarcelona.info\/ca\/wp-json\/wp\/v2\/users\/2"}],"replies":[{"embeddable":true,"href":"https:\/\/reformasbarcelona.info\/ca\/wp-json\/wp\/v2\/comments?post=2028"}],"version-history":[{"count":1,"href":"https:\/\/reformasbarcelona.info\/ca\/wp-json\/wp\/v2\/pages\/2028\/revisions"}],"predecessor-version":[{"id":78294,"href":"https:\/\/reformasbarcelona.info\/ca\/wp-json\/wp\/v2\/pages\/2028\/revisions\/78294"}],"wp:attachment":[{"href":"https:\/\/reformasbarcelona.info\/ca\/wp-json\/wp\/v2\/media?parent=2028"}],"curies":[{"name":"wp","href":"https:\/\/api.w.org\/{rel}","templated":true}]}}