{"id":19957,"date":"2019-05-15T11:27:12","date_gmt":"2019-05-15T10:27:12","guid":{"rendered":"https:\/\/reformasbarcelona.info\/aviso-legal\/"},"modified":"2026-03-14T11:18:01","modified_gmt":"2026-03-14T10:18:01","slug":"aviso-legal","status":"publish","type":"page","link":"https:\/\/reformasbarcelona.info\/ca\/avis-legal\/","title":{"rendered":"Av\u00eds Legal"},"content":{"rendered":"<p><span class=\"Y2IQFc\" lang=\"ca\">En compliment de l&#8217;article 10 de la Llei 34\/2002, d&#8217;11 de juliol, de serveis de la Societat de la Informaci\u00f3 i Comer\u00e7 Electr\u00f2nic (LSSICE), s&#8217;exposen les dades identificatives: <\/span><\/p>\n<ul>\n<li><span class=\"Y2IQFc\" lang=\"ca\"><strong>Titular:<\/strong> A. Barcelona Reformes s.l.<\/span><\/li>\n<li><strong>CIF:<\/strong> B-63839583<\/li>\n<li><strong>Domicili:<\/strong> Carrer Santa Anna, 4, 2n, 08002-Barcelona<\/li>\n<li><strong>Correu electr\u00f2nic:<\/strong> barcelonareformas@yahoo.es<\/li>\n<li><strong>Tel\u00e8fon:<\/strong> 93 2473304<\/li>\n<\/ul>\n<p><span class=\"Y2IQFc\" lang=\"ca\">El lloc web <a href=\"https:\/\/reformasbarcelona.info\/ca\">reformasbarcelona.info<\/a> t\u00e9 com a objecte facilitar informaci\u00f3 sobre serveis de reformes integrals, cuines i banys a Barcelona. L&#8217;acc\u00e9s a la web \u00e9s gratu\u00eft i l&#8217;usuari es compromet a fer-ne un \u00fas l\u00edcit.<\/span><\/p>","protected":false},"excerpt":{"rendered":"<p>En compliment de l&#8217;article 10 de la Llei 34\/2002, d&#8217;11 de juliol, de serveis de <\/p>\n","protected":false},"author":2,"featured_media":0,"parent":0,"menu_order":0,"comment_status":"closed","ping_status":"closed","template":"","meta":{"_seopress_robots_primary_cat":"","_seopress_titles_title":"Av\u00eds Legal","_seopress_titles_desc":"En compliment de l'article 10 de la Llei 34\/2002, de 11 de juliol","_seopress_robots_index":"yes","ngg_post_thumbnail":0,"_ayudawp_aiss_exclude":false,"footnotes":""},"class_list":["post-19957","page","type-page","status-publish"],"_links":{"self":[{"href":"https:\/\/reformasbarcelona.info\/ca\/wp-json\/wp\/v2\/pages\/19957","targetHints":{"allow":["GET"]}}],"collection":[{"href":"https:\/\/reformasbarcelona.info\/ca\/wp-json\/wp\/v2\/pages"}],"about":[{"href":"https:\/\/reformasbarcelona.info\/ca\/wp-json\/wp\/v2\/types\/page"}],"author":[{"embeddable":true,"href":"https:\/\/reformasbarcelona.info\/ca\/wp-json\/wp\/v2\/users\/2"}],"replies":[{"embeddable":true,"href":"https:\/\/reformasbarcelona.info\/ca\/wp-json\/wp\/v2\/comments?post=19957"}],"version-history":[{"count":0,"href":"https:\/\/reformasbarcelona.info\/ca\/wp-json\/wp\/v2\/pages\/19957\/revisions"}],"wp:attachment":[{"href":"https:\/\/reformasbarcelona.info\/ca\/wp-json\/wp\/v2\/media?parent=19957"}],"curies":[{"name":"wp","href":"https:\/\/api.w.org\/{rel}","templated":true}]}}