{"id":14481,"date":"2026-02-20T12:42:36","date_gmt":"2026-02-20T11:42:36","guid":{"rendered":"http:\/\/reformasbarcelona.info\/?page_id=14481"},"modified":"2026-03-14T11:32:34","modified_gmt":"2026-03-14T10:32:34","slug":"precio-cedulas-de-habitabilidad-en-barcelona","status":"publish","type":"page","link":"https:\/\/reformasbarcelona.info\/ca\/preu-cedules-dhabitabilitat-a-barcelona\/","title":{"rendered":"Preu c\u00e8dules d&#8217;habitabilitat a Barcelona"},"content":{"rendered":"<p><\/p>\n<p id=\"tw-target-text\" class=\"tw-data-text tw-ta tw-text-small\" dir=\"ltr\" data-placeholder=\"Traducci\u00f3n\"><span lang=\"ca\">La c\u00e8dula d&#8217;habitabilitat \u00e9s el document administratiu que ratifica que un habitatge reuneix les condicions b\u00e0siques d&#8217;habitabilitat.&nbsp;<\/span><\/p>\n<p id=\"tw-target-text\" class=\"tw-data-text tw-ta tw-text-small\" dir=\"ltr\" data-placeholder=\"Traducci\u00f3n\"><span lang=\"ca\">Ara, Barcelona Reformes t&#8217;ofereix la possibilitat d&#8217;aconseguir el teu c\u00e8dula d&#8217;habitabilitat a Barcelona, \u200b\u200bde forma r\u00e0pida i a un preu ajustat.<\/span><\/p>\n<p dir=\"ltr\" data-placeholder=\"Traducci\u00f3n\"><a href=\"http:\/\/reformasbarcelona.info\/wp-content\/uploads\/2017\/11\/Ce\u0301dula-de-habitabilidad-en-Barcelona.png\"><img decoding=\"async\" class=\"aligncenter wp-image-14488 size-medium\" src=\"http:\/\/reformasbarcelona.info\/wp-content\/uploads\/2017\/11\/Ce\u0301dula-de-habitabilidad-en-Barcelona-300x119.png\" alt=\"\" width=\"300\" height=\"119\" srcset=\"https:\/\/reformasbarcelona.info\/wp-content\/uploads\/2017\/11\/Ce\u0301dula-de-habitabilidad-en-Barcelona-300x119.png 300w, https:\/\/reformasbarcelona.info\/wp-content\/uploads\/2017\/11\/Ce\u0301dula-de-habitabilidad-en-Barcelona.png 673w\" sizes=\"(max-width: 300px) 100vw, 300px\" \/><\/a><\/p>\n<p id=\"tw-target-text\" class=\"tw-data-text tw-ta tw-text-small\" dir=\"ltr\" data-placeholder=\"Traducci\u00f3n\"><strong><span lang=\"ca\">Per a qu\u00e8 serveix <\/span><\/strong><\/p>\n<p class=\"tw-data-text tw-ta tw-text-small\" dir=\"ltr\" data-placeholder=\"Traducci\u00f3n\"><span lang=\"ca\">La c\u00e8dula d&#8217;habitabilitat \u00e9s obligat\u00f2ria per tots els habitatges. \u00c9s necess\u00e0ria per llogar o vendre un habitatge i perqu\u00e8 les companyies d&#8217;aigua, gas, electricitat i telecomunicacions donin el subministrament a l&#8217;habitatge. <\/span><\/p>\n<p class=\"tw-data-text tw-ta tw-text-small\" dir=\"ltr\" data-placeholder=\"Traducci\u00f3n\"><strong><span lang=\"ca\">Quan es necessita <\/span><\/strong><\/p>\n<p class=\"tw-data-text tw-ta tw-text-small\" dir=\"ltr\" data-placeholder=\"Traducci\u00f3n\"><span lang=\"ca\">\u00c9s obligatori que tots els habitatges tinguin la c\u00e8dula d&#8217;habitabilitat en vigor, segons estableix l&#8217;article 9 del decreto141 \/ 2012. Cal per llogar, vendre o sol\u00b7licitar la hipoteca d&#8217;un habitatge, a m\u00e9s de perqu\u00e8 les companyies d&#8217;aigua, gas, electricitat i telecomunicacions facin el subministrament a l&#8217;habitatge.<\/span><\/p>\n<p id=\"tw-target-text\" class=\"tw-data-text tw-ta tw-text-small\" dir=\"ltr\" data-placeholder=\"Traducci\u00f3n\"><span lang=\"ca\">Les c\u00e8dules d&#8217;habitabilitat tenen una validesa de 15 anys.<\/span><\/p>\n<p class=\"tw-data-text tw-ta tw-text-small\" dir=\"ltr\" data-placeholder=\"Traducci\u00f3n\"><strong><span lang=\"ca\">Quant costa una c\u00e8dula d&#8217;habitabilitat<\/span><\/strong><\/p>\n<p dir=\"ltr\" data-placeholder=\"Traducci\u00f3n\"><div id=\"rpt_pricr\" class=\"rpt_plans rpt_3_plans rpt_style_basic\"><div class=\"\"><div class=\"rpt_plan  rpt_plugin_f rpt_plan_0  \"><div style=\"text-align:center;\" class=\"rpt_title rpt_title_0\">Certificat d'habitabilitat (Barcelona)<\/div><div class=\"rpt_head rpt_head_0\"><div class=\"rpt_price rpt_price_0\">75\u20ac+IVA<\/div><div style=\"color:#eeee22;\" class=\"rpt_subtitle rpt_subtitle_0\">Tr\u00e0mit parcial<\/div><div class=\"rpt_description rpt_description_0\">Tr\u00e0mit parcial:  No Inclou el registre a l'oficina de l'Habitatge (Taxes 12,60\u20ac)<\/div><\/div><div class=\"rpt_features rpt_features_0\"><div style=\"color:black;\" class=\"rpt_feature rpt_feature_0-0\">Habitatges fins 100m2 a Barcelona ciutat<\/div><\/div><a target=\"_self\" href=\"http:\/\/reformasbarcelona.info\/contacto\/\" style=\"background:#eeee22\" class=\"rpt_foot rpt_foot_0\">Demana la teva C\u00e8dule d&#039;habitabilitat<\/a><\/div><div class=\"rpt_plan  rpt_plugin_f rpt_plan_1  \"><div style=\"text-align:center;\" class=\"rpt_title rpt_title_1\">C\u00e8dules d'habitabilitat (Barcelona)<\/div><div class=\"rpt_head rpt_head_1\"><div class=\"rpt_price rpt_price_1\">145\u20ac+IVA<\/div><div style=\"color:#eeee22;\" class=\"rpt_subtitle rpt_subtitle_1\">Tr\u00e0mit complet<\/div><div class=\"rpt_description rpt_description_1\">Inclou la tramitaci\u00f3 completa de la c\u00e8dula d'habitabilitat<\/div><\/div><div class=\"rpt_features rpt_features_1\"><div style=\"color:black;\" class=\"rpt_feature rpt_feature_1-0\">Habitatges fins 100m2 a Barcelona ciutat<\/div><\/div><a target=\"_self\" href=\"http:\/\/reformasbarcelona.info\/contacto\/\" style=\"background:#eeee22\" class=\"rpt_foot rpt_foot_1\">Demana la teva C\u00e8dule d&#039;habitabilitat<\/a><\/div><div class=\"rpt_plan  rpt_plugin_f rpt_plan_2  \"><div style=\"text-align:center;\" class=\"rpt_title rpt_title_2\">Pack complet (Barcelona)<\/div><div class=\"rpt_head rpt_head_2\"><div class=\"rpt_price rpt_price_2\">185\u20ac+IVA<\/div><div style=\"color:#eeee22;\" class=\"rpt_subtitle rpt_subtitle_2\">C\u00e8dula d'habitabilitat + Certificat energ\u00e8tic a Barcelona<\/div><div class=\"rpt_description rpt_description_2\">Inclou la tramitaci\u00f3 completa de la c\u00e8dula d'habitabilitat i el certificat energ\u00e8tic<\/div><\/div><div class=\"rpt_features rpt_features_2\"><div style=\"color:black;\" class=\"rpt_feature rpt_feature_2-0\">Habitatges fins 100m2 a Barcelona ciutat<\/div><\/div><a target=\"_self\" href=\"http:\/\/reformasbarcelona.info\/contacto\/\" style=\"background:#eeee22\" class=\"rpt_foot rpt_foot_2\">Demana la teva C\u00e8dule d&#039;habitabilitat<\/a><\/div><\/div><\/div><div style=\"clear:both;\"><\/div><\/p>\n<p><\/p>","protected":false},"excerpt":{"rendered":"<p>La c\u00e8dula d&#8217;habitabilitat \u00e9s el document administratiu que ratifica que un habitatge reuneix les condicions <\/p>\n","protected":false},"author":2,"featured_media":14488,"parent":0,"menu_order":0,"comment_status":"closed","ping_status":"closed","template":"","meta":{"_seopress_robots_primary_cat":"","_seopress_titles_title":"Preu C\u00e8dula d'Habitabilitat a Barcelona | Tr\u00e0mit R\u00e0pid","_seopress_titles_desc":"Necessites la c\u00e8dula d'habitabilitat a Barcelona? Consulta els nostres preus econ\u00f2mics. Gesti\u00f3 r\u00e0pida per arquitectes experts per a venda o lloguer. Informa't!","_seopress_robots_index":"","ngg_post_thumbnail":0,"_ayudawp_aiss_exclude":false,"footnotes":""},"class_list":["post-14481","page","type-page","status-publish","has-post-thumbnail"],"_links":{"self":[{"href":"https:\/\/reformasbarcelona.info\/ca\/wp-json\/wp\/v2\/pages\/14481","targetHints":{"allow":["GET"]}}],"collection":[{"href":"https:\/\/reformasbarcelona.info\/ca\/wp-json\/wp\/v2\/pages"}],"about":[{"href":"https:\/\/reformasbarcelona.info\/ca\/wp-json\/wp\/v2\/types\/page"}],"author":[{"embeddable":true,"href":"https:\/\/reformasbarcelona.info\/ca\/wp-json\/wp\/v2\/users\/2"}],"replies":[{"embeddable":true,"href":"https:\/\/reformasbarcelona.info\/ca\/wp-json\/wp\/v2\/comments?post=14481"}],"version-history":[{"count":0,"href":"https:\/\/reformasbarcelona.info\/ca\/wp-json\/wp\/v2\/pages\/14481\/revisions"}],"wp:featuredmedia":[{"embeddable":true,"href":"https:\/\/reformasbarcelona.info\/ca\/wp-json\/wp\/v2\/media\/14488"}],"wp:attachment":[{"href":"https:\/\/reformasbarcelona.info\/ca\/wp-json\/wp\/v2\/media?parent=14481"}],"curies":[{"name":"wp","href":"https:\/\/api.w.org\/{rel}","templated":true}]}}