{"id":14458,"date":"2026-02-26T11:51:30","date_gmt":"2026-02-26T10:51:30","guid":{"rendered":"http:\/\/reformasbarcelona.info\/?page_id=14458"},"modified":"2026-03-14T11:33:17","modified_gmt":"2026-03-14T10:33:17","slug":"precio-certificado-energetico-barcelona","status":"publish","type":"page","link":"https:\/\/reformasbarcelona.info\/ca\/preu-certificat-energetic-barcelona\/","title":{"rendered":"Preu Certificat energ\u00e8tic Barcelona"},"content":{"rendered":"<p><\/p>\n<p id=\"tw-target-text\" class=\"tw-data-text tw-ta tw-text-small\" dir=\"ltr\" data-placeholder=\"Traducci\u00f3n\"><span lang=\"ca\"><a href=\"http:\/\/reformasbarcelona.info\/wp-content\/uploads\/2017\/11\/Certificado-energe\u0301tico-Barcelona.png\"><img decoding=\"async\" class=\"aligncenter wp-image-14477 size-medium\" src=\"http:\/\/reformasbarcelona.info\/wp-content\/uploads\/2017\/11\/Certificado-energe\u0301tico-Barcelona-300x195.png\" alt=\"\" width=\"300\" height=\"195\" srcset=\"https:\/\/reformasbarcelona.info\/wp-content\/uploads\/2017\/11\/Certificado-energe\u0301tico-Barcelona-300x195.png 300w, https:\/\/reformasbarcelona.info\/wp-content\/uploads\/2017\/11\/Certificado-energe\u0301tico-Barcelona.png 393w\" sizes=\"(max-width: 300px) 100vw, 300px\" \/><\/a>El certificat d&#8217;efici\u00e8ncia energ\u00e8tica d&#8217;edificis \u00e9s obligatori per llogar o vendre el teu habitatge. <\/span><\/p>\n<p class=\"tw-data-text tw-ta tw-text-small\" dir=\"ltr\" data-placeholder=\"Traducci\u00f3n\"><span lang=\"ca\">Ara, Barcelona Reformes t&#8217;ofereix la possibilitat d&#8217;aconseguir el teu certificat energ\u00e8tic a Barcelona, \u200b\u200br\u00e0pid i a un preu ajustat<\/span><\/p>\n<h2 id=\"tw-target-text\" class=\"tw-data-text tw-ta tw-text-small\" dir=\"ltr\" data-placeholder=\"Traducci\u00f3n\"><span lang=\"ca\">COM OBTENIR EL CERTIFICAT D&#8217;EFICI\u00c8NCIA ENERG\u00c8TICA? <\/span><\/h2>\n<h3 class=\"tw-data-text tw-ta tw-text-small\" dir=\"ltr\" data-placeholder=\"Traducci\u00f3n\"><span lang=\"ca\">Visita del t\u00e8cnic certificador a la vivenda <\/span><\/h3>\n<p class=\"tw-data-text tw-ta tw-text-small\" dir=\"ltr\" data-placeholder=\"Traducci\u00f3n\"><span lang=\"ca\">Contacta amb Barcelona Reformes S.L. i concerta una cita perqu\u00e8 visiti el teu habitatge. En aquesta visita a l&#8217;immoble, el nostre t\u00e8cnic certificador de prendre les mesures necess\u00e0ries, revisar\u00e0 els materials de la fa\u00e7ana, les fusteries exteriors i inspeccionar\u00e0 les instal\u00b7lacions de calefacci\u00f3 i climatitzaci\u00f3. <\/span><\/p>\n<h3 class=\"tw-data-text tw-ta tw-text-small\" dir=\"ltr\" data-placeholder=\"Traducci\u00f3n\"><span lang=\"ca\">C\u00e0lcul de la certificaci\u00f3 energ\u00e8tica <\/span><\/h3>\n<p class=\"tw-data-text tw-ta tw-text-small\" dir=\"ltr\" data-placeholder=\"Traducci\u00f3n\"><span lang=\"ca\">A continuaci\u00f3, el nostre t\u00e8cnic certificador realitzar\u00e0 un pla de l&#8217;immoble i introduir\u00e0 al programa inform\u00e0tic, les dades de l&#8217;habitatge per obtenir la qualificaci\u00f3 energ\u00e8tica. <\/span><\/p>\n<h3 class=\"tw-data-text tw-ta tw-text-small\" dir=\"ltr\" data-placeholder=\"Traducci\u00f3n\"><span lang=\"ca\">Obtenci\u00f3 del certificat energ\u00e8tic <\/span><\/h3>\n<p class=\"tw-data-text tw-ta tw-text-small\" dir=\"ltr\" data-placeholder=\"Traducci\u00f3n\"><span lang=\"ca\">Despr\u00e9s dels resultats obtinguts, es generar\u00e0 el certificat energ\u00e8tic que indica el grau d&#8217;efici\u00e8ncia energ\u00e8tica del seu habitatge. Aquesta graduaci\u00f3 va des de la lletra &#8220;A&#8221; la lletra &#8220;G&#8221;. A m\u00e9s, el propietari rebr\u00e0 un dossier amb uns suggeriments de millora per rehabilitar l&#8217;immoble i aconseguir una millor qualificaci\u00f3. <\/span><\/p>\n<h3 class=\"tw-data-text tw-ta tw-text-small\" dir=\"ltr\" data-placeholder=\"Traducci\u00f3n\"><span lang=\"ca\">Registre del certificat energ\u00e8tic <\/span><\/h3>\n<p class=\"tw-data-text tw-ta tw-text-small\" dir=\"ltr\" data-placeholder=\"Traducci\u00f3n\"><span lang=\"ca\">Finalment el certificat ha de ser registrat en l&#8217;\u00f2rgan competent, que ha de verificar que tot \u00e9s correcte. El Barem de classificaci\u00f3 dels immobles en funci\u00f3 de l&#8217;\u00edndex de qualificaci\u00f3 energ\u00e8tica que s&#8217;expressa en valors de quilograms de di\u00f2xid de carboni per metre quadrat emesos (kg CO2 \/ m2), obtingut en aplicar els procediments de qualificaci\u00f3 oportuns. <\/span><\/p>\n<p class=\"tw-data-text tw-ta tw-text-small\" dir=\"ltr\" data-placeholder=\"Traducci\u00f3n\"><span lang=\"ca\">Els possibles valors que pot adoptar l&#8217;\u00edndex de qualificaci\u00f3 energ\u00e8tica esmentat es divideixen en intervals designats per lletres, comprenent des de la lletra G (immobles menys eficient i amb m\u00e9s emissions) i fins a la lletra A (immobles m\u00e9s eficient amb menors emissions).<\/span><\/p>\n<p dir=\"ltr\" data-placeholder=\"Traducci\u00f3n\">&nbsp;<\/p>\n<h3 id=\"tw-target-text\" class=\"tw-data-text tw-ta tw-text-medium\" dir=\"ltr\" data-placeholder=\"Traducci\u00f3n\"><span lang=\"ca\">Quant costa un certificat energ\u00e8tic<\/span><\/h3>\n<div id=\"rpt_pricr\" class=\"rpt_plans rpt_3_plans rpt_style_basic\"><div class=\"\"><div class=\"rpt_plan  rpt_plugin_f rpt_plan_0  \"><div style=\"text-align:left;\" class=\"rpt_title rpt_title_0\">Fins 50m2<\/div><div class=\"rpt_head rpt_head_0\"><div class=\"rpt_price rpt_price_0\">70\u20ac<\/div><div class=\"rpt_description rpt_description_0\">* IVA no incl\u00f2s<\/div><\/div><a target=\"_self\" href=\"http:\/\/reformasbarcelona.info\/contacto\/\" style=\"background:#9fdb80\" class=\"rpt_foot rpt_foot_0\">Demana en teu Certificat Energ\u00e8tic<\/a><\/div><div class=\"rpt_plan  rpt_plugin_f rpt_plan_1  \"><div style=\"text-align:left;\" class=\"rpt_title rpt_title_1\">Entre 50 i 100m2<\/div><div class=\"rpt_head rpt_head_1\"><div class=\"rpt_price rpt_price_1\">90\u20ac<\/div><div class=\"rpt_description rpt_description_1\">* IVA no incl\u00f2s<\/div><\/div><a target=\"_self\" href=\"http:\/\/reformasbarcelona.info\/contacto\/\" style=\"background:#9fdb80\" class=\"rpt_foot rpt_foot_1\">Demana en teu Certificat Energ\u00e8tic<\/a><\/div><div class=\"rpt_plan  rpt_plugin_f rpt_plan_2  \"><div style=\"text-align:left;\" class=\"rpt_title rpt_title_2\">A partir de 100m2<\/div><div class=\"rpt_head rpt_head_2\"><div class=\"rpt_price rpt_price_2\">130\u20ac<\/div><div class=\"rpt_description rpt_description_2\">* IVA no incl\u00f2s<\/div><\/div><a target=\"_self\" href=\"http:\/\/reformasbarcelona.info\/contacto\/\" style=\"background:#9fdb80\" class=\"rpt_foot rpt_foot_2\">Demana en teu Certificat Energ\u00e8tic<\/a><\/div><\/div><\/div><div style=\"clear:both;\"><\/div>\n<div id=\"rpt_pricr\" class=\"rpt_plans rpt_3_plans rpt_style_basic\"><div class=\"\"><div class=\"rpt_plan  rpt_plugin_f rpt_plan_0  \"><div style=\"text-align:left;\" class=\"rpt_title rpt_title_0\">Fins 50m2<\/div><div class=\"rpt_head rpt_head_0\"><div class=\"rpt_price rpt_price_0\">90\u20ac<\/div><div style=\"color:#9fdb80;\" class=\"rpt_subtitle rpt_subtitle_0\">Preu de Certificat Energ\u00e8tic a la resta de la prov\u00edncia de Barcelona<\/div><div class=\"rpt_description rpt_description_0\">* IVA no incl\u00f2s<\/div><\/div><a target=\"_self\" href=\"http:\/\/reformasbarcelona.info\/contacto\/\" style=\"background:#9fdb80\" class=\"rpt_foot rpt_foot_0\">Demana en teu Certificat Energ\u00e8tic<\/a><\/div><div class=\"rpt_plan  rpt_plugin_f rpt_plan_1  \"><div style=\"text-align:left;\" class=\"rpt_title rpt_title_1\">Entre 50 i 100m2<\/div><div class=\"rpt_head rpt_head_1\"><div class=\"rpt_price rpt_price_1\">110\u20ac<\/div><div style=\"color:#9fdb80;\" class=\"rpt_subtitle rpt_subtitle_1\">Preu de Certificat Energ\u00e8tic a la resta de la prov\u00edncia de Barcelona<\/div><div class=\"rpt_description rpt_description_1\">* IVA no incl\u00f2s<\/div><\/div><a target=\"_self\" href=\"http:\/\/reformasbarcelona.info\/contacto\/\" style=\"background:#9fdb80\" class=\"rpt_foot rpt_foot_1\">Demana en teu Certificat Energ\u00e8tic<\/a><\/div><div class=\"rpt_plan  rpt_plugin_f rpt_plan_2  \"><div style=\"text-align:left;\" class=\"rpt_title rpt_title_2\">A partir de 100m2<\/div><div class=\"rpt_head rpt_head_2\"><div class=\"rpt_price rpt_price_2\">150\u20ac<\/div><div style=\"color:#9fdb80;\" class=\"rpt_subtitle rpt_subtitle_2\">Preu de Certificat Energ\u00e8tic a la resta de la prov\u00edncia de Barcelona<\/div><div class=\"rpt_description rpt_description_2\">* IVA no incl\u00f2s<\/div><\/div><a target=\"_self\" href=\"http:\/\/reformasbarcelona.info\/contacto\/\" style=\"background:#9fdb80\" class=\"rpt_foot rpt_foot_2\">Demana en teu Certificat Energ\u00e8tic<\/a><\/div><\/div><\/div><div style=\"clear:both;\"><\/div>\n<p>&nbsp;<\/p>\n<p id=\"tw-target-text\" class=\"tw-data-text tw-ta tw-text-small\" dir=\"ltr\" data-placeholder=\"Traducci\u00f3n\"><span lang=\"ca\"><strong>El tramitem tot per tu<\/strong>. El teu Certificat energ\u00e8tic a Barcelona, \u200b\u200baconsegueix-lo ja<\/span><\/p>\n<p dir=\"ltr\" data-placeholder=\"Traducci\u00f3n\">\n<div class=\"wpcf7 no-js\" id=\"wpcf7-f1949-o2\" lang=\"es-ES\" dir=\"ltr\" data-wpcf7-id=\"1949\">\n<div class=\"screen-reader-response\"><p role=\"status\" aria-live=\"polite\" aria-atomic=\"true\"><\/p> <ul><\/ul><\/div>\n<form action=\"\/ca\/wp-json\/wp\/v2\/pages\/14458#wpcf7-f1949-o2\" method=\"post\" class=\"wpcf7-form init\" aria-label=\"Contact form\" novalidate=\"novalidate\" data-status=\"init\">\n<fieldset class=\"hidden-fields-container\"><input type=\"hidden\" name=\"_wpcf7\" value=\"1949\" \/><input type=\"hidden\" name=\"_wpcf7_version\" value=\"6.1.5\" \/><input type=\"hidden\" name=\"_wpcf7_locale\" value=\"es_ES\" \/><input type=\"hidden\" name=\"_wpcf7_unit_tag\" value=\"wpcf7-f1949-o2\" \/><input type=\"hidden\" name=\"_wpcf7_container_post\" value=\"0\" \/><input type=\"hidden\" name=\"_wpcf7_posted_data_hash\" value=\"\" \/>\n<\/fieldset>\n<p>Nombre (requerido)\n<\/p>\n<p><span class=\"wpcf7-form-control-wrap\" data-name=\"your-name\"><input size=\"40\" maxlength=\"400\" class=\"wpcf7-form-control wpcf7-text wpcf7-validates-as-required\" aria-required=\"true\" aria-invalid=\"false\" value=\"\" type=\"text\" name=\"your-name\" \/><\/span>\n<\/p>\n<p>Correo Electr\u00f3nico (requerido)\n<\/p>\n<p><span class=\"wpcf7-form-control-wrap\" data-name=\"your-email\"><input size=\"40\" maxlength=\"400\" class=\"wpcf7-form-control wpcf7-email wpcf7-validates-as-required wpcf7-text wpcf7-validates-as-email\" aria-required=\"true\" aria-invalid=\"false\" value=\"\" type=\"email\" name=\"your-email\" \/><\/span>\n<\/p>\n<p>Tel\u00e9fono de contacto (requerido)\n<\/p>\n<p><span class=\"wpcf7-form-control-wrap\" data-name=\"your-phone\"><input size=\"40\" maxlength=\"400\" class=\"wpcf7-form-control wpcf7-text wpcf7-validates-as-required\" aria-required=\"true\" aria-invalid=\"false\" value=\"\" type=\"text\" name=\"your-phone\" \/><\/span>\n<\/p>\n<p>Asunto\n<\/p>\n<p><span class=\"wpcf7-form-control-wrap\" data-name=\"your-subject\"><input size=\"40\" maxlength=\"400\" class=\"wpcf7-form-control wpcf7-text\" aria-invalid=\"false\" value=\"\" type=\"text\" name=\"your-subject\" \/><\/span>\n<\/p>\n<p>Su mensaje (requerido)\n<\/p>\n<p><span class=\"wpcf7-form-control-wrap\" data-name=\"your-message\"><textarea cols=\"40\" rows=\"10\" maxlength=\"2000\" class=\"wpcf7-form-control wpcf7-textarea wpcf7-validates-as-required\" aria-required=\"true\" aria-invalid=\"false\" name=\"your-message\"><\/textarea><\/span>\n<\/p>\n<p><span class=\"wpcf7-form-control-wrap\" data-name=\"acceptance-208\"><span class=\"wpcf7-form-control wpcf7-acceptance\"><span class=\"wpcf7-list-item\"><label><input type=\"checkbox\" name=\"acceptance-208\" value=\"1\" aria-invalid=\"false\" \/><span class=\"wpcf7-list-item-label\">Acepto la <a target=\"_blank\" rel=\"nofollow\" href=\"https:\/\/reformasbarcelona.info\/ca\/politica-de-privacitat\/\">pol\u00edtica de privacidad<\/a> (requerido)<\/span><\/label><\/span><\/span><\/span>\n<\/p>\n<p><input class=\"wpcf7-form-control wpcf7-submit has-spinner\" type=\"submit\" value=\"Enviar\" \/>\n<\/p>\n<tt>De acuerdo con el Reglamento General de Protecci\u00f3n de Datos (RGPD)y la LOPDGDD, informamos sobre el tratamiento de sus datos:\nResponsable: A. Barcelona Reformas s.l..\nFinalidad: Gestionar las solicitudes de presupuesto, consultas y servicios de reforma solicitados a trav\u00e9s de nuestros formularios.\nLegitimaci\u00f3n: El consentimiento expreso del usuario al marcar la casilla de aceptaci\u00f3n.\nConservaci\u00f3n: Los datos se conservar\u00e1n mientras dure la relaci\u00f3n comercial o durante los a\u00f1os necesarios para cumplir con las obligaciones legales.\nDestinatarios: No se ceder\u00e1n datos a terceros salvo obligaci\u00f3n legal o necesidad t\u00e9cnica para la ejecuci\u00f3n de la obra.\nDerechos: Puede ejercer sus derechos de acceso, rectificaci\u00f3n, supresi\u00f3n y portabilidad enviando un correo a barcelonareformas@yahoo.es.\nSi considera que sus datos no son tratados correctamente, puede dirigir sus reclamaciones a la Agencia Espa\u00f1ola de Protecci\u00f3n de Datos (AEPD).\n<\/tt><p style=\"display: none !important;\" class=\"akismet-fields-container\" data-prefix=\"_wpcf7_ak_\"><label>&#916;<textarea name=\"_wpcf7_ak_hp_textarea\" cols=\"45\" rows=\"8\" maxlength=\"100\"><\/textarea><\/label><input type=\"hidden\" id=\"ak_js_2\" name=\"_wpcf7_ak_js\" value=\"166\"\/><script>document.getElementById( \"ak_js_2\" ).setAttribute( \"value\", ( new Date() ).getTime() );<\/script><\/p><div class=\"wpcf7-response-output\" aria-hidden=\"true\"><\/div>\n<\/form>\n<\/div>\n<\/p>\n<p><\/p>","protected":false},"excerpt":{"rendered":"<p>El certificat d&#8217;efici\u00e8ncia energ\u00e8tica d&#8217;edificis \u00e9s obligatori per llogar o vendre el teu habitatge. Ara, <\/p>\n","protected":false},"author":2,"featured_media":14477,"parent":0,"menu_order":0,"comment_status":"closed","ping_status":"closed","template":"","meta":{"_seopress_robots_primary_cat":"","_seopress_titles_title":"Preu Certificat Energ\u00e8tic a Barcelona | Des de 24h","_seopress_titles_desc":"Necessites el certificat d'efici\u00e8ncia energ\u00e8tica a Barcelona? Preus competitius i gesti\u00f3 r\u00e0pida per arquitectes. Sol\u00b7licita el teu pressupost online ara!","_seopress_robots_index":"","ngg_post_thumbnail":0,"_ayudawp_aiss_exclude":false,"footnotes":""},"class_list":["post-14458","page","type-page","status-publish","has-post-thumbnail"],"_links":{"self":[{"href":"https:\/\/reformasbarcelona.info\/ca\/wp-json\/wp\/v2\/pages\/14458","targetHints":{"allow":["GET"]}}],"collection":[{"href":"https:\/\/reformasbarcelona.info\/ca\/wp-json\/wp\/v2\/pages"}],"about":[{"href":"https:\/\/reformasbarcelona.info\/ca\/wp-json\/wp\/v2\/types\/page"}],"author":[{"embeddable":true,"href":"https:\/\/reformasbarcelona.info\/ca\/wp-json\/wp\/v2\/users\/2"}],"replies":[{"embeddable":true,"href":"https:\/\/reformasbarcelona.info\/ca\/wp-json\/wp\/v2\/comments?post=14458"}],"version-history":[{"count":0,"href":"https:\/\/reformasbarcelona.info\/ca\/wp-json\/wp\/v2\/pages\/14458\/revisions"}],"wp:featuredmedia":[{"embeddable":true,"href":"https:\/\/reformasbarcelona.info\/ca\/wp-json\/wp\/v2\/media\/14477"}],"wp:attachment":[{"href":"https:\/\/reformasbarcelona.info\/ca\/wp-json\/wp\/v2\/media?parent=14458"}],"curies":[{"name":"wp","href":"https:\/\/api.w.org\/{rel}","templated":true}]}}