{"id":1419,"date":"2026-03-01T15:38:16","date_gmt":"2026-03-01T14:38:16","guid":{"rendered":"http:\/\/reformasbarcelona.info\/?page_id=1419"},"modified":"2026-03-19T11:15:35","modified_gmt":"2026-03-19T10:15:35","slug":"nuestras-obras","status":"publish","type":"page","link":"https:\/\/reformasbarcelona.info\/ca\/les-nostres-obres\/","title":{"rendered":"Les nostres obres"},"content":{"rendered":"","protected":false},"excerpt":{"rendered":"","protected":false},"author":2,"featured_media":0,"parent":0,"menu_order":0,"comment_status":"closed","ping_status":"open","template":"","meta":{"_seopress_robots_primary_cat":"","_seopress_titles_title":"Portfolio de Reformes Integrals a Barcelona | Casos Reals 2026","_seopress_titles_desc":"Explora els nostres \u00faltims projectes de Barcelona reformes. Fotos de cuines, banys i pisos. Inspiraci\u00f3 i pressupostos reals amb acabats pr\u00e8mium","_seopress_robots_index":"","ngg_post_thumbnail":0,"_ayudawp_aiss_exclude":false,"footnotes":""},"class_list":["post-1419","page","type-page","status-publish"],"_links":{"self":[{"href":"https:\/\/reformasbarcelona.info\/ca\/wp-json\/wp\/v2\/pages\/1419","targetHints":{"allow":["GET"]}}],"collection":[{"href":"https:\/\/reformasbarcelona.info\/ca\/wp-json\/wp\/v2\/pages"}],"about":[{"href":"https:\/\/reformasbarcelona.info\/ca\/wp-json\/wp\/v2\/types\/page"}],"author":[{"embeddable":true,"href":"https:\/\/reformasbarcelona.info\/ca\/wp-json\/wp\/v2\/users\/2"}],"replies":[{"embeddable":true,"href":"https:\/\/reformasbarcelona.info\/ca\/wp-json\/wp\/v2\/comments?post=1419"}],"version-history":[{"count":1,"href":"https:\/\/reformasbarcelona.info\/ca\/wp-json\/wp\/v2\/pages\/1419\/revisions"}],"predecessor-version":[{"id":78288,"href":"https:\/\/reformasbarcelona.info\/ca\/wp-json\/wp\/v2\/pages\/1419\/revisions\/78288"}],"wp:attachment":[{"href":"https:\/\/reformasbarcelona.info\/ca\/wp-json\/wp\/v2\/media?parent=1419"}],"curies":[{"name":"wp","href":"https:\/\/api.w.org\/{rel}","templated":true}]}}