{"id":12886,"date":"2026-02-28T21:25:11","date_gmt":"2026-02-28T20:25:11","guid":{"rendered":"http:\/\/reformasbarcelona.info\/?page_id=12886"},"modified":"2026-03-19T16:29:52","modified_gmt":"2026-03-19T15:29:52","slug":"calcula-el-precio-de-la-reforma-de-tu-piso-en-3-minutos","status":"publish","type":"page","link":"https:\/\/reformasbarcelona.info\/ca\/calculadora-de-reformes-de-pisos-a-barcelona-preu-instantani-sense-registre\/","title":{"rendered":"Calculadora de reformes de pisos a Barcelona | Preu instantani sense registre"},"content":{"rendered":"<p><strong>Quan costa reformar el teu pis? &#x1f3e0; Calcula el pressupost en 3 minuts amb preus de Barcelona. Sense deixar el teu email, sense registres i 100% gratis. Prova-la!<\/strong><\/p>\n<p>Calculeu el pressupost de la reforma de tu a Barcelona a l&#8217;instant.<\/p>\n<p><strong>Sense formularis infinits. Sense deixar el teu correu electr\u00f2nic. Sense trucades comercials.<\/strong><\/p>\n<p>Sabem que la primera pregunta que et fas en pensar a reformar la teva llar \u00e9s: <strong>M&#8217;arribar\u00e0 el pressupost?<\/strong><\/p>\n<p>A <strong>Reformes Barcelona<\/strong> volem que tinguis la resposta immediatament, amb total transpar\u00e8ncia i respectant la teva privadesa.<\/p>\n<p>La nostra calculadora utilitza una base de dades real basada en m\u00e9s de 20 anys d&#8217;experi\u00e8ncia i centenars d&#8217;obres executades a la ciutat.<\/p>\n<p>Obtingues una xifra honesta, basada en costos actuals de materials i m\u00e0 d&#8217;obra professional, <strong>en menys de 3 minuts.<\/strong><\/p>\n<style>@media (max-width:480px){#cp_calculatedfieldsf_pform_2{min-height:4465px;}}@media (max-width:768px){#cp_calculatedfieldsf_pform_2{min-height:2042px;}}@media (max-width:1024px){#cp_calculatedfieldsf_pform_2{min-height:2092px;}}@media (min-width:1024px){#cp_calculatedfieldsf_pform_2{min-height:1778px;}}<\/style><form name=\"cp_calculatedfieldsf_pform_2\" id=\"cp_calculatedfieldsf_pform_2\" action=\"https:\/\/reformasbarcelona.info\/ca\/calculadora-de-reformes-de-pisos-a-barcelona-preu-instantani-sense-registre\/\" method=\"post\" enctype=\"multipart\/form-data\" onsubmit=\"return fbuilderjQuery.fbuilder.doValidate(this);\" class=\"cff-form no-prefetch  cff-form-3 cp_cff_decorative\"  data-nonce=\"cf89ca0eee\">\n<input type=\"hidden\" name=\"cp_calculatedfieldsf_pform_psequence\" value=\"_2\" \/>\n<input type=\"hidden\" name=\"cp_calculatedfieldsf_id\" value=\"3\" \/>\n<input type=\"hidden\" name=\"cp_ref_page\" value=\"https:\/\/reformasbarcelona.info\" \/>\n<pre style=\"display:none !important;\"><script data-category=\"functional\" type=\"text\/javascript\">form_structure_2=[[{\"form_identifier\":\"\",\"name\":\"fieldname6\",\"fieldlayout\":\"default\",\"shortlabel\":\"\",\"index\":0,\"ftype\":\"fradio\",\"userhelp\":\"\",\"audiotutorial\":\"\",\"userhelpTooltip\":false,\"tooltipIcon\":false,\"csslayout\":\"\",\"advanced\":{\"css\":{\"container\":{\"label\":\"Field container div tag\",\"rules\":{}},\"label\":{\"label\":\"Field label\",\"rules\":{}},\"help\":{\"label\":\"Instructions for users\",\"rules\":{}},\"choice\":{\"label\":\"Choice text\",\"rules\":{}}}},\"title\":\"Metros cuadrados de la Vivienda\",\"layout\":\"one_column\",\"required\":true,\"exclude\":false,\"readonly\":false,\"toSubmit\":\"text\",\"choiceSelected\":\"\",\"showDep\":false,\"untickAccepted\":true,\"onoff\":0,\"choices\":[\"50m2\",\"60m2\",\"70m2\",\"80m2\",\"90m2\",\"100m2\",\"120m2\"],\"choicesVal\":[\"1500\",\"2500\",\"3500\",\"4500\",\"5500\",\"7500\",\"9500\"],\"choicesDep\":[[],[],[],[],[],[],[]],\"fBuild\":{},\"parent\":\"\"},{\"form_identifier\":\"\",\"name\":\"fieldname7\",\"fieldlayout\":\"default\",\"shortlabel\":\"\",\"index\":1,\"ftype\":\"fdropdown\",\"userhelp\":\"\",\"audiotutorial\":\"\",\"userhelpTooltip\":false,\"tooltipIcon\":false,\"csslayout\":\"\",\"advanced\":{\"css\":{\"container\":{\"label\":\"Field container div tag\",\"rules\":{}},\"label\":{\"label\":\"Field label\",\"rules\":{}},\"input\":{\"label\":\"Input tag\",\"rules\":{}},\"help\":{\"label\":\"Instructions for users\",\"rules\":{}},\"dropdown\":{\"label\":\"Dropdown\",\"rules\":{}}}},\"title\":\"Cuartos de Ba\\u00f1o a Reformar\",\"size\":\"medium\",\"required\":true,\"exclude\":false,\"toSubmit\":\"text\",\"merge\":0,\"choiceSelected\":\"\",\"select2\":false,\"multiple\":false,\"first_choice\":false,\"first_choice_text\":\"\",\"vChoices\":1,\"showDep\":false,\"choices\":[\"No hace falta reformar el ba\\u00f1o\",\"1 Ba\\u00f1o\",\"2 Ba\\u00f1os\",\"3 Ba\\u00f1os\"],\"choicesVal\":[\"0\",\"4600\",\"9200\",\"1380\"],\"choicesDep\":[[],[],[],[]],\"fBuild\":{},\"parent\":\"\",\"optgroup\":[false,false,false,false]},{\"form_identifier\":\"\",\"name\":\"fieldname18\",\"fieldlayout\":\"default\",\"shortlabel\":\"\",\"index\":2,\"ftype\":\"fdropdown\",\"userhelp\":\"\",\"audiotutorial\":\"\",\"userhelpTooltip\":false,\"tooltipIcon\":false,\"csslayout\":\"\",\"advanced\":{\"css\":{\"container\":{\"label\":\"Field container div tag\",\"rules\":{}},\"label\":{\"label\":\"Field label\",\"rules\":{}},\"input\":{\"label\":\"Input tag\",\"rules\":{}},\"help\":{\"label\":\"Instructions for users\",\"rules\":{}},\"dropdown\":{\"label\":\"Dropdown\",\"rules\":{}}}},\"title\":\"Cocinas a reformar\",\"size\":\"medium\",\"required\":true,\"exclude\":false,\"toSubmit\":\"text\",\"merge\":0,\"choiceSelected\":\"\",\"select2\":false,\"multiple\":false,\"first_choice\":false,\"first_choice_text\":\"\",\"vChoices\":1,\"showDep\":false,\"choices\":[\"No hace falta reformar la cocina\",\"1 cocina\",\"2 cocinas\"],\"choicesVal\":[\"0\",\"10000\",\"20000\"],\"choicesDep\":[[],[],[]],\"fBuild\":{},\"parent\":\"\",\"optgroup\":[false,false,false]},{\"form_identifier\":\"\",\"name\":\"fieldname9\",\"fieldlayout\":\"default\",\"shortlabel\":\"\",\"index\":3,\"ftype\":\"fcheck\",\"userhelp\":\"\",\"audiotutorial\":\"\",\"userhelpTooltip\":false,\"tooltipIcon\":false,\"csslayout\":\"\",\"advanced\":{\"css\":{\"container\":{\"label\":\"Field container div tag\",\"rules\":{}},\"label\":{\"label\":\"Field label\",\"rules\":{}},\"input\":{\"label\":\"Input tag\",\"rules\":{}},\"help\":{\"label\":\"Instructions for users\",\"rules\":{}},\"choice\":{\"label\":\"Choice text\",\"rules\":{}}}},\"title\":\"Varios\",\"layout\":\"one_column\",\"required\":true,\"exclude\":false,\"readonly\":false,\"toSubmit\":\"text\",\"merge\":1,\"onoff\":0,\"max\":-1,\"min\":-1,\"maxError\":\"Check no more than {0} boxes\",\"minError\":\"Check at least {0} boxes\",\"showDep\":false,\"choices\":[\"Fontaner\\u00eda completa\",\"Electricidad completa\",\"Alisado paredes\",\"Pintura\"],\"choicesVal\":[\"1200\",\"4300\",\"2600\",\"1200\"],\"choiceSelected\":[false,false,false,false],\"choicesDep\":[[],[],[],[]],\"fBuild\":{},\"parent\":\"\"},{\"form_identifier\":\"\",\"name\":\"fieldname10\",\"fieldlayout\":\"default\",\"shortlabel\":\"\",\"index\":4,\"ftype\":\"fradio\",\"userhelp\":\"\",\"audiotutorial\":\"\",\"userhelpTooltip\":false,\"tooltipIcon\":false,\"csslayout\":\"\",\"advanced\":{\"css\":{\"container\":{\"label\":\"Field container div tag\",\"rules\":{}},\"label\":{\"label\":\"Field label\",\"rules\":{}},\"input\":{\"label\":\"Input tag\",\"rules\":{}},\"help\":{\"label\":\"Instructions for users\",\"rules\":{}},\"choice\":{\"label\":\"Choice text\",\"rules\":{}}}},\"title\":\"Calefacci\\u00f3n\",\"layout\":\"one_column\",\"required\":true,\"exclude\":false,\"readonly\":false,\"toSubmit\":\"text\",\"choiceSelected\":\"\",\"showDep\":false,\"untickAccepted\":true,\"onoff\":0,\"choices\":[\"No hace falta cambiar la calefacci\\u00f3n\",\"Calefacci\\u00f3n de gas natural con radiadores\",\"Calefacci\\u00f3n el\\u00e9ctrica radiadores calor azul\"],\"choicesVal\":[\"0\",\"4800\",\"1700\"],\"choicesDep\":[[],[],[]],\"fBuild\":{},\"parent\":\"\"},{\"form_identifier\":\"\",\"name\":\"fieldname11\",\"fieldlayout\":\"default\",\"shortlabel\":\"\",\"index\":5,\"ftype\":\"fradio\",\"userhelp\":\"\",\"audiotutorial\":\"\",\"userhelpTooltip\":false,\"tooltipIcon\":false,\"csslayout\":\"\",\"advanced\":{\"css\":{\"container\":{\"label\":\"Field container div tag\",\"rules\":{}},\"label\":{\"label\":\"Field label\",\"rules\":{}},\"input\":{\"label\":\"Input tag\",\"rules\":{}},\"help\":{\"label\":\"Instructions for users\",\"rules\":{}},\"choice\":{\"label\":\"Choice text\",\"rules\":{}}}},\"title\":\"Aire Acondicionado\",\"layout\":\"one_column\",\"required\":true,\"exclude\":false,\"readonly\":false,\"toSubmit\":\"text\",\"choiceSelected\":\" - \",\"showDep\":false,\"untickAccepted\":true,\"onoff\":0,\"choices\":[\"No hace falta aire acondicionado\",\"1 Split 3000 Fr.\",\"2 Splits 3000 Fr.\",\"1 Conductos 8000 Fr.\"],\"choicesVal\":[\"0\",\"1000\",\"1800\",\"5200\"],\"choicesDep\":[[],[],[],[]],\"fBuild\":{},\"parent\":\"\"},{\"form_identifier\":\"\",\"name\":\"fieldname12\",\"fieldlayout\":\"default\",\"shortlabel\":\"\",\"index\":6,\"ftype\":\"fdropdown\",\"userhelp\":\"\",\"audiotutorial\":\"\",\"userhelpTooltip\":false,\"tooltipIcon\":false,\"csslayout\":\"\",\"advanced\":{\"css\":{\"container\":{\"label\":\"Field container div tag\",\"rules\":{}},\"label\":{\"label\":\"Field label\",\"rules\":{}},\"input\":{\"label\":\"Input tag\",\"rules\":{}},\"help\":{\"label\":\"Instructions for users\",\"rules\":{}}}},\"title\":\"Puertas lisas lacadas en blanco , roble o haya de 70*204\",\"size\":\"medium\",\"required\":true,\"exclude\":false,\"toSubmit\":\"text\",\"merge\":0,\"choiceSelected\":\"\",\"select2\":false,\"multiple\":false,\"first_choice\":false,\"first_choice_text\":\"\",\"vChoices\":1,\"showDep\":false,\"choices\":[\"No hace falta cambiar las puertas\",\"1 puerta\",\"2 puertas\",\"3 puertas \",\"4 puertas\",\"5 puertas\",\"6 puertas\",\"7 puertas\",\"8 puertas\",\"9 puertas\",\"10 puertas\"],\"choicesVal\":[\"0\",\"400\",\"800\",\"1200\",\"1600\",\"2000\",\"2400\",\"2800\",\"3200\",\"3600\",\"4000\"],\"choicesDep\":[[],[],[],[],[],[],[],[],[],[],[]],\"fBuild\":{},\"parent\":\"\",\"optgroup\":[false,false,false,false,false,false,false,false,false,false,false]},{\"form_identifier\":\"\",\"name\":\"fieldname13\",\"fieldlayout\":\"default\",\"shortlabel\":\"\",\"index\":7,\"ftype\":\"fradio\",\"userhelp\":\"\",\"audiotutorial\":\"\",\"userhelpTooltip\":false,\"tooltipIcon\":false,\"csslayout\":\"\",\"advanced\":{\"css\":{\"container\":{\"label\":\"Field container div tag\",\"rules\":{}},\"label\":{\"label\":\"Field label\",\"rules\":{}},\"input\":{\"label\":\"Input tag\",\"rules\":{}},\"help\":{\"label\":\"Instructions for users\",\"rules\":{}},\"choice\":{\"label\":\"Choice text\",\"rules\":{}}}},\"title\":\"Puerta de entrada\",\"layout\":\"one_column\",\"required\":true,\"exclude\":false,\"readonly\":false,\"toSubmit\":\"text\",\"choiceSelected\":\"\",\"showDep\":false,\"untickAccepted\":true,\"onoff\":0,\"choices\":[\"No hace falta cambiarla\",\"Si hace falta cambiarla\"],\"choicesVal\":[\"0\",\"980\"],\"choicesDep\":[[],[]],\"fBuild\":{},\"parent\":\"\"},{\"form_identifier\":\"\",\"name\":\"fieldname17\",\"fieldlayout\":\"default\",\"shortlabel\":\"\",\"index\":8,\"ftype\":\"fdropdown\",\"userhelp\":\"\",\"audiotutorial\":\"\",\"userhelpTooltip\":false,\"tooltipIcon\":false,\"csslayout\":\"\",\"advanced\":{\"css\":{\"container\":{\"label\":\"Field container div tag\",\"rules\":{}},\"label\":{\"label\":\"Field label\",\"rules\":{}},\"input\":{\"label\":\"Input tag\",\"rules\":{}},\"help\":{\"label\":\"Instructions for users\",\"rules\":{}},\"dropdown\":{\"label\":\"Dropdown\",\"rules\":{}}}},\"title\":\"Suelo parquet laminado Quick Step\",\"size\":\"medium\",\"required\":true,\"exclude\":false,\"toSubmit\":\"text\",\"merge\":0,\"choiceSelected\":\"\",\"select2\":false,\"multiple\":false,\"first_choice\":false,\"first_choice_text\":\"\",\"vChoices\":1,\"showDep\":false,\"choices\":[\"No hace falta cambiar el parquet\",\"Quick Step Classic 8mm AC4\",\"Quick Step Classic 12mm AC5\"],\"choicesVal\":[\"0\",\"2400\",\"3250\"],\"choicesDep\":[[],[],[]],\"fBuild\":{},\"parent\":\"\",\"optgroup\":[false,false,false]},{\"form_identifier\":\"\",\"name\":\"fieldname15\",\"fieldlayout\":\"default\",\"shortlabel\":\"\",\"index\":9,\"ftype\":\"fcheck\",\"userhelp\":\"\",\"audiotutorial\":\"\",\"userhelpTooltip\":false,\"tooltipIcon\":false,\"csslayout\":\"\",\"advanced\":{\"css\":{\"container\":{\"label\":\"Field container div tag\",\"rules\":{}},\"label\":{\"label\":\"Field label\",\"rules\":{}},\"input\":{\"label\":\"Input tag\",\"rules\":{}},\"help\":{\"label\":\"Instructions for users\",\"rules\":{}},\"choice\":{\"label\":\"Choice text\",\"rules\":{}}}},\"title\":\"Carpinter\\u00eda exterior en aluminio blanco 4-12-4\",\"layout\":\"two_column\",\"required\":true,\"exclude\":false,\"readonly\":false,\"toSubmit\":\"text\",\"merge\":1,\"onoff\":0,\"max\":-1,\"min\":-1,\"maxError\":\"Check no more than {0} boxes\",\"minError\":\"Check at least {0} boxes\",\"showDep\":false,\"choices\":[\"No hace falta cambiar la carpinter\\u00eda exterior\",\"1 ventana\",\"2 ventanas\",\"3 ventanas\",\"4 ventanas\",\"5 ventanas\",\"6 ventanas\",\"1 puerta \",\"2 puertas\",\"1 balconera\",\"2 balconeras\",\"3 balconeras\",\"4 balconeras\"],\"choicesVal\":[\"0\",\"480\",\"960\",\"1440\",\"1920\",\"2400\",\"2880\",\"750\",\"1500\",\"950\",\"1800\",\"2850\",\"3600\"],\"choiceSelected\":[false,false,false,false,false,false,false,false,false,false,false,false,false],\"choicesDep\":[[],[],[],[],[],[],[],[],[],[],[],[],[]],\"fBuild\":{},\"parent\":\"\"},{\"dependencies\":[{\"rule\":\"\",\"complex\":false,\"fields\":[\"\"]}],\"form_identifier\":\"\",\"name\":\"fieldname16\",\"fieldlayout\":\"default\",\"shortlabel\":\"\",\"index\":10,\"ftype\":\"fCalculated\",\"userhelp\":\"\",\"audiotutorial\":\"\",\"userhelpTooltip\":false,\"tooltipIcon\":false,\"csslayout\":\"\",\"advanced\":{\"css\":{\"container\":{\"label\":\"Field container div tag\",\"rules\":{}},\"label\":{\"label\":\"Field label\",\"rules\":{}},\"input\":{\"label\":\"Input tag\",\"rules\":{}},\"help\":{\"label\":\"Instructions for users\",\"rules\":{}}}},\"title\":\"TOTAL PRECIO DE LA REFORMA \\u003Cbr \\\/\\u003EA ESTOS PRECIOS HAY QUE A\\u00d1ADIRLE EL 10% IVA\\u003Cbr \\\/\\u003EESTOS PRECIOS SON ORIENTATIVOS\",\"_developerNotes\":\"\",\"predefined\":\"\",\"required\":false,\"exclude\":false,\"size\":\"medium\",\"eq\":\"fieldname6+fieldname7+fieldname18+fieldname9+fieldname10+fieldname11+fieldname12+fieldname13+fieldname17+fieldname15\",\"min\":\"\",\"max\":\"\",\"suffix\":\"\",\"prefix\":\"\",\"decimalsymbol\":\".\",\"groupingsymbol\":\"\",\"readonly\":true,\"currency\":false,\"noEvalIfManual\":true,\"formatDynamically\":false,\"dynamicEval\":true,\"hidefield\":false,\"validate\":false,\"toolbar\":\"default|mathematical\",\"fBuild\":{},\"parent\":\"\"}],{\"0\":{\"title\":\"CALCULA EL COSTE DE LA REFORMA DE TU PISO:\",\"description\":\"Solo v\\u00e1lido para reformas de pisos en Barcelona, en los que no se modifica la distribuci\\u00f3n. \\nIntroduce los datos necesarios \",\"formlayout\":\"top_aligned\",\"formtemplate\":\"cp_cff_decorative\",\"evalequations\":1,\"autocomplete\":1,\"evalequationsevent\":2,\"loading_animation\":0,\"persistence\":0,\"animate_form\":0,\"customstyles\":\"\"},\"formid\":\"cp_calculatedfieldsf_pform_2\"}];<\/script><\/pre>\n<div id=\"fbuilder\">\n\t\t<div id=\"fbuilder_2\">\n\t\t<div id=\"formheader_2\"><\/div>\n\t\t<div id=\"fieldlist_2\"><\/div>\n\t\t<div class=\"clearer\"><\/div>\n\t<\/div>\n<\/div>\n\t<div id=\"cp_subbtn_2\" class=\"cp_subbtn\" style=\"display:none;\">Submit<\/div><div class=\"clearer\"><\/div>\n\t<input type=\"hidden\" id=\"_cpcff_public_nonce\" name=\"_cpcff_public_nonce\" value=\"4006a54065\" \/><input type=\"hidden\" name=\"_wp_http_referer\" value=\"\/ca\/wp-json\/wp\/v2\/pages\/12886\" \/><input type=\"hidden\" name=\"cff_form_start_time\" value=\"3WulCba\/uXbCBFXvXK2uZg==\"><\/form>\n\t\n<p>&nbsp;<\/p>\n<div class=\"otQkpb\" role=\"heading\" aria-level=\"3\" data-animation-nesting=\"\" data-sfc-cp=\"\" data-complete=\"true\" data-processed=\"true\" data-sae=\"\">\n<p><strong>Com interpretem el resultat del pressupost de la reforma del teu pis?<\/strong><\/p>\n<p>Obtenir un preu en l\u00ednia \u00e9s el primer pas per planificar la teva nova vida. Perqu\u00e8 aquesta estimaci\u00f3 sigui el m\u00e9s precisa possible, el nostre algorisme ha tingut en compte:<\/p>\n<ol>\n<li><strong>Costos Reals de Barcelona:<\/strong> No fem servir mitjanes nacionals. Els preus estan ajustats als prove\u00efdors i les tarifes actuals de la prov\u00edncia de Barcelona.<\/li>\n<li><strong>M\u00e0 d&#8217;Obra Professional:<\/strong> El c\u00e0lcul inclou personal propi qualificat, amb totes les assegurances i normatives de seguretat al dia.<\/li>\n<li><strong>Materials i Acabats:<\/strong> Des de les demolicions inicials fins als acabats de fusteria i pintura.<\/li>\n<li><strong>Gesti\u00f3 de Residus:<\/strong> Inclou la gesti\u00f3 responsable de runes segons la normativa municipal vigent<\/li>\n<\/ol>\n<ol>\n<li style=\"list-style-type: none;\">\n<div style=\"text-align: center; margin: 30px 0; padding: 25px; background-color: #f7f7f7; border-radius: 15px; border: 1px dashed #007bff;\">\n<p style=\"margin-bottom: 15px; font-size: 18px; color: #333; font-weight: bold;\">Ens dubtes sobre aquest pressupost autom\u00e0tic?<\/p>\n<p><a style=\"background-color: #007bff; color: #ffffff !important; padding: 15px 35px; border-radius: 50px; text-decoration: none; font-weight: bold; display: inline-block; font-size: 20px; box-shadow: 0 4px 12px rgba(0,123,255,0.3); border: none;\" href=\"https:\/\/api.whatsapp.com?\" target=\"_blank\" rel=\"noopener\">&#x1f4ac; <span style=\"color: #000000;\"><strong>Parlar amb un expert per WhatsApp<\/strong><\/span><br \/>\n<\/a><\/p>\n<p style=\"margin-top: 15px; font-size: 14px; color: #666;\">Atenci\u00f3 immediata pels nostres t\u00e8cnics de Barcelona<\/p>\n<\/div>\n<\/li>\n<\/ol>\n<p><strong>T&#8217;encaixen els n\u00fameros? Fa el seg\u00fcent pas.<\/strong><\/p>\n<p>Aquest pressupost t\u00e9 una <strong>precisi\u00f3 superior al 90%<\/strong>. Tot i aix\u00f2, cada habitatge a Barcelona t\u00e9 les seves particularitats (estat de les instal\u00b7lacions, estructura de la finca, etc.).<\/p>\n<p>Si el preu que has obtingut s&#8217;ajusta al que tenies al cap, el seg\u00fcent pas \u00e9s convertir-lo en un <strong>pressupost tancat per contracte.<\/strong><\/p>\n<\/div>\nngg_shortcode_1_placeholder\n<div style=\"clear: both; margin: 30px 0; text-align: center; width: 100%; display: block;\"><a style=\"display: inline-block; padding: 18px 35px; background-color: #007bff; color: #ffffff !important; text-decoration: none; font-family: Arial, sans-serif; font-weight: bold; border-radius: 50px; text-align: center; border: none; font-size: 18px; box-shadow: 0 4px 12px rgba(0,123,255,0.3);\" href=\"https:\/\/reformasbarcelona.info\/ca\/demana-pressupost\/\"><span style=\"color: #ffffff;\">Demana visita t\u00e8cnica gratu\u00efta<\/span><br \/>\n<\/a><\/div>\n<p><\/p>","protected":false},"excerpt":{"rendered":"<p>Quan costa reformar el teu pis? &#x1f3e0; Calcula el pressupost en 3 minuts amb preus <\/p>\n","protected":false},"author":2,"featured_media":76103,"parent":0,"menu_order":0,"comment_status":"closed","ping_status":"closed","template":"","meta":{"_seopress_robots_primary_cat":"","_seopress_titles_title":"Calculadora de Pressupost: Reforma el teu Pis a Barcelona (2026)","_seopress_titles_desc":"Quan costa reformar el teu pis a Barcelona? Fes servir la nostra calculadora en l\u00ednia i obt\u00e9 un pressupost detallat en nom\u00e9s 3 minuts. Sense comprom\u00eds i 100% gratis!","_seopress_robots_index":"","ngg_post_thumbnail":0,"_ayudawp_aiss_exclude":false,"footnotes":""},"class_list":["post-12886","page","type-page","status-publish","has-post-thumbnail"],"_links":{"self":[{"href":"https:\/\/reformasbarcelona.info\/ca\/wp-json\/wp\/v2\/pages\/12886","targetHints":{"allow":["GET"]}}],"collection":[{"href":"https:\/\/reformasbarcelona.info\/ca\/wp-json\/wp\/v2\/pages"}],"about":[{"href":"https:\/\/reformasbarcelona.info\/ca\/wp-json\/wp\/v2\/types\/page"}],"author":[{"embeddable":true,"href":"https:\/\/reformasbarcelona.info\/ca\/wp-json\/wp\/v2\/users\/2"}],"replies":[{"embeddable":true,"href":"https:\/\/reformasbarcelona.info\/ca\/wp-json\/wp\/v2\/comments?post=12886"}],"version-history":[{"count":1,"href":"https:\/\/reformasbarcelona.info\/ca\/wp-json\/wp\/v2\/pages\/12886\/revisions"}],"predecessor-version":[{"id":78329,"href":"https:\/\/reformasbarcelona.info\/ca\/wp-json\/wp\/v2\/pages\/12886\/revisions\/78329"}],"wp:featuredmedia":[{"embeddable":true,"href":"https:\/\/reformasbarcelona.info\/ca\/wp-json\/wp\/v2\/media\/76103"}],"wp:attachment":[{"href":"https:\/\/reformasbarcelona.info\/ca\/wp-json\/wp\/v2\/media?parent=12886"}],"curies":[{"name":"wp","href":"https:\/\/api.w.org\/{rel}","templated":true}]}}