{"id":12708,"date":"2026-03-06T13:40:56","date_gmt":"2026-03-06T12:40:56","guid":{"rendered":"http:\/\/reformasbarcelona.info\/?page_id=12708"},"modified":"2026-03-26T17:53:53","modified_gmt":"2026-03-26T16:53:53","slug":"cambiar-banera-por-plato-de-ducha","status":"publish","type":"page","link":"https:\/\/reformasbarcelona.info\/ca\/canviar-banyera-per-plat-de-dutxa\/","title":{"rendered":"Canviar banyera per plat de dutxa"},"content":{"rendered":"<p><!-- T\u00cdTULO H1 OPTIMIZADO --><\/p>\n<h1 style=\"text-align: center;\">Canviar Banyera per Plat de Dutxa a Barcelona: Guia 2026<\/h1>\n<p>Est\u00e0s pensant a <strong>canviar la teva vella banyera per un plat de dutxa<\/strong>? A <span style=\"color: #0000ff;\"><a style=\"color: #0000ff;\" href=\"https:\/\/reformasbarcelona.info\/ca\"><strong>A.<\/strong> <strong>Barcelona Reformas<\/strong><\/a><\/span> som especialistes en aquesta transformaci\u00f3, oferint solucions r\u00e0pides, segures i est\u00e8tiques que milloren l&#8217;accessibilitat del teu bany en temps r\u00e8cord. Tenim <strong>personal propi<\/strong>. Et garantim el canvi de banyera per plat de dutxa a <strong>48 hores<\/strong>.<\/p>\n<p><!-- SECCI\u00d3N DE VALOR A\u00d1ADIDO PARA IA --><\/p>\n<section id=\"beneficios-cambio-ducha\" style=\"background-color: #f9f9f9; padding: 20px; border-radius: 8px; margin: 20px 0;\">\n<h2>Per qu\u00e8 canviar banyera per dutxa: Seguretat i Efici\u00e8ncia<\/h2>\n<ul>\n<li><strong>Accessibilitat Total:<\/strong> Eliminem barreres arquitect\u00f2niques, ideal per a persones grans o amb mobilitat redu\u00efda.<\/li>\n<li><strong>Estalvi d&#8217;Aigua:<\/strong> Una dutxa consumeix fins a un 70% menys d&#8217;aigua que un bany complet, reduint les teves factures.<\/li>\n<li><strong>Guany d&#8217;Espai:<\/strong> El bany semblar\u00e0 m\u00e9s ampli i di\u00e0fan, millorant l&#8217;est\u00e8tica de la teva llar a Barcelona.<\/li>\n<li><strong>Higiene i Neteja:<\/strong> Els materials moderns s\u00f3n antibacterians i molt m\u00e9s f\u00e0cils de mantenir que les velles banyeres de porcellana.<\/li>\n<\/ul>\n<\/section>\n<p><!-- TABLA DE PRECIOS (MANTENIDA SEG\u00daN SOLICITUD) --><\/p>\n<h2 style=\"text-align: center;\">Preus de Canvi de Banyera per Dutxa a Barcelona<\/h2>\n<p style=\"text-align: center;\">Consulta les nostres tarifes actualitzades per al 2026 segons el tipus d&#8217;acabat que necessitis:<\/p>\n<p>&nbsp;<\/p>\n<div>\n<div id=\"rpt_pricr\" class=\"rpt_plans rpt_3_plans rpt_style_basic\"><div class=\" rpt_sm_description rpt_xxsm_price rpt_sm_features\"><div class=\"rpt_plan  rpt_plugin_f rpt_plan_0 rpt_recommended_plan \"><div style=\"text-align:center;\" class=\"rpt_title rpt_title_0\">Basic<img decoding=\"async\" style=\"height:30px !important; width:30px !important;\" class=\"rpt_recommended\" src=\"https:\/\/reformasbarcelona.info\/wp-content\/plugins\/dk-pricr-responsive-pricing-table\/inc\/img\/rpt_recommended.png\"\/><\/div><div class=\"rpt_head rpt_head_0\"><div class=\"rpt_price rpt_price_0\">1299\u20ac+IVA<\/div><div style=\"color:#1e73be;\" class=\"rpt_subtitle rpt_subtitle_0\">Canviar Banyera per plat de dutxa acr\u00edlic<\/div><div class=\"rpt_description rpt_description_0\">Per espais inferiors a 160 * 70cm<\/div><\/div><div class=\"rpt_features rpt_features_0\"><div style=\"color:black;\" class=\"rpt_feature rpt_feature_0-0\"><strong>Esta oferta incluye:<\/strong>\r<\/div><div style=\"color:black;\" class=\"rpt_feature rpt_feature_0-1\">Toma de medidas\r<\/div><div style=\"color:black;\" class=\"rpt_feature rpt_feature_0-2\">Protecci\u00f3n de pavimento y enseres con pl\u00e1sticos y\/o papel\r<\/div><div style=\"color:black;\" class=\"rpt_feature rpt_feature_0-3\">Desmontaje y retirada de la antigua ba\u00f1era y desescombro.\r<\/div><div style=\"color:black;\" class=\"rpt_feature rpt_feature_0-4\">Nivelar, enfoscar, macizar y arreglar los tramos de paredes que han quedado libres\r<\/div><div style=\"color:black;\" class=\"rpt_feature rpt_feature_0-5\">Suministro e instalaci\u00f3n plato de ducha acr\u00edlico antideslizante color blanco hasta  160*70cm. \r<\/div><div style=\"color:black;\" class=\"rpt_feature rpt_feature_0-6\"><a href=\"http:\/\/reformasbarcelona.info\/wp-content\/uploads\/2016\/10\/plato-de-ducha-acri%CC%81lico.jpg\">VER PLATO<\/a>\r<\/div><div style=\"color:black;\" class=\"rpt_feature rpt_feature_0-7\">Suministro e instalaci\u00f3n de azulejo en paredes (azulejado a elegir hasta 15\u20ac\/m2), hasta la altura de la ba\u00f1era, incluyendo la fijaci\u00f3n, agarre, rejuntado, sellado y acabado (hasta 3m2)\r<\/div><div style=\"color:black;\" class=\"rpt_feature rpt_feature_0-8\">Adaptaci\u00f3n del el sistema de entrada de agua actual a la nueva instalaci\u00f3n\r<\/div><div style=\"color:black;\" class=\"rpt_feature rpt_feature_0-9\">Adaptaci\u00f3n del el sistema de evacuaci\u00f3n de agua actual a la nueva instalaci\u00f3n\r<\/div><div style=\"color:black;\" class=\"rpt_feature rpt_feature_0-10\">Suministro e instalaci\u00f3n de v\u00e1lvula de desag\u00fce sanitaria y conexi\u00f3n a bote sif\u00f3nico con tubo flexible de PVC\r<\/div><div style=\"color:black;\" class=\"rpt_feature rpt_feature_0-11\">Suministro e instalaci\u00f3n monomando de ducha Grohe Eurosmart sin modificar la altura de las tomas de agua\r<\/div><div style=\"color:black;\" class=\"rpt_feature rpt_feature_0-12\"><a href=\"http:\/\/reformasbarcelona.info\/wp-content\/uploads\/2016\/10\/Monomando-de-ducha-Grohe-Eurosmart.jpg\">VER GRIFO<\/a>\r<\/div><div style=\"color:black;\" class=\"rpt_feature rpt_feature_0-13\">Suministro e instalaci\u00f3n barra de ducha Grohe Tempesta\r<\/div><div style=\"color:black;\" class=\"rpt_feature rpt_feature_0-14\"><a href=\"http:\/\/reformasbarcelona.info\/wp-content\/uploads\/2015\/02\/barra-ducha-grohe-tempesta.jpg\">VER BARRA<\/a>\r<\/div><div style=\"color:black;\" class=\"rpt_feature rpt_feature_0-15\">Suministro e instalaci\u00f3n mampara fija de vidrio securizado transparente hasta 100*195 cm \r<\/div><div style=\"color:black;\" class=\"rpt_feature rpt_feature_0-16\"><a href=\"http:\/\/reformasbarcelona.info\/wp-content\/uploads\/2016\/10\/Plato-de-ducha-por-ban%CC%83era.jpeg\">VER MAMPARA<\/a><\/div><\/div><a target=\"_self\" href=\"http:\/\/reformasbarcelona.info\/contacto\/\" style=\"background:#1e73be\" class=\"rpt_foot rpt_foot_0\">Demana pressupost gratu\u00eft<\/a><\/div><div class=\"rpt_plan  rpt_plugin_f rpt_plan_1 rpt_recommended_plan \"><div style=\"text-align:center;\" class=\"rpt_title rpt_title_1\">Superior<img decoding=\"async\" style=\"height:30px !important; width:30px !important;\" class=\"rpt_recommended\" src=\"https:\/\/reformasbarcelona.info\/wp-content\/plugins\/dk-pricr-responsive-pricing-table\/inc\/img\/rpt_recommended.png\"\/><\/div><div class=\"rpt_head rpt_head_1\"><div class=\"rpt_price rpt_price_1\">1599\u20ac+IVA<\/div><div style=\"color:#1e73be;\" class=\"rpt_subtitle rpt_subtitle_1\">Canviar Banyera per Plat de dutxa c\u00e0rrega mineral<\/div><div class=\"rpt_description rpt_description_1\">Per espais inferiors a 160 * 70cm<\/div><\/div><div class=\"rpt_features rpt_features_1\"><div style=\"color:black;\" class=\"rpt_feature rpt_feature_1-0\"><strong>Esta oferta incluye:<\/strong>\r<\/div><div style=\"color:black;\" class=\"rpt_feature rpt_feature_1-1\">Toma de medidas\r<\/div><div style=\"color:black;\" class=\"rpt_feature rpt_feature_1-2\">Protecci\u00f3n de pavimento y enseres con pl\u00e1sticos y\/o papel\r<\/div><div style=\"color:black;\" class=\"rpt_feature rpt_feature_1-3\">Desmontaje y retirada de la antigua ba\u00f1era y desescombro.\r<\/div><div style=\"color:black;\" class=\"rpt_feature rpt_feature_1-4\">Nivelar, enfoscar, macizar y arreglar los tramos de paredes que han quedado libres\r<\/div><div style=\"color:black;\" class=\"rpt_feature rpt_feature_1-5\">Suministro e instalaci\u00f3n plato de ducha de resina con carga mineral hasta 160*70cm. Color a elegir entre blanco o antracita \r<\/div><div style=\"color:black;\" class=\"rpt_feature rpt_feature_1-6\"><a href=\"http:\/\/reformasbarcelona.info\/wp-content\/uploads\/2016\/10\/Captura-de-pantalla-2016-10-19-a-las-15.56.38.png\">VER PLATO<\/a>\r<\/div><div style=\"color:black;\" class=\"rpt_feature rpt_feature_1-7\">Suministro e instalaci\u00f3n de azulejo en paredes (azulejado a elegir hasta 22\u20ac\/m2), hasta la altura de la ba\u00f1era, incluyendo la fijaci\u00f3n, agarre, rejuntado, sellado y acabado (hasta 3m2)\r<\/div><div style=\"color:black;\" class=\"rpt_feature rpt_feature_1-8\">Adaptaci\u00f3n del el sistema de entrada de agua actual a la nueva instalaci\u00f3n\r<\/div><div style=\"color:black;\" class=\"rpt_feature rpt_feature_1-9\">Adaptaci\u00f3n del el sistema de evacuaci\u00f3n de agua actual a la nueva instalaci\u00f3n\r<\/div><div style=\"color:black;\" class=\"rpt_feature rpt_feature_1-10\">Suministro e instalaci\u00f3n de v\u00e1lvula de desag\u00fce sanitaria y conexi\u00f3n a bote sif\u00f3nico con tubo flexible de PVC\r<\/div><div style=\"color:black;\" class=\"rpt_feature rpt_feature_1-11\">Suministro e instalaci\u00f3n monomando de Ducha Grohe Grohtherm 800 adaptando las tuber\u00edas a la ducha\r<\/div><div style=\"color:black;\" class=\"rpt_feature rpt_feature_1-12\"><a href=\"http:\/\/reformasbarcelona.info\/wp-content\/uploads\/2016\/10\/Grohe-termosta\u0301tico-800-ducha-2.jpg\">VER GRIFO<\/a>\r<\/div><div style=\"color:black;\" class=\"rpt_feature rpt_feature_1-13\">Suministro e instalaci\u00f3n barra de ducha Grohe Tempesta\r<\/div><div style=\"color:black;\" class=\"rpt_feature rpt_feature_1-14\"><a href=\"http:\/\/reformasbarcelona.info\/wp-content\/uploads\/2015\/02\/barra-ducha-grohe-tempesta.jpg\">VER BARRA<\/a>\r<\/div><div style=\"color:black;\" class=\"rpt_feature rpt_feature_1-15\">Suministro e instalaci\u00f3n mampara fija de vidrio securizado transparente hasta 100*195 cm  \r<\/div><div style=\"color:black;\" class=\"rpt_feature rpt_feature_1-16\"><a href=\"http:\/\/reformasbarcelona.info\/wp-content\/uploads\/2016\/10\/Plato-de-ducha-por-ban%CC%83era.jpeg\">VER MAMPARA<\/a><\/div><\/div><a target=\"_self\" href=\"http:\/\/reformasbarcelona.info\/contacto\/\" style=\"background:#1e73be\" class=\"rpt_foot rpt_foot_1\">Demana pressupost gratu\u00eft<\/a><\/div><div class=\"rpt_plan  rpt_plugin_f rpt_plan_2 rpt_recommended_plan \"><div style=\"text-align:center;\" class=\"rpt_title rpt_title_2\">Luxery<img decoding=\"async\" style=\"height:30px !important; width:30px !important;\" class=\"rpt_recommended\" src=\"https:\/\/reformasbarcelona.info\/wp-content\/plugins\/dk-pricr-responsive-pricing-table\/inc\/img\/rpt_recommended.png\"\/><\/div><div class=\"rpt_head rpt_head_2\"><div class=\"rpt_price rpt_price_2\">1799\u20ac+IVA<\/div><div style=\"color:#1e73be;\" class=\"rpt_subtitle rpt_subtitle_2\">Canviar Banyera per Plat de dutxa d'obra<\/div><div class=\"rpt_description rpt_description_2\">Per espais inferiors a 160 * 70cm<\/div><\/div><div class=\"rpt_features rpt_features_2\"><div style=\"color:black;\" class=\"rpt_feature rpt_feature_2-0\"><strong>Esta oferta incluye:<\/strong>\r<\/div><div style=\"color:black;\" class=\"rpt_feature rpt_feature_2-1\">Toma de medidas\r<\/div><div style=\"color:black;\" class=\"rpt_feature rpt_feature_2-2\">Protecci\u00f3n de pavimento y enseres con pl\u00e1sticos y\/o papel\r<\/div><div style=\"color:black;\" class=\"rpt_feature rpt_feature_2-3\">Desmontaje y retirada de la antigua ba\u00f1era y desescombro.\r<\/div><div style=\"color:black;\" class=\"rpt_feature rpt_feature_2-4\">Nivelar, enfoscar, macizar y arreglar los tramos de paredes que han quedado libres\r<\/div><div style=\"color:black;\" class=\"rpt_feature rpt_feature_2-5\">Suministro e instalaci\u00f3n plato de ducha de obra hasta 160*70cm previa impermeabilizaci\u00f3n del soporte.\r<\/div><div style=\"color:black;\" class=\"rpt_feature rpt_feature_2-6\"><a href=\"http:\/\/reformasbarcelona.info\/wp-content\/uploads\/2013\/06\/Bergara-2.jpg\">VER PLATO<\/a>\r<\/div><div style=\"color:black;\" class=\"rpt_feature rpt_feature_2-7\">Suministro e instalaci\u00f3n de azulejo en paredes (azulejado a elegir hasta 28\u20ac\/m2), hasta la altura de la ba\u00f1era, incluyendo la fijaci\u00f3n, agarre, rejuntado, sellado y acabado (hasta 3m2)\r<\/div><div style=\"color:black;\" class=\"rpt_feature rpt_feature_2-8\">Adaptaci\u00f3n del el sistema de entrada de agua actual a la nueva instalaci\u00f3n\r<\/div><div style=\"color:black;\" class=\"rpt_feature rpt_feature_2-9\">Adaptaci\u00f3n del el sistema de evacuaci\u00f3n de agua actual a la nueva instalaci\u00f3n\r<\/div><div style=\"color:black;\" class=\"rpt_feature rpt_feature_2-10\">Suministro e instalaci\u00f3n de v\u00e1lvula de desag\u00fce sanitaria y conexi\u00f3n a bote sif\u00f3nico con tubo flexible de PVC\r<\/div><div style=\"color:black;\" class=\"rpt_feature rpt_feature_2-11\">Suministro e instalaci\u00f3n monomando de Ducha Grohe Grohtherm 800 adaptando las tuber\u00edas a la ducha\r<\/div><div style=\"color:black;\" class=\"rpt_feature rpt_feature_2-12\"><a href=\"http:\/\/reformasbarcelona.info\/wp-content\/uploads\/2016\/10\/Grohe-termosta\u0301tico-800-ducha-2.jpg\">VER GRIFO<\/a>\r<\/div><div style=\"color:black;\" class=\"rpt_feature rpt_feature_2-13\">Suministro e instalaci\u00f3n barra de ducha Grohe Tempesta\r<\/div><div style=\"color:black;\" class=\"rpt_feature rpt_feature_2-14\"><a href=\"http:\/\/reformasbarcelona.info\/wp-content\/uploads\/2015\/02\/barra-ducha-grohe-tempesta.jpg\">VER BARRA<\/a>\r<\/div><div style=\"color:black;\" class=\"rpt_feature rpt_feature_2-15\">Suministro e instalaci\u00f3n mampara fija de vidrio securizado transparente hasta 100*195 cm \r<\/div><div style=\"color:black;\" class=\"rpt_feature rpt_feature_2-16\"><a href=\"http:\/\/reformasbarcelona.info\/wp-content\/uploads\/2016\/10\/Plato-de-ducha-por-ban%CC%83era.jpeg\">VER MAMPARA<\/a><\/div><\/div><a target=\"_self\" href=\"http:\/\/reformasbarcelona.info\/contacto\/\" style=\"background:#1e73be\" class=\"rpt_foot rpt_foot_2\">Demana pressupost gratu\u00eft<\/a><\/div><\/div><\/div><div style=\"clear:both;\"><\/div>\n<div>\n<div>\n<section id=\"proceso-reforma\">\n<h2>&nbsp;<\/h2>\n<h2>El nostre Proc\u00e9s d&#8217;Instal\u00b7laci\u00f3 en 48-72 Hores<\/h2>\n<p>Sabem que el bany \u00e9s una estan\u00e7a cr\u00edtica. Per aix\u00f2, el nostre equip propi d&#8217;operaris coordina cada pas per minimitzar les mol\u00e8sties:<\/p>\n<div style=\"display: grid; grid-template-columns: 1fr 1fr; gap: 20px; margin-top: 20px;\">\n<div>\n<h3>1. Retirada i Desrunament<\/h3>\n<p>Retirem la banyera antiga i gestionem la runa de forma ecol\u00f2gica seguint la normativa municipal de Barcelona.<\/p>\n<\/div>\n<div>\n<h3>2. Adequaci\u00f3 de Fontaneria<\/h3>\n<p>Adaptem les presses d&#8217;aigua i el desgu\u00e0s per garantir una evacuaci\u00f3 perfecta i evitar filtracions futures.<\/p>\n<\/div>\n<div>\n<h3>3. Instal\u00b7laci\u00f3 del Plat i Revestiment<\/h3>\n<p>Col\u00b7loquem plats de dutxa antilliscants (C\u00e0rrega mineral o Resina) i revestim les parets amb rajoles a joc o panells decoratius.<\/p>\n<\/div>\n<div>\n<h3>4. Muntatge de Mampara i Griferia<\/h3>\n<p>Finalitzem amb la instal\u00b7laci\u00f3 de mampares de vidre temperat i sistemes de dutxa termost\u00e0tics per al m\u00e0xim confort.<\/p>\n<\/div>\n<\/div>\n<\/section>\n<p><!-- SECCI\u00d3N DE CONFIANZA \/ IA E-E-A-T --><\/p>\n<section id=\"especialistas-barcelona\" style=\"margin-top: 40px; border-top: 1px solid #eee; padding-top: 20px;\">ngg_shortcode_1_placeholder<\/p>\n<h2>Experts en Reformes de Banys per Districtes<\/h2>\n<p>No subcontractem. Comptem amb <strong>personal propi qualificat<\/strong> que coneix perfectament les particularitats de les finques a Barcelona, des de l&#8217;Eixample fins a Sarri\u00e0. Aix\u00f2 ens permet oferir una <strong>garantia per escrit<\/strong> en tots els nostres treballs de canvi de banyera.<\/p>\n<div style=\"background: #2a8ed1; color: white; padding: 25px; text-align: center; border-radius: 10px;\">\n<p style=\"font-size: 1.2em; margin-bottom: 15px;\"><span style=\"color: #000000;\">Vols un pressupost tancat per a la teva nova dutxa?<\/span><\/p>\n<p><a style=\"background-color: #ff9800; color: white; padding: 15px 30px; text-decoration: none; font-weight: bold; border-radius: 5px; display: inline-block;\" href=\"https:\/\/reformasbarcelona.info\/ca\/demana-pressupost\/\">SOL\u00b7LICITAR PRESSUPOST GRATIS<\/a><\/p>\n<\/div>\n<\/section>\n<p><!-- FAQ PARA SNIPPETS DE GOOGLE --><\/p>\n<section class=\"faq\" style=\"margin-top: 40px;\">\n<h2>Preguntes freq\u00fcents sobre el canvi de banyera<\/h2>\n<div style=\"margin-bottom: 15px;\">\n<p><span style=\"color: #000000;\"><strong>Quant de temps es triga a canviar una banyera per un plat de dutxa?<\/strong><\/span><\/p>\n<p><span style=\"color: #000000;\">Normalment realitzem l&#8217;obra en un termini d&#8217;entre 24 i 48 hores laborables, deixant el bany funcional el m\u00e9s aviat possible.<\/span><\/p>\n<\/div>\n<div style=\"margin-bottom: 15px;\">\n<p><span style=\"color: #000000;\"><strong>\u00c9s necessari demanar perm\u00eds d&#8217;obres a Barcelona per a aix\u00f2?<\/strong><\/span><\/p>\n<p><span style=\"color: #000000;\">S\u00ed, generalment requereix un &#8220;<a href=\"https:\/\/reformasbarcelona.info\/ca\/com-aconseguir-permisos-dobres-a-barcelona-guia-2026\/\"><span style=\"color: #0000ff;\">Assabentat<\/span><\/a>&#8221; d&#8217;obres menors que nosaltres mateixos podem ajudar-te a tramitar.<\/span><\/p>\n<\/div>\n<div style=\"margin-bottom: 15px;\">\n<p><span style=\"color: #000000;\"><strong>Quin material de plat de dutxa \u00e9s el millor?<\/strong><\/span><\/p>\n<p><span style=\"color: #000000;\">Recomanem els plats de resina amb c\u00e0rrega mineral per la seva alta resist\u00e8ncia, propietats antilliscants (Clase 3) i disseny extrapl\u00e0.<\/span><\/p>\n<\/div>\n<\/section>\n<\/div>\n<\/div>\n<\/div>\n<p><\/p>","protected":false},"excerpt":{"rendered":"<p>Canviar Banyera per Plat de Dutxa a Barcelona: Guia 2026 Est\u00e0s pensant a canviar la <\/p>\n","protected":false},"author":2,"featured_media":1895,"parent":0,"menu_order":0,"comment_status":"closed","ping_status":"closed","template":"","meta":{"_seopress_robots_primary_cat":"","_seopress_titles_title":"Canviar Banyera per Plat de Dutxa a Barcelona | A 48h","_seopress_titles_desc":"Vols canviar la teva banyera per un plat de dutxa antilliscant? Especialistes a Barcelona amb instal\u00b7laci\u00f3 r\u00e0pida i sense obres molestes. Demana el teu pressupost tancat avui!","_seopress_robots_index":"","ngg_post_thumbnail":0,"_ayudawp_aiss_exclude":false,"footnotes":""},"class_list":["post-12708","page","type-page","status-publish","has-post-thumbnail"],"_links":{"self":[{"href":"https:\/\/reformasbarcelona.info\/ca\/wp-json\/wp\/v2\/pages\/12708","targetHints":{"allow":["GET"]}}],"collection":[{"href":"https:\/\/reformasbarcelona.info\/ca\/wp-json\/wp\/v2\/pages"}],"about":[{"href":"https:\/\/reformasbarcelona.info\/ca\/wp-json\/wp\/v2\/types\/page"}],"author":[{"embeddable":true,"href":"https:\/\/reformasbarcelona.info\/ca\/wp-json\/wp\/v2\/users\/2"}],"replies":[{"embeddable":true,"href":"https:\/\/reformasbarcelona.info\/ca\/wp-json\/wp\/v2\/comments?post=12708"}],"version-history":[{"count":1,"href":"https:\/\/reformasbarcelona.info\/ca\/wp-json\/wp\/v2\/pages\/12708\/revisions"}],"predecessor-version":[{"id":78814,"href":"https:\/\/reformasbarcelona.info\/ca\/wp-json\/wp\/v2\/pages\/12708\/revisions\/78814"}],"wp:featuredmedia":[{"embeddable":true,"href":"https:\/\/reformasbarcelona.info\/ca\/wp-json\/wp\/v2\/media\/1895"}],"wp:attachment":[{"href":"https:\/\/reformasbarcelona.info\/ca\/wp-json\/wp\/v2\/media?parent=12708"}],"curies":[{"name":"wp","href":"https:\/\/api.w.org\/{rel}","templated":true}]}}